{"id":9512,"date":"2021-01-19T10:42:03","date_gmt":"2021-01-19T10:42:03","guid":{"rendered":"http:\/\/spanishpanama.com\/?page_id=9512"},"modified":"2023-05-07T10:52:20","modified_gmt":"2023-05-07T10:52:20","slug":"salsa-dance-classes","status":"publish","type":"page","link":"https:\/\/spanishpanama.com\/es\/salsa-dance-classes\/","title":{"rendered":"CLASES DE BAILE SALSA"},"content":{"rendered":"<p>[vc_row css=&#8221;.vc_custom_1609240536829{margin-top: 25px !important;}&#8221;][vc_column width=&#8221;2\/3&#8243;][vc_column_text]Si se inscribe en cualquiera de los programas intensivos de espa\u00f1ol de Spanish Panama Language School (m\u00ednimo 20 horas por semana), est\u00e1 invitado a clases de salsa gratuitas cada semana. Estas clases de baile de salsa se llevan a cabo a pocas cuadras de Spanish Panama en nuestra escuela de baile asociada.<\/p>\n<p>Los talleres de danza tienen una duraci\u00f3n de hasta 3 horas. A veces, algunos de los participantes se re\u00fanen despu\u00e9s de la clase en uno de los bares de salsa locales para practicar m\u00e1s. Las clases suelen comenzar despu\u00e9s de las 6:30 pm. Las clases se llevan a cabo en espa\u00f1ol, por lo que es un buen momento para practicar todos los verbos de movimiento y frases verbales que aprendiste en tus clases de espa\u00f1ol, \u00a1as\u00ed como lo suficiente sobre el vocabulario en espa\u00f1ol de las partes del cuerpo!<\/p>\n<p>Algunos estudiantes deciden contratar clases particulares de salsa por su cuenta en otros d\u00edas y momentos de la semana. Estos se pueden arreglar en la escuela de baile.[\/vc_column_text][vc_row_inner][vc_column_inner width=&#8221;1\/3&#8243;][vc_column_text]<a class=\"dt-pswp-item\" href=\"http:\/\/spanishpanama.com\/wp-content\/uploads\/2021\/01\/Spanish-Panama-salsa.jpg\" data-dt-img-description=\"\" data-large_image_width=\"530\" data-large_image_height=\"640\"><img decoding=\"async\" class=\"aligncenter size-full wp-image-9529\" src=\"http:\/\/spanishpanama.com\/wp-content\/uploads\/2021\/01\/Spanish-Panama-salsa.jpg\" alt=\"\" width=\"530\" height=\"640\" srcset=\"https:\/\/spanishpanama.com\/wp-content\/uploads\/2021\/01\/Spanish-Panama-salsa.jpg 530w, https:\/\/spanishpanama.com\/wp-content\/uploads\/2021\/01\/Spanish-Panama-salsa-248x300.jpg 248w\" sizes=\"(max-width: 530px) 100vw, 530px\" \/><\/a>[\/vc_column_text][\/vc_column_inner][vc_column_inner width=&#8221;2\/3&#8243;][vc_column_text]Los programas populares de inmersi\u00f3n en espa\u00f1ol de Spanish Panama incluyen 4 o 6 horas de clases de espa\u00f1ol por d\u00eda. Estas pueden ser clases de espa\u00f1ol grupales, clases privadas de espa\u00f1ol o una mezcla de clases grupales de espa\u00f1ol y 1 a 1. Junto con la recogida en el aeropuerto en Tocumen PTY, las clases de salsa una vez a la semana y el recorrido por la ciudad est\u00e1n incluidos de forma gratuita.<\/p>\n<p>Tambi\u00e9n puede invitar a un nuevo amigo que est\u00e1 aprendiendo espa\u00f1ol o un amigo paname\u00f1o local a estas clases de salsa por solo $10.00 extra.<\/p>\n<p>\u00a1Divi\u00e9rtete aprendiendo salsa en la escuela de baile asociada de Spanish Panam\u00e1![\/vc_column_text][\/vc_column_inner][\/vc_row_inner][vc_row_inner][vc_column_inner][vc_column_text]<a class=\"dt-pswp-item\" href=\"http:\/\/spanishpanama.com\/wp-content\/uploads\/2021\/01\/salsa-at-Spanish-Panama.jpg\" data-dt-img-description=\"\" data-large_image_width=\"1200\" data-large_image_height=\"583\"><img decoding=\"async\" class=\"aligncenter size-full wp-image-9530\" src=\"http:\/\/spanishpanama.com\/wp-content\/uploads\/2021\/01\/salsa-at-Spanish-Panama.jpg\" alt=\"\" width=\"1200\" height=\"583\" srcset=\"https:\/\/spanishpanama.com\/wp-content\/uploads\/2021\/01\/salsa-at-Spanish-Panama.jpg 1200w, https:\/\/spanishpanama.com\/wp-content\/uploads\/2021\/01\/salsa-at-Spanish-Panama-300x146.jpg 300w, https:\/\/spanishpanama.com\/wp-content\/uploads\/2021\/01\/salsa-at-Spanish-Panama-1024x497.jpg 1024w, https:\/\/spanishpanama.com\/wp-content\/uploads\/2021\/01\/salsa-at-Spanish-Panama-768x373.jpg 768w\" sizes=\"(max-width: 1200px) 100vw, 1200px\" \/><\/a>[\/vc_column_text][\/vc_column_inner][\/vc_row_inner][\/vc_column][vc_column width=&#8221;1\/3&#8243;][vc_column_text]<a class=\"dt-pswp-item\" href=\"http:\/\/spanishpanama.com\/wp-content\/uploads\/2020\/12\/spanish-panama-salsa-dance.jpeg\" data-dt-img-description=\"\" data-large_image_width=\"622\" data-large_image_height=\"1280\"><img decoding=\"async\" class=\"aligncenter size-full wp-image-9528\" src=\"http:\/\/spanishpanama.com\/wp-content\/uploads\/2020\/12\/spanish-panama-salsa-dance.jpeg\" alt=\"\" width=\"622\" height=\"1280\" srcset=\"https:\/\/spanishpanama.com\/wp-content\/uploads\/2020\/12\/spanish-panama-salsa-dance.jpeg 622w, https:\/\/spanishpanama.com\/wp-content\/uploads\/2020\/12\/spanish-panama-salsa-dance-146x300.jpeg 146w, https:\/\/spanishpanama.com\/wp-content\/uploads\/2020\/12\/spanish-panama-salsa-dance-498x1024.jpeg 498w\" sizes=\"(max-width: 622px) 100vw, 622px\" \/><\/a>[\/vc_column_text][\/vc_column][\/vc_row]<\/p>\n","protected":false},"excerpt":{"rendered":"<p>[vc_row css=&rdquo;.vc_custom_1609240536829{margin-top: 25px !important;}&rdquo;][vc_column width=&rdquo;2\/3&Prime;][vc_column_text]Si se inscribe en cualquiera de los programas intensivos de espa&ntilde;ol de Spanish Panama Language School (m&iacute;nimo 20 horas por semana), est&aacute; invitado a clases de salsa gratuitas cada semana. Estas clases de baile de salsa se llevan a cabo a pocas cuadras de Spanish Panama en nuestra escuela de baile&hellip;<\/p>\n","protected":false},"author":1,"featured_media":0,"parent":0,"menu_order":0,"comment_status":"closed","ping_status":"closed","template":"","meta":[],"class_list":["post-9512","page","type-page","status-publish","hentry","description-off"],"yoast_head":"<!-- This site is optimized with the Yoast SEO plugin v27.4 - https:\/\/yoast.com\/product\/yoast-seo-wordpress\/ -->\n<title>Dale sabor a tu aprendizaje de idiomas con clases de salsa de cortes\u00eda | Escuela de Idiomas Spanish Panama<\/title>\n<meta name=\"description\" content=\"Aprende espa\u00f1ol y salsa al mismo tiempo con los programas intensivos de espa\u00f1ol de Spanish Panama Language School. Inscr\u00edbase en un m\u00ednimo de 20 horas por semana y reciba clases de salsa de cortes\u00eda cada semana. Es la manera perfecta de sumergirse en la cultura de Panam\u00e1 y agregar algo de ritmo a su viaje de aprendizaje de idiomas.\" \/>\n<meta name=\"robots\" content=\"index, follow, max-snippet:-1, max-image-preview:large, max-video-preview:-1\" \/>\n<link rel=\"canonical\" href=\"https:\/\/spanishpanama.com\/es\/salsa-dance-classes\/\" \/>\n<meta property=\"og:locale\" content=\"es_ES\" \/>\n<meta property=\"og:type\" content=\"article\" \/>\n<meta property=\"og:title\" content=\"Dale sabor a tu aprendizaje de idiomas con clases de salsa de cortes\u00eda | Escuela de Idiomas Spanish Panama\" \/>\n<meta property=\"og:description\" content=\"Aprende espa\u00f1ol y salsa al mismo tiempo con los programas intensivos de espa\u00f1ol de Spanish Panama Language School. Inscr\u00edbase en un m\u00ednimo de 20 horas por semana y reciba clases de salsa de cortes\u00eda cada semana. Es la manera perfecta de sumergirse en la cultura de Panam\u00e1 y agregar algo de ritmo a su viaje de aprendizaje de idiomas.\" \/>\n<meta property=\"og:url\" content=\"https:\/\/spanishpanama.com\/es\/salsa-dance-classes\/\" \/>\n<meta property=\"og:site_name\" content=\"Spanish Classes In Panama | Learn Spanish Abroad | Spanish Language Immersion Programs\" \/>\n<meta property=\"article:modified_time\" content=\"2023-05-07T10:52:20+00:00\" \/>\n<meta property=\"og:image\" content=\"http:\/\/spanishpanama.com\/wp-content\/uploads\/2021\/01\/Spanish-Panama-salsa.jpg\" \/>\n<meta name=\"twitter:card\" content=\"summary_large_image\" \/>\n<meta name=\"twitter:label1\" content=\"Tiempo de lectura\" \/>\n\t<meta name=\"twitter:data1\" content=\"2 minutos\" \/>\n<!-- \/ Yoast SEO plugin. -->","yoast_head_json":{"title":"Dale sabor a tu aprendizaje de idiomas con clases de salsa de cortes\u00eda | Escuela de Idiomas Spanish Panama","description":"Aprende espa\u00f1ol y salsa al mismo tiempo con los programas intensivos de espa\u00f1ol de Spanish Panama Language School. Inscr\u00edbase en un m\u00ednimo de 20 horas por semana y reciba clases de salsa de cortes\u00eda cada semana. Es la manera perfecta de sumergirse en la cultura de Panam\u00e1 y agregar algo de ritmo a su viaje de aprendizaje de idiomas.","robots":{"index":"index","follow":"follow","max-snippet":"max-snippet:-1","max-image-preview":"max-image-preview:large","max-video-preview":"max-video-preview:-1"},"canonical":"https:\/\/spanishpanama.com\/es\/salsa-dance-classes\/","og_locale":"es_ES","og_type":"article","og_title":"Dale sabor a tu aprendizaje de idiomas con clases de salsa de cortes\u00eda | Escuela de Idiomas Spanish Panama","og_description":"Aprende espa\u00f1ol y salsa al mismo tiempo con los programas intensivos de espa\u00f1ol de Spanish Panama Language School. Inscr\u00edbase en un m\u00ednimo de 20 horas por semana y reciba clases de salsa de cortes\u00eda cada semana. Es la manera perfecta de sumergirse en la cultura de Panam\u00e1 y agregar algo de ritmo a su viaje de aprendizaje de idiomas.","og_url":"https:\/\/spanishpanama.com\/es\/salsa-dance-classes\/","og_site_name":"Spanish Classes In Panama | Learn Spanish Abroad | Spanish Language Immersion Programs","article_modified_time":"2023-05-07T10:52:20+00:00","og_image":[{"url":"http:\/\/spanishpanama.com\/wp-content\/uploads\/2021\/01\/Spanish-Panama-salsa.jpg","type":"","width":"","height":""}],"twitter_card":"summary_large_image","twitter_misc":{"Tiempo de lectura":"2 minutos"},"schema":{"@context":"https:\/\/schema.org","@graph":[{"@type":"WebPage","@id":"https:\/\/spanishpanama.com\/es\/salsa-dance-classes\/","url":"https:\/\/spanishpanama.com\/es\/salsa-dance-classes\/","name":"Dale sabor a tu aprendizaje de idiomas con clases de salsa de cortes\u00eda | Escuela de Idiomas Spanish Panama","isPartOf":{"@id":"https:\/\/spanishpanama.com\/#website"},"primaryImageOfPage":{"@id":"https:\/\/spanishpanama.com\/es\/salsa-dance-classes\/#primaryimage"},"image":{"@id":"https:\/\/spanishpanama.com\/es\/salsa-dance-classes\/#primaryimage"},"thumbnailUrl":"http:\/\/spanishpanama.com\/wp-content\/uploads\/2021\/01\/Spanish-Panama-salsa.jpg","datePublished":"2021-01-19T10:42:03+00:00","dateModified":"2023-05-07T10:52:20+00:00","description":"Aprende espa\u00f1ol y salsa al mismo tiempo con los programas intensivos de espa\u00f1ol de Spanish Panama Language School. Inscr\u00edbase en un m\u00ednimo de 20 horas por semana y reciba clases de salsa de cortes\u00eda cada semana. Es la manera perfecta de sumergirse en la cultura de Panam\u00e1 y agregar algo de ritmo a su viaje de aprendizaje de idiomas.","breadcrumb":{"@id":"https:\/\/spanishpanama.com\/es\/salsa-dance-classes\/#breadcrumb"},"inLanguage":"es","potentialAction":[{"@type":"ReadAction","target":["https:\/\/spanishpanama.com\/es\/salsa-dance-classes\/"]}]},{"@type":"ImageObject","inLanguage":"es","@id":"https:\/\/spanishpanama.com\/es\/salsa-dance-classes\/#primaryimage","url":"http:\/\/spanishpanama.com\/wp-content\/uploads\/2021\/01\/Spanish-Panama-salsa.jpg","contentUrl":"http:\/\/spanishpanama.com\/wp-content\/uploads\/2021\/01\/Spanish-Panama-salsa.jpg"},{"@type":"BreadcrumbList","@id":"https:\/\/spanishpanama.com\/es\/salsa-dance-classes\/#breadcrumb","itemListElement":[{"@type":"ListItem","position":1,"name":"Home","item":"https:\/\/spanishpanama.com\/es\/"},{"@type":"ListItem","position":2,"name":"CLASES DE BAILE SALSA"}]},{"@type":"WebSite","@id":"https:\/\/spanishpanama.com\/#website","url":"https:\/\/spanishpanama.com\/","name":"Spanish Classes In Panama | Learn Spanish Abroad | Spanish Language Immersion Programs","description":"Spanish language school in Panama City, Republic of Panama","potentialAction":[{"@type":"SearchAction","target":{"@type":"EntryPoint","urlTemplate":"https:\/\/spanishpanama.com\/?s={search_term_string}"},"query-input":{"@type":"PropertyValueSpecification","valueRequired":true,"valueName":"search_term_string"}}],"inLanguage":"es"}]}},"_links":{"self":[{"href":"https:\/\/spanishpanama.com\/es\/wp-json\/wp\/v2\/pages\/9512","targetHints":{"allow":["GET"]}}],"collection":[{"href":"https:\/\/spanishpanama.com\/es\/wp-json\/wp\/v2\/pages"}],"about":[{"href":"https:\/\/spanishpanama.com\/es\/wp-json\/wp\/v2\/types\/page"}],"author":[{"embeddable":true,"href":"https:\/\/spanishpanama.com\/es\/wp-json\/wp\/v2\/users\/1"}],"replies":[{"embeddable":true,"href":"https:\/\/spanishpanama.com\/es\/wp-json\/wp\/v2\/comments?post=9512"}],"version-history":[{"count":3,"href":"https:\/\/spanishpanama.com\/es\/wp-json\/wp\/v2\/pages\/9512\/revisions"}],"predecessor-version":[{"id":10197,"href":"https:\/\/spanishpanama.com\/es\/wp-json\/wp\/v2\/pages\/9512\/revisions\/10197"}],"wp:attachment":[{"href":"https:\/\/spanishpanama.com\/es\/wp-json\/wp\/v2\/media?parent=9512"}],"curies":[{"name":"wp","href":"https:\/\/api.w.org\/{rel}","templated":true}]}}