{"id":9510,"date":"2021-01-19T10:41:07","date_gmt":"2021-01-19T10:41:07","guid":{"rendered":"http:\/\/spanishpanama.com\/?page_id=9510"},"modified":"2024-11-27T15:28:18","modified_gmt":"2024-11-27T15:28:18","slug":"private-spanish-classes","status":"publish","type":"page","link":"https:\/\/spanishpanama.com\/es\/private-spanish-classes\/","title":{"rendered":"CLASES PRIVADAS DE ESPA\u00d1OL"},"content":{"rendered":"<p>[vc_row full_width=&#8221;stretch_row&#8221; parallax=&#8221;content-moving&#8221; parallax_image=&#8221;5108&#8243; css=&#8221;.vc_custom_1607076669426{padding-top: 20% !important;padding-bottom: 20% !important;}&#8221;][vc_column css=&#8221;.vc_custom_1607076871417{border-top-width: 4px !important;border-right-width: 4px !important;border-bottom-width: 4px !important;border-left-width: 4px !important;padding-top: 35px !important;padding-right: 30px !important;padding-bottom: 20px !important;padding-left: 30px !important;background-color: #ffffff !important;border-left-color: #c11018 !important;border-left-style: solid !important;border-right-color: #c11018 !important;border-right-style: solid !important;border-top-color: #c11018 !important;border-top-style: solid !important;border-bottom-color: #c11018 !important;border-bottom-style: solid !important;}&#8221;][vc_column_text]<\/p>\n<h1 class=\"text-center\" style=\"text-align: center;\">CLASES PRIVADAS DE ESPA\u00d1OL<\/h1>\n<p>[\/vc_column_text][\/vc_column][\/vc_row][vc_row css=&#8221;.vc_custom_1607354897451{margin-top: 25px !important;}&#8221;][vc_column width=&#8221;1\/2&#8243;][vc_column_text]Clases de espa\u00f1ol privadas significa clases de espa\u00f1ol personalizadas &#8220;1 a 1&#8221;.<\/p>\n<p>Aprende espa\u00f1ol en Centroam\u00e9rica con un programa de espa\u00f1ol de <strong>50 horas de clases individuales de espa\u00f1ol por solo <\/strong><\/p>\n<p><strong>$890.00<\/strong>. (Se incluye material de estudio. Puede haber un cargo por material adicional dependiendo de sus necesidades de estudio personalizadas).<\/p>\n<p>Este precio tambi\u00e9n incluye a los mejores profesores de espa\u00f1ol en Panam\u00e1. Y los estudiantes disfrutan plenamente de los descansos para tomar caf\u00e9 y t\u00e9 sin fondo de cortes\u00eda en el \u00e1rea de terraza social de Spanish Panama Language School. La vista de la terraza domina la vida de la gente local en la mejor intersecci\u00f3n de V\u00eda Argentina debajo de Cabeza Einstein. Alentamos a que se hagan sus mejores esfuerzos para tener la mayor cantidad de conversaci\u00f3n en espa\u00f1ol posible con los otros maestros y estudiantes durante los descansos de 10 minutos que tiene dentro de cada hora de clases.<\/p>\n<p>Seguramente adelantar\u00e1s un nivel de espa\u00f1ol con este curso de espa\u00f1ol de 50 horas en Spanish Panama.<\/p>\n<p>Puedes hacer una versi\u00f3n m\u00e1s corta de este curso de espa\u00f1ol, de <strong>20 horas por $490.00.<\/strong><\/p>\n<div>Pregunta por nuestra residencia de estudiantes. Esto es para nuestros estudiantes de espa\u00f1ol que quieren una opci\u00f3n econ\u00f3mica, aloj\u00e1ndose con otros estudiantes de espa\u00f1ol. Este es el mejor barrio de Panam\u00e1 para aprender espa\u00f1ol.<\/div>\n<p>[\/vc_column_text][vc_column_text]La mayor\u00eda de los profesores tienen m\u00e1s de 10 a\u00f1os de experiencia en la ense\u00f1anza del espa\u00f1ol y t\u00edtulos universitarios para enriquecer tu aprendizaje de espa\u00f1ol \u201c1 a 1\u201d. Los salones de clases de espa\u00f1ol tienen A\/C, inal\u00e1mbrico, moderno, con la terraza social con caf\u00e9 y t\u00e9 de cortes\u00eda. Spanish Panama se encuentra a poca distancia a pie de los mejores hoteles y restaurantes de Panam\u00e1.<\/p>\n<p>Curso de espa\u00f1ol \u201c1 a 1\u201d en la ciudad de Panam\u00e1, Panam\u00e1 &#8211; clases privadas de espa\u00f1ol muy privadas y muy personalizadas. Excelente administraci\u00f3n y organizaci\u00f3n, y con una pol\u00edtica de cancelaci\u00f3n de 24 horas, y profesor de mejor calidad que se adapta a sus propias necesidades y objetivos de aprendizaje de espa\u00f1ol en Panam\u00e1, aprender\u00e1 espa\u00f1ol con confianza.[\/vc_column_text][\/vc_column][vc_column width=&#8221;1\/2&#8243;][vc_column_text]<img decoding=\"async\" class=\"aligncenter size-full wp-image-5260\" src=\"http:\/\/spanishpanama.com\/wp-content\/uploads\/2020\/12\/Private-Spanish-Classes.jpg\" alt=\"\" width=\"1024\" height=\"768\" srcset=\"https:\/\/spanishpanama.com\/wp-content\/uploads\/2020\/12\/Private-Spanish-Classes.jpg 1024w, https:\/\/spanishpanama.com\/wp-content\/uploads\/2020\/12\/Private-Spanish-Classes-300x225.jpg 300w, https:\/\/spanishpanama.com\/wp-content\/uploads\/2020\/12\/Private-Spanish-Classes-768x576.jpg 768w\" sizes=\"(max-width: 1024px) 100vw, 1024px\" \/>[\/vc_column_text][\/vc_column][\/vc_row][vc_row full_width=&#8221;stretch_row&#8221; css=&#8221;.vc_custom_1607353849284{margin-top: 20px !important;margin-bottom: 20px !important;padding-top: 30px !important;padding-bottom: 30px !important;background-color: #ab210a !important;}&#8221;][vc_column][vc_column_text]<\/p>\n<p style=\"text-align: justify;\"><span style=\"color: #ffffff;\"><strong>Spanish Panama ofrece un excelente programa de espa\u00f1ol \u201cuno a uno\u201d: 50 horas de UNO A UNO para niveles de espa\u00f1ol principiante, intermedio o avanzado. Estas clases privadas de espa\u00f1ol personalizadas se pueden llevar a cabo cuando y donde desee en la ciudad de Panam\u00e1, durante el per\u00edodo de tiempo que desee, por ejemplo: 2 meses, 3 meses, 6 meses, etc. Esta es una excelente manera de aprender espa\u00f1ol a su propio ritmo y de acuerdo a su apretada agenda.<\/strong><\/span><\/p>\n<p>[\/vc_column_text][\/vc_column][\/vc_row][vc_row][vc_column width=&#8221;1\/2&#8243;][vc_column_text]Si tiene que viajar por negocios o simplemente de gira por unos d\u00edas o una semana o incluso unos meses, no perder\u00e1 sus clases privadas de espa\u00f1ol. En este curso de espa\u00f1ol hay un m\u00e1ximo de 2 horas que se pueden tomar cada d\u00eda. Al comienzo de su primera clase de espa\u00f1ol en este programa de 50 horas, tiene hasta un a\u00f1o para usar sus clases antes de que expire.[\/vc_column_text][vc_column_text]Es muy conveniente tener sus clases privadas de espa\u00f1ol en su oficina, hotel o residencia en la ciudad de Panam\u00e1, Panam\u00e1. Hay un costo adicional por esto. Lisa y Robert (en la foto) dicen: &#8220;\u00a1Nuestro maestro es absolutamente fant\u00e1stico!&#8221;<\/p>\n<p>Puede llamarnos al tel\u00e9fono: (+507) 213-3121 WhatsApp +507 66243302 Correo electr\u00f3nico: <a href=\"mailto:info@spanishpanama.com\">info@spanishpanama.com<\/a>.<\/p>\n<p>O simplemente pase por la escuela en V\u00eda Argentina en El Cangrejo de lunes a viernes. Tenemos cursos de espa\u00f1ol por la noche, pero es mejor llegar antes de las 4:30 p.m. de lunes a viernes para registrarse.<\/p>\n<p>Si se hospeda en uno de los mejores hoteles de Panam\u00e1, es muy probable que estemos a solo unos minutos a pie de usted, as\u00ed que p\u00eddale a la recepcionista de su hotel que le indique el camino. Estamos muy cerca de Hotel SABA, Grand International, Novotel, Hotel Pr\u00edncipe, Torres de Alba, Hotel Las Vegas, Mil\u00e1n, Parador, Hotel Panam\u00e1, Marriot, \u00a1y muchos m\u00e1s![\/vc_column_text][\/vc_column][vc_column width=&#8221;1\/2&#8243;][vc_column_text]<\/p>\n<div id=\"attachment_5261\" style=\"width: 810px\" class=\"wp-caption aligncenter\"><img decoding=\"async\" aria-describedby=\"caption-attachment-5261\" class=\"wp-image-5261 size-full\" src=\"http:\/\/spanishpanama.com\/wp-content\/uploads\/2020\/12\/Private-Spanish-Classes-Panama-City.jpg\" alt=\"\" width=\"800\" height=\"600\" srcset=\"https:\/\/spanishpanama.com\/wp-content\/uploads\/2020\/12\/Private-Spanish-Classes-Panama-City.jpg 800w, https:\/\/spanishpanama.com\/wp-content\/uploads\/2020\/12\/Private-Spanish-Classes-Panama-City-300x225.jpg 300w, https:\/\/spanishpanama.com\/wp-content\/uploads\/2020\/12\/Private-Spanish-Classes-Panama-City-768x576.jpg 768w\" sizes=\"(max-width: 800px) 100vw, 800px\" \/><p id=\"caption-attachment-5261\" class=\"wp-caption-text\">Las clases privadas de espa\u00f1ol se pueden tomar como &#8220;2-1&#8221; o &#8220;1-1&#8221; en su oficina o residencia en la ciudad de Panam\u00e1 por un costo adicional.<\/p><\/div>\n<p>[\/vc_column_text][\/vc_column][\/vc_row][vc_row full_width=&#8221;stretch_row&#8221; css=&#8221;.vc_custom_1607518902455{margin-top: 30px !important;margin-bottom: 30px !important;padding-top: 25px !important;padding-bottom: 25px !important;background-color: #f2f2f2 !important;}&#8221;][vc_column width=&#8221;2\/3&#8243;][vc_column_text]<strong>Nota:<\/strong> Es solo en este programa de espa\u00f1ol Super Flex \u201c1 a 1\u201d de 50 HORAS, que usted puede cambiar su horario o cancelar una clase con un aviso m\u00ednimo de 24 horas sin que se le haga el cargo. Para evitar el cargo por una clase, debe enviarnos un correo electr\u00f3nico, as\u00ed como llamar a nuestra oficina (dejando un mensaje si no respondemos en el momento).<\/p>\n<p>Venga para su evaluaci\u00f3n privada de espa\u00f1ol antes de comenzar. Tambi\u00e9n puedes hacer la prueba de espa\u00f1ol en l\u00ednea desde el enlace arriba Evaluaciones de espa\u00f1ol. Y luego cont\u00e1ctenos para conocer las opciones de pago.<\/p>\n<p>Adem\u00e1s de ser la principal zona de hoteles y casinos en la ciudad de Panam\u00e1, este es tambi\u00e9n el mejor vecindario de Panam\u00e1, por lo que es posible que desee llegar temprano o quedarse m\u00e1s tarde y visitar las numerosas cafeter\u00edas, restaurantes, teatros, cines, pubs, parques del vecindario, vida nocturna, etc.<\/p>\n<p>Caf\u00e9 o t\u00e9 de cortes\u00eda sin l\u00edmite, est\u00e1 disponible en la terraza social de Spanish Panama con vista a la V\u00eda Argentina. Este es un gran lugar para conocer a otros expatriados que est\u00e1n aprendiendo espa\u00f1ol como usted.[\/vc_column_text][\/vc_column][vc_column width=&#8221;1\/3&#8243;][vc_column_text]<a href=\"http:\/\/spanishpanama.com\/wp-content\/uploads\/2021\/01\/maria-kim.jpg\"><img decoding=\"async\" class=\"aligncenter wp-image-8691 size-full\" src=\"http:\/\/spanishpanama.com\/wp-content\/uploads\/2021\/01\/maria-kim.jpg\" alt=\"\" width=\"982\" height=\"2118\" srcset=\"https:\/\/spanishpanama.com\/wp-content\/uploads\/2021\/01\/maria-kim.jpg 982w, https:\/\/spanishpanama.com\/wp-content\/uploads\/2021\/01\/maria-kim-139x300.jpg 139w, https:\/\/spanishpanama.com\/wp-content\/uploads\/2021\/01\/maria-kim-475x1024.jpg 475w, https:\/\/spanishpanama.com\/wp-content\/uploads\/2021\/01\/maria-kim-768x1656.jpg 768w, https:\/\/spanishpanama.com\/wp-content\/uploads\/2021\/01\/maria-kim-712x1536.jpg 712w, https:\/\/spanishpanama.com\/wp-content\/uploads\/2021\/01\/maria-kim-950x2048.jpg 950w\" sizes=\"(max-width: 982px) 100vw, 982px\" \/><\/a><\/p>\n<p>[\/vc_column_text][\/vc_column][\/vc_row][vc_row css=&#8221;.vc_custom_1607518554127{margin-top: 30px !important;}&#8221;][vc_column width=&#8221;1\/2&#8243;][vc_column_text]<\/p>\n<h2>APRENDA ESPA\u00d1OL EN LA CIUDAD DE PANAM\u00c1 Y AUMENTE SUS OPORTUNIDADES DE \u00c9XITO SOCIAL Y FINANCIERO.<\/h2>\n<p>Reg\u00edstrese utilizando nuestro formulario de inscripci\u00f3n<\/p>\n<p>WhatApp +507 66243302<\/p>\n<p>Tel\u00e9fono: (+507) 213-3121<\/p>\n<p>Correo electr\u00f3nico: <a href=\"mailto:info@spanishpanama.com\">info@spanishpanama.com<\/a><\/p>\n<p>O pase por la Spanish Panama, V\u00eda Argentina, Cangrejo[\/vc_column_text][\/vc_column][vc_column width=&#8221;1\/2&#8243;][vc_column_text]<a href=\"http:\/\/spanishpanama.com\/wp-content\/uploads\/2021\/01\/1-1-view.jpg\"><img decoding=\"async\" class=\"aligncenter wp-image-8690 size-full\" src=\"http:\/\/spanishpanama.com\/wp-content\/uploads\/2021\/01\/1-1-view.jpg\" alt=\"\" width=\"1280\" height=\"622\" srcset=\"https:\/\/spanishpanama.com\/wp-content\/uploads\/2021\/01\/1-1-view.jpg 1280w, https:\/\/spanishpanama.com\/wp-content\/uploads\/2021\/01\/1-1-view-300x146.jpg 300w, https:\/\/spanishpanama.com\/wp-content\/uploads\/2021\/01\/1-1-view-1024x498.jpg 1024w, https:\/\/spanishpanama.com\/wp-content\/uploads\/2021\/01\/1-1-view-768x373.jpg 768w\" sizes=\"(max-width: 1280px) 100vw, 1280px\" \/><\/a><\/p>\n<p>[\/vc_column_text][\/vc_column][\/vc_row]<\/p>\n","protected":false},"excerpt":{"rendered":"<p>[vc_row full_width=&rdquo;stretch_row&rdquo; parallax=&rdquo;content-moving&rdquo; parallax_image=&rdquo;5108&Prime; css=&rdquo;.vc_custom_1607076669426{padding-top: 20% !important;padding-bottom: 20% !important;}&rdquo;][vc_column css=&rdquo;.vc_custom_1607076871417{border-top-width: 4px !important;border-right-width: 4px !important;border-bottom-width: 4px !important;border-left-width: 4px !important;padding-top: 35px !important;padding-right: 30px !important;padding-bottom: 20px !important;padding-left: 30px !important;background-color: #ffffff !important;border-left-color: #c11018 !important;border-left-style: solid !important;border-right-color: #c11018 !important;border-right-style: solid !important;border-top-color: #c11018 !important;border-top-style: solid !important;border-bottom-color: #c11018 !important;border-bottom-style: solid !important;}&rdquo;][vc_column_text] CLASES PRIVADAS DE ESPA&Ntilde;OL [\/vc_column_text][\/vc_column][\/vc_row][vc_row css=&rdquo;.vc_custom_1607354897451{margin-top: 25px !important;}&rdquo;][vc_column width=&rdquo;1\/2&Prime;][vc_column_text]Clases de espa&ntilde;ol&hellip;<\/p>\n","protected":false},"author":1,"featured_media":0,"parent":0,"menu_order":0,"comment_status":"closed","ping_status":"closed","template":"","meta":[],"class_list":["post-9510","page","type-page","status-publish","hentry","description-off"],"yoast_head":"<!-- This site is optimized with the Yoast SEO plugin v27.4 - https:\/\/yoast.com\/product\/yoast-seo-wordpress\/ -->\n<title>Clases personalizadas de espa\u00f1ol 1 a 1 | Escuela de Idiomas Spanish Panama<\/title>\n<meta name=\"description\" content=\"Saca el m\u00e1ximo partido a tu aprendizaje de idiomas con nuestras clases particulares de espa\u00f1ol personalizadas. Nuestros maestros experimentados crear\u00e1n un plan de estudios personalizado para adaptarse a sus necesidades espec\u00edficas y estilo de aprendizaje. Reg\u00edstrese para clases individuales hoy.\" \/>\n<meta name=\"robots\" content=\"index, follow, max-snippet:-1, max-image-preview:large, max-video-preview:-1\" \/>\n<link rel=\"canonical\" href=\"https:\/\/spanishpanama.com\/es\/private-spanish-classes\/\" \/>\n<meta property=\"og:locale\" content=\"es_ES\" \/>\n<meta property=\"og:type\" content=\"article\" \/>\n<meta property=\"og:title\" content=\"Clases personalizadas de espa\u00f1ol 1 a 1 | Escuela de Idiomas Spanish Panama\" \/>\n<meta property=\"og:description\" content=\"Saca el m\u00e1ximo partido a tu aprendizaje de idiomas con nuestras clases particulares de espa\u00f1ol personalizadas. Nuestros maestros experimentados crear\u00e1n un plan de estudios personalizado para adaptarse a sus necesidades espec\u00edficas y estilo de aprendizaje. Reg\u00edstrese para clases individuales hoy.\" \/>\n<meta property=\"og:url\" content=\"https:\/\/spanishpanama.com\/es\/private-spanish-classes\/\" \/>\n<meta property=\"og:site_name\" content=\"Spanish Classes In Panama | Learn Spanish Abroad | Spanish Language Immersion Programs\" \/>\n<meta property=\"article:modified_time\" content=\"2024-11-27T15:28:18+00:00\" \/>\n<meta property=\"og:image\" content=\"http:\/\/spanishpanama.com\/wp-content\/uploads\/2020\/12\/Private-Spanish-Classes.jpg\" \/>\n<meta name=\"twitter:card\" content=\"summary_large_image\" \/>\n<meta name=\"twitter:label1\" content=\"Tiempo de lectura\" \/>\n\t<meta name=\"twitter:data1\" content=\"6 minutos\" \/>\n<!-- \/ Yoast SEO plugin. -->","yoast_head_json":{"title":"Clases personalizadas de espa\u00f1ol 1 a 1 | Escuela de Idiomas Spanish Panama","description":"Saca el m\u00e1ximo partido a tu aprendizaje de idiomas con nuestras clases particulares de espa\u00f1ol personalizadas. Nuestros maestros experimentados crear\u00e1n un plan de estudios personalizado para adaptarse a sus necesidades espec\u00edficas y estilo de aprendizaje. Reg\u00edstrese para clases individuales hoy.","robots":{"index":"index","follow":"follow","max-snippet":"max-snippet:-1","max-image-preview":"max-image-preview:large","max-video-preview":"max-video-preview:-1"},"canonical":"https:\/\/spanishpanama.com\/es\/private-spanish-classes\/","og_locale":"es_ES","og_type":"article","og_title":"Clases personalizadas de espa\u00f1ol 1 a 1 | Escuela de Idiomas Spanish Panama","og_description":"Saca el m\u00e1ximo partido a tu aprendizaje de idiomas con nuestras clases particulares de espa\u00f1ol personalizadas. Nuestros maestros experimentados crear\u00e1n un plan de estudios personalizado para adaptarse a sus necesidades espec\u00edficas y estilo de aprendizaje. Reg\u00edstrese para clases individuales hoy.","og_url":"https:\/\/spanishpanama.com\/es\/private-spanish-classes\/","og_site_name":"Spanish Classes In Panama | Learn Spanish Abroad | Spanish Language Immersion Programs","article_modified_time":"2024-11-27T15:28:18+00:00","og_image":[{"url":"http:\/\/spanishpanama.com\/wp-content\/uploads\/2020\/12\/Private-Spanish-Classes.jpg","type":"","width":"","height":""}],"twitter_card":"summary_large_image","twitter_misc":{"Tiempo de lectura":"6 minutos"},"schema":{"@context":"https:\/\/schema.org","@graph":[{"@type":"WebPage","@id":"https:\/\/spanishpanama.com\/es\/private-spanish-classes\/","url":"https:\/\/spanishpanama.com\/es\/private-spanish-classes\/","name":"Clases personalizadas de espa\u00f1ol 1 a 1 | Escuela de Idiomas Spanish Panama","isPartOf":{"@id":"https:\/\/spanishpanama.com\/#website"},"primaryImageOfPage":{"@id":"https:\/\/spanishpanama.com\/es\/private-spanish-classes\/#primaryimage"},"image":{"@id":"https:\/\/spanishpanama.com\/es\/private-spanish-classes\/#primaryimage"},"thumbnailUrl":"http:\/\/spanishpanama.com\/wp-content\/uploads\/2020\/12\/Private-Spanish-Classes.jpg","datePublished":"2021-01-19T10:41:07+00:00","dateModified":"2024-11-27T15:28:18+00:00","description":"Saca el m\u00e1ximo partido a tu aprendizaje de idiomas con nuestras clases particulares de espa\u00f1ol personalizadas. Nuestros maestros experimentados crear\u00e1n un plan de estudios personalizado para adaptarse a sus necesidades espec\u00edficas y estilo de aprendizaje. Reg\u00edstrese para clases individuales hoy.","breadcrumb":{"@id":"https:\/\/spanishpanama.com\/es\/private-spanish-classes\/#breadcrumb"},"inLanguage":"es","potentialAction":[{"@type":"ReadAction","target":["https:\/\/spanishpanama.com\/es\/private-spanish-classes\/"]}]},{"@type":"ImageObject","inLanguage":"es","@id":"https:\/\/spanishpanama.com\/es\/private-spanish-classes\/#primaryimage","url":"http:\/\/spanishpanama.com\/wp-content\/uploads\/2020\/12\/Private-Spanish-Classes.jpg","contentUrl":"http:\/\/spanishpanama.com\/wp-content\/uploads\/2020\/12\/Private-Spanish-Classes.jpg"},{"@type":"BreadcrumbList","@id":"https:\/\/spanishpanama.com\/es\/private-spanish-classes\/#breadcrumb","itemListElement":[{"@type":"ListItem","position":1,"name":"Home","item":"https:\/\/spanishpanama.com\/es\/"},{"@type":"ListItem","position":2,"name":"CLASES PRIVADAS DE ESPA\u00d1OL"}]},{"@type":"WebSite","@id":"https:\/\/spanishpanama.com\/#website","url":"https:\/\/spanishpanama.com\/","name":"Spanish Classes In Panama | Learn Spanish Abroad | Spanish Language Immersion Programs","description":"Spanish language school in Panama City, Republic of Panama","potentialAction":[{"@type":"SearchAction","target":{"@type":"EntryPoint","urlTemplate":"https:\/\/spanishpanama.com\/?s={search_term_string}"},"query-input":{"@type":"PropertyValueSpecification","valueRequired":true,"valueName":"search_term_string"}}],"inLanguage":"es"}]}},"_links":{"self":[{"href":"https:\/\/spanishpanama.com\/es\/wp-json\/wp\/v2\/pages\/9510","targetHints":{"allow":["GET"]}}],"collection":[{"href":"https:\/\/spanishpanama.com\/es\/wp-json\/wp\/v2\/pages"}],"about":[{"href":"https:\/\/spanishpanama.com\/es\/wp-json\/wp\/v2\/types\/page"}],"author":[{"embeddable":true,"href":"https:\/\/spanishpanama.com\/es\/wp-json\/wp\/v2\/users\/1"}],"replies":[{"embeddable":true,"href":"https:\/\/spanishpanama.com\/es\/wp-json\/wp\/v2\/comments?post=9510"}],"version-history":[{"count":7,"href":"https:\/\/spanishpanama.com\/es\/wp-json\/wp\/v2\/pages\/9510\/revisions"}],"predecessor-version":[{"id":10952,"href":"https:\/\/spanishpanama.com\/es\/wp-json\/wp\/v2\/pages\/9510\/revisions\/10952"}],"wp:attachment":[{"href":"https:\/\/spanishpanama.com\/es\/wp-json\/wp\/v2\/media?parent=9510"}],"curies":[{"name":"wp","href":"https:\/\/api.w.org\/{rel}","templated":true}]}}