{"id":9418,"date":"2021-01-19T10:38:04","date_gmt":"2021-01-19T10:38:04","guid":{"rendered":"http:\/\/spanishpanama.com\/?page_id=9418"},"modified":"2023-05-07T10:40:35","modified_gmt":"2023-05-07T10:40:35","slug":"panamas-best-neighborhood","status":"publish","type":"page","link":"https:\/\/spanishpanama.com\/es\/panamas-best-street\/panamas-best-neighborhood\/","title":{"rendered":"EL MEJOR VECINDARIO DE PANAM\u00c1"},"content":{"rendered":"<p>[vc_row full_width=&#8221;stretch_row&#8221; parallax=&#8221;content-moving&#8221; parallax_image=&#8221;5108&#8243; css=&#8221;.vc_custom_1607076669426{padding-top: 20% !important;padding-bottom: 20% !important;}&#8221;][vc_column css=&#8221;.vc_custom_1607076871417{border-top-width: 4px !important;border-right-width: 4px !important;border-bottom-width: 4px !important;border-left-width: 4px !important;padding-top: 35px !important;padding-right: 30px !important;padding-bottom: 20px !important;padding-left: 30px !important;background-color: #ffffff !important;border-left-color: #c11018 !important;border-left-style: solid !important;border-right-color: #c11018 !important;border-right-style: solid !important;border-top-color: #c11018 !important;border-top-style: solid !important;border-bottom-color: #c11018 !important;border-bottom-style: solid !important;}&#8221;][vc_column_text]<\/p>\n<h1 class=\"text-center\" style=\"text-align: center;\"><span lang=\"EN-US\">EL MEJOR VECINDARIO DE PANAM\u00c1<\/span><\/h1>\n<p>[\/vc_column_text][\/vc_column][\/vc_row][vc_row][vc_column width=&#8221;1\/2&#8243;][vc_column_text]<\/p>\n<h2>EL CANGREJO ES EL MEJOR VECINDARIO DE LA CIUDAD DE PANAM\u00c1.<\/h2>\n<p>\u00a1El Cangrejo significa \u201cEl Cangrejo\u201d! Descubrir\u00e1s por qu\u00e9.<\/p>\n<p>Spanish Panama Language School est\u00e1 ubicada justo en el coraz\u00f3n de El Cangrejo, que cubre aproximadamente 4 cuadras alrededor de la escuela en todos los lados, y que la mayor\u00eda de los expatriados en Panam\u00e1 consideran el mejor vecindario de la ciudad por su comodidad y por los 100 restaurantes internacionales y locales y cafeter\u00edas.<\/p>\n<p>Este es tambi\u00e9n el principal distrito hotelero y de vida nocturna. Hay alrededor de 30 hoteles a pocas cuadras de Spanish Panama, una fant\u00e1stica selecci\u00f3n para estad\u00edas de estudiantes a corto plazo (una semana) o largo plazo.<\/p>\n<p>El nuevo sistema de metro-subterr\u00e1neo tiene 2 de las paradas m\u00e1s importantes de El Cangrejo y los estudiantes de Spanish Panama pueden bajarse en cualquiera de ellas y caminar unas cuadras para las clases.[\/vc_column_text][\/vc_column][vc_column width=&#8221;1\/2&#8243;][vc_column_text]<\/p>\n<div id=\"attachment_8639\" style=\"width: 1290px\" class=\"wp-caption aligncenter\"><a class=\"dt-pswp-item\" href=\"http:\/\/spanishpanama.com\/wp-content\/uploads\/2021\/01\/El-Cangrejo.jpeg\" data-dt-img-description=\"El Cangrejo...El Rey supermarket (24-7), V\u00eda Espa\u00f1a on the way to V\u00eda Argentina.\" data-large_image_width=\"1280\" data-large_image_height=\"576\"><img decoding=\"async\" aria-describedby=\"caption-attachment-8639\" class=\"size-full wp-image-8639\" src=\"http:\/\/spanishpanama.com\/wp-content\/uploads\/2021\/01\/El-Cangrejo.jpeg\" alt=\"\" width=\"1280\" height=\"576\" srcset=\"https:\/\/spanishpanama.com\/wp-content\/uploads\/2021\/01\/El-Cangrejo.jpeg 1280w, https:\/\/spanishpanama.com\/wp-content\/uploads\/2021\/01\/El-Cangrejo-300x135.jpeg 300w, https:\/\/spanishpanama.com\/wp-content\/uploads\/2021\/01\/El-Cangrejo-1024x461.jpeg 1024w, https:\/\/spanishpanama.com\/wp-content\/uploads\/2021\/01\/El-Cangrejo-768x346.jpeg 768w\" sizes=\"(max-width: 1280px) 100vw, 1280px\" \/><\/a><p id=\"caption-attachment-8639\" class=\"wp-caption-text\">El Cangrejo&#8230;<br \/>El Rey supermarket (24-7), V\u00eda Espa\u00f1a on the way to V\u00eda Argentina.<\/p><\/div>\n<p>[\/vc_column_text][\/vc_column][\/vc_row][vc_row css=&#8221;.vc_custom_1610107405241{margin-top: 30px !important;margin-bottom: 30px !important;}&#8221;][vc_column width=&#8221;1\/2&#8243;][vc_column_text]<\/p>\n<div id=\"attachment_8641\" style=\"width: 1290px\" class=\"wp-caption aligncenter\"><a class=\"dt-pswp-item\" href=\"http:\/\/spanishpanama.com\/wp-content\/uploads\/2021\/01\/Artisana-cafe-just-3-blocks-from-Spanish-Panama-Language-School.-Students-love-this-hidden-neighborhood-gem..jpeg\" data-dt-img-description=\"Artisana caf\u00e9, just 3 blocks from Spanish Panama Language School. Students love this hidden neighborhood gem.\" data-large_image_width=\"1280\" data-large_image_height=\"576\"><img decoding=\"async\" aria-describedby=\"caption-attachment-8641\" class=\"size-full wp-image-8641\" src=\"http:\/\/spanishpanama.com\/wp-content\/uploads\/2021\/01\/Artisana-cafe-just-3-blocks-from-Spanish-Panama-Language-School.-Students-love-this-hidden-neighborhood-gem..jpeg\" alt=\"\" width=\"1280\" height=\"576\" srcset=\"https:\/\/spanishpanama.com\/wp-content\/uploads\/2021\/01\/Artisana-cafe-just-3-blocks-from-Spanish-Panama-Language-School.-Students-love-this-hidden-neighborhood-gem..jpeg 1280w, https:\/\/spanishpanama.com\/wp-content\/uploads\/2021\/01\/Artisana-cafe-just-3-blocks-from-Spanish-Panama-Language-School.-Students-love-this-hidden-neighborhood-gem.-300x135.jpeg 300w, https:\/\/spanishpanama.com\/wp-content\/uploads\/2021\/01\/Artisana-cafe-just-3-blocks-from-Spanish-Panama-Language-School.-Students-love-this-hidden-neighborhood-gem.-1024x461.jpeg 1024w, https:\/\/spanishpanama.com\/wp-content\/uploads\/2021\/01\/Artisana-cafe-just-3-blocks-from-Spanish-Panama-Language-School.-Students-love-this-hidden-neighborhood-gem.-768x346.jpeg 768w\" sizes=\"(max-width: 1280px) 100vw, 1280px\" \/><\/a><p id=\"caption-attachment-8641\" class=\"wp-caption-text\">Artisana caf\u00e9, just 3 blocks from Spanish Panama Language School. Students love this hidden neighborhood gem.<\/p><\/div>\n<p>[\/vc_column_text][\/vc_column][vc_column width=&#8221;1\/2&#8243;][vc_column_text]UBER y CABIFY tambi\u00e9n est\u00e1n disponibles aqu\u00ed y solo puede costar $ 2 a $ 3 d\u00f3lares para ir y volver de las clases de espa\u00f1ol desde las principales ubicaciones.<\/p>\n<p>Adem\u00e1s de la parada del Metro V\u00eda Argentina, la otra parada del tren urbano se llama El Carmen Church, o \u201cIglesia del Carmen\u201d en espa\u00f1ol, y se encuentra entre la hermosa iglesia de El Carmen en V\u00eda Espa\u00f1a y la comida r\u00e1pida McDonald\u00b4s en la misma calle. Desde la estaci\u00f3n de El Carmen, la escuela de idiomas Spanish Panama Language School se encuentra a la distancia de un agradable paseo de 15 minutos y, en el camino, tambi\u00e9n pasar\u00e1 por muchos de los mejores restaurantes y hoteles de Panam\u00e1.<\/p>\n<p>Siga preguntando, o mostrando su hoja de papel si no habla espa\u00f1ol, por &#8220;V\u00eda Argentina&#8221; en la esquina de &#8220;Cabeza Einstein&#8221;, ya que todos los lugare\u00f1os saben que nuestra ubicaci\u00f3n es la mejor calle e intersecci\u00f3n de Panam\u00e1.[\/vc_column_text][\/vc_column][\/vc_row][vc_row][vc_column width=&#8221;1\/2&#8243;][vc_column_text]Los directores de la escuela canadiense y paname\u00f1a han vivido en El Cangrejo durante 20 a\u00f1os y nunca vivir\u00edan en ning\u00fan otro lugar de Panam\u00e1.<\/p>\n<p>&nbsp;<\/p>\n<p>Este es el mejor lugar para que personas de todo el mundo vivan en Panam\u00e1 y tengan la experiencia de aprendizaje de espa\u00f1ol m\u00e1s exitosa.<\/p>\n<p>&nbsp;<\/p>\n<p>El Cangrejo, adem\u00e1s de restaurantes gourmet y m\u00faltiples caf\u00e9s y panader\u00edas, cuenta con numerosas agencias inmobiliarias, alquileres de apartamentos, agencias de viajes, compa\u00f1\u00edas telef\u00f3nicas, talleres de reparaci\u00f3n de computadoras port\u00e1tiles y celulares, alquiler de autos, caf\u00e9s de Internet, hoteles locales y boutique, hostales y casinos.<\/p>\n<p>&nbsp;<\/p>\n<p>Algunos buenos lugares para mencionar son el bar de sushi junto al lobby del Hotel Pr\u00edncipe, as\u00ed como el restaurante vietnamita que se encuentra justo al lado, al otro lado de la calle del gimnasio Power Club. Estos lugares est\u00e1n a menos de 2 cuadras de Spanish Panama, bajando a media cuadra del Banco General en V\u00eda Argentina. Tambi\u00e9n est\u00e1 el asador argentino y el restaurante peruano Macchu Pichu justo al lado, frente al Hotel Parador y el Hotel Mil\u00e1n.[\/vc_column_text][\/vc_column][vc_column width=&#8221;1\/2&#8243;][vc_column_text]<\/p>\n<div id=\"attachment_8640\" style=\"width: 910px\" class=\"wp-caption aligncenter\"><a class=\"dt-pswp-item\" href=\"http:\/\/spanishpanama.com\/wp-content\/uploads\/2021\/01\/Prize-winning-architecture.jpeg\" data-dt-img-description=\"\" data-large_image_width=\"900\" data-large_image_height=\"646\"><img decoding=\"async\" aria-describedby=\"caption-attachment-8640\" class=\"wp-image-8640 size-full\" src=\"http:\/\/spanishpanama.com\/wp-content\/uploads\/2021\/01\/Prize-winning-architecture.jpeg\" alt=\"\" width=\"576\" height=\"1280\" srcset=\"https:\/\/spanishpanama.com\/wp-content\/uploads\/2021\/01\/Prize-winning-architecture.jpeg 576w, https:\/\/spanishpanama.com\/wp-content\/uploads\/2021\/01\/Prize-winning-architecture-135x300.jpeg 135w, https:\/\/spanishpanama.com\/wp-content\/uploads\/2021\/01\/Prize-winning-architecture-461x1024.jpeg 461w\" sizes=\"(max-width: 576px) 100vw, 576px\" \/><\/a><p id=\"caption-attachment-8640\" class=\"wp-caption-text\">Prize winning architecture<\/p><\/div>\n<p>[\/vc_column_text][\/vc_column][\/vc_row][vc_row css=&#8221;.vc_custom_1610107411703{margin-top: 30px !important;}&#8221;][vc_column width=&#8221;1\/2&#8243;][vc_column_text]El supermercado m\u00e1s grande est\u00e1 abierto las 24 horas, los 7 d\u00edas de la semana y se llama El Rey. Est\u00e1 justo en V\u00eda Espa\u00f1a, a 10 minutos a pie de Spanish Panama. Tiene &#8230; todo, incluso algunos materiales de ferreter\u00eda. Gran Morrison es una tienda de regalos para turistas junto a ella con libros en espa\u00f1ol e ingl\u00e9s.<\/p>\n<p>V\u00eda Espa\u00f1a y V\u00eda Veneto son 2 calles m\u00e1s para ver, repletas de tiendas, ajetreo y bullicio paname\u00f1o, y cosas para ver. V\u00eda Veneto, entre McDonald\u2019s y el antiguo Hotel Veneto tiene uno de los restaurantes m\u00e1s baratos de la zona, \u201cJard\u00edn Vegetariano\u201d, \u00a1y es vegetariano dirigido por gente encantadora de Taiw\u00e1n! Justo enfrente de la Universidad de Panam\u00e1 encontrar\u00e1 otro restaurante vegetariano muy recomendado llamado &#8220;Loving Hut&#8221; con platos veganos.<\/p>\n<p>Siempre hay nuevos negocios yendo y viniendo en El Cangrejo por lo que siempre es interesante. Los mencionados en este sitio web son los m\u00e1s populares para nuestros estudiantes y tambi\u00e9n entre los sobrevivientes a largo plazo.<\/p>\n<p>Hay numerosos colegios y universidades privados repartidos por El Cangrejo, hogar de escuelas p\u00fablicas y privadas.<\/p>\n<p>Hay un parque nacional llamado &#8220;Parque Metropolitano&#8221;, muy recomendable para una caminata, ya que es uno de los \u00fanicos parques selv\u00e1ticos que se encuentran dentro de una ciudad real en Am\u00e9rica Latina. El mejor momento para ir a ver animales y hacer una caminata m\u00e1s fresca por la colina para ver la ciudad y el oc\u00e9ano es temprano en la ma\u00f1ana. Esto costar\u00eda solo $ 2 o $ 3 usando UBER desde El Cangrejo. Hay una tarifa de entrada de aproximadamente $5, as\u00ed como el servicio de gu\u00eda, aunque tiene la opci\u00f3n de solicitar un mapa y algunas direcciones.<\/p>\n<p>El Cangrejo es tambi\u00e9n uno de los mejores lugares para conectarlo a cualquier lugar de la ciudad de Panam\u00e1 usando metro, autom\u00f3vil, taxi, Uber o incluso autob\u00fas. Cuando haya mucho tr\u00e1fico, consulte el mapa del Metro, ya que puede llevarlo all\u00ed mucho m\u00e1s r\u00e1pido y m\u00e1s tranquilo. Puede combinar su viaje en tren de metro con un viaje de seguimiento en taxi, ya que hay taxis esperando en cada parada de metro.<\/p>\n<p>Visite el Parque Andr\u00e9s Bello para ver un parque familiar agradable y, a veces, sorpresas musicales nocturnas.[\/vc_column_text][\/vc_column][vc_column width=&#8221;1\/2&#8243;][vc_column_text]<\/p>\n<div id=\"attachment_8644\" style=\"width: 663px\" class=\"wp-caption aligncenter\"><a class=\"dt-pswp-item\" href=\"http:\/\/spanishpanama.com\/wp-content\/uploads\/2021\/01\/Del-Prado-Restaurant-24-7-2-blocks-from-Spanish-Panama-also-on-Via-Argentina-Panamas-most-walkable-wheelchair-friendly-street..jpeg\" data-dt-img-description=\"Del Prado Restaurant (24-7), 2 blocks from Spanish Panama, also on Via Argentina: Panama's most walkable &amp; wheelchair friendly street.\" data-large_image_width=\"653\" data-large_image_height=\"1112\"><img decoding=\"async\" aria-describedby=\"caption-attachment-8644\" class=\"size-full wp-image-8644\" src=\"http:\/\/spanishpanama.com\/wp-content\/uploads\/2021\/01\/Del-Prado-Restaurant-24-7-2-blocks-from-Spanish-Panama-also-on-Via-Argentina-Panamas-most-walkable-wheelchair-friendly-street..jpeg\" alt=\"\" width=\"653\" height=\"1112\" srcset=\"https:\/\/spanishpanama.com\/wp-content\/uploads\/2021\/01\/Del-Prado-Restaurant-24-7-2-blocks-from-Spanish-Panama-also-on-Via-Argentina-Panamas-most-walkable-wheelchair-friendly-street..jpeg 653w, https:\/\/spanishpanama.com\/wp-content\/uploads\/2021\/01\/Del-Prado-Restaurant-24-7-2-blocks-from-Spanish-Panama-also-on-Via-Argentina-Panamas-most-walkable-wheelchair-friendly-street.-176x300.jpeg 176w, https:\/\/spanishpanama.com\/wp-content\/uploads\/2021\/01\/Del-Prado-Restaurant-24-7-2-blocks-from-Spanish-Panama-also-on-Via-Argentina-Panamas-most-walkable-wheelchair-friendly-street.-601x1024.jpeg 601w\" sizes=\"(max-width: 653px) 100vw, 653px\" \/><\/a><p id=\"caption-attachment-8644\" class=\"wp-caption-text\">Del Prado Restaurant (24-7), 2 blocks from Spanish Panama, also on Via Argentina: Panama&#8217;s most walkable &amp; wheelchair friendly street.<\/p><\/div>\n<p>[\/vc_column_text][\/vc_column][\/vc_row]<\/p>\n","protected":false},"excerpt":{"rendered":"<p>[vc_row full_width=&rdquo;stretch_row&rdquo; parallax=&rdquo;content-moving&rdquo; parallax_image=&rdquo;5108&Prime; css=&rdquo;.vc_custom_1607076669426{padding-top: 20% !important;padding-bottom: 20% !important;}&rdquo;][vc_column css=&rdquo;.vc_custom_1607076871417{border-top-width: 4px !important;border-right-width: 4px !important;border-bottom-width: 4px !important;border-left-width: 4px !important;padding-top: 35px !important;padding-right: 30px !important;padding-bottom: 20px !important;padding-left: 30px !important;background-color: #ffffff !important;border-left-color: #c11018 !important;border-left-style: solid !important;border-right-color: #c11018 !important;border-right-style: solid !important;border-top-color: #c11018 !important;border-top-style: solid !important;border-bottom-color: #c11018 !important;border-bottom-style: solid !important;}&rdquo;][vc_column_text] EL MEJOR VECINDARIO DE PANAM&Aacute; [\/vc_column_text][\/vc_column][\/vc_row][vc_row][vc_column width=&rdquo;1\/2&Prime;][vc_column_text] EL CANGREJO ES EL&hellip;<\/p>\n","protected":false},"author":1,"featured_media":0,"parent":9416,"menu_order":0,"comment_status":"closed","ping_status":"closed","template":"","meta":[],"class_list":["post-9418","page","type-page","status-publish","hentry","description-off"],"yoast_head":"<!-- This site is optimized with the Yoast SEO plugin v27.4 - https:\/\/yoast.com\/product\/yoast-seo-wordpress\/ -->\n<title>Descubre el Mejor Barrio de la Ciudad de Panam\u00e1 | Escuela de Idiomas Spanish Panama<\/title>\n<meta name=\"description\" content=\"Explore el vecindario vibrante y diverso que rodea a Spanish Panama Language School. Desde restaurantes con comida delicioso hasta encantadoras boutiques, descubra por qu\u00e9 este es el mejor vecindario de la Ciudad de Panam\u00e1.\" \/>\n<meta name=\"robots\" content=\"index, follow, max-snippet:-1, max-image-preview:large, max-video-preview:-1\" \/>\n<link rel=\"canonical\" href=\"https:\/\/spanishpanama.com\/es\/panamas-best-street\/panamas-best-neighborhood\/\" \/>\n<meta property=\"og:locale\" content=\"es_ES\" \/>\n<meta property=\"og:type\" content=\"article\" \/>\n<meta property=\"og:title\" content=\"Descubre el Mejor Barrio de la Ciudad de Panam\u00e1 | Escuela de Idiomas Spanish Panama\" \/>\n<meta property=\"og:description\" content=\"Explore el vecindario vibrante y diverso que rodea a Spanish Panama Language School. Desde restaurantes con comida delicioso hasta encantadoras boutiques, descubra por qu\u00e9 este es el mejor vecindario de la Ciudad de Panam\u00e1.\" \/>\n<meta property=\"og:url\" content=\"https:\/\/spanishpanama.com\/es\/panamas-best-street\/panamas-best-neighborhood\/\" \/>\n<meta property=\"og:site_name\" content=\"Spanish Classes In Panama | Learn Spanish Abroad | Spanish Language Immersion Programs\" \/>\n<meta property=\"article:modified_time\" content=\"2023-05-07T10:40:35+00:00\" \/>\n<meta property=\"og:image\" content=\"http:\/\/spanishpanama.com\/wp-content\/uploads\/2021\/01\/El-Cangrejo.jpeg\" \/>\n<meta name=\"twitter:card\" content=\"summary_large_image\" \/>\n<meta name=\"twitter:label1\" content=\"Tiempo de lectura\" \/>\n\t<meta name=\"twitter:data1\" content=\"6 minutos\" \/>\n<!-- \/ Yoast SEO plugin. -->","yoast_head_json":{"title":"Descubre el Mejor Barrio de la Ciudad de Panam\u00e1 | Escuela de Idiomas Spanish Panama","description":"Explore el vecindario vibrante y diverso que rodea a Spanish Panama Language School. Desde restaurantes con comida delicioso hasta encantadoras boutiques, descubra por qu\u00e9 este es el mejor vecindario de la Ciudad de Panam\u00e1.","robots":{"index":"index","follow":"follow","max-snippet":"max-snippet:-1","max-image-preview":"max-image-preview:large","max-video-preview":"max-video-preview:-1"},"canonical":"https:\/\/spanishpanama.com\/es\/panamas-best-street\/panamas-best-neighborhood\/","og_locale":"es_ES","og_type":"article","og_title":"Descubre el Mejor Barrio de la Ciudad de Panam\u00e1 | Escuela de Idiomas Spanish Panama","og_description":"Explore el vecindario vibrante y diverso que rodea a Spanish Panama Language School. Desde restaurantes con comida delicioso hasta encantadoras boutiques, descubra por qu\u00e9 este es el mejor vecindario de la Ciudad de Panam\u00e1.","og_url":"https:\/\/spanishpanama.com\/es\/panamas-best-street\/panamas-best-neighborhood\/","og_site_name":"Spanish Classes In Panama | Learn Spanish Abroad | Spanish Language Immersion Programs","article_modified_time":"2023-05-07T10:40:35+00:00","og_image":[{"url":"http:\/\/spanishpanama.com\/wp-content\/uploads\/2021\/01\/El-Cangrejo.jpeg","type":"","width":"","height":""}],"twitter_card":"summary_large_image","twitter_misc":{"Tiempo de lectura":"6 minutos"},"schema":{"@context":"https:\/\/schema.org","@graph":[{"@type":"WebPage","@id":"https:\/\/spanishpanama.com\/es\/panamas-best-street\/panamas-best-neighborhood\/","url":"https:\/\/spanishpanama.com\/es\/panamas-best-street\/panamas-best-neighborhood\/","name":"Descubre el Mejor Barrio de la Ciudad de Panam\u00e1 | Escuela de Idiomas Spanish Panama","isPartOf":{"@id":"https:\/\/spanishpanama.com\/#website"},"primaryImageOfPage":{"@id":"https:\/\/spanishpanama.com\/es\/panamas-best-street\/panamas-best-neighborhood\/#primaryimage"},"image":{"@id":"https:\/\/spanishpanama.com\/es\/panamas-best-street\/panamas-best-neighborhood\/#primaryimage"},"thumbnailUrl":"http:\/\/spanishpanama.com\/wp-content\/uploads\/2021\/01\/El-Cangrejo.jpeg","datePublished":"2021-01-19T10:38:04+00:00","dateModified":"2023-05-07T10:40:35+00:00","description":"Explore el vecindario vibrante y diverso que rodea a Spanish Panama Language School. Desde restaurantes con comida delicioso hasta encantadoras boutiques, descubra por qu\u00e9 este es el mejor vecindario de la Ciudad de Panam\u00e1.","breadcrumb":{"@id":"https:\/\/spanishpanama.com\/es\/panamas-best-street\/panamas-best-neighborhood\/#breadcrumb"},"inLanguage":"es","potentialAction":[{"@type":"ReadAction","target":["https:\/\/spanishpanama.com\/es\/panamas-best-street\/panamas-best-neighborhood\/"]}]},{"@type":"ImageObject","inLanguage":"es","@id":"https:\/\/spanishpanama.com\/es\/panamas-best-street\/panamas-best-neighborhood\/#primaryimage","url":"http:\/\/spanishpanama.com\/wp-content\/uploads\/2021\/01\/El-Cangrejo.jpeg","contentUrl":"http:\/\/spanishpanama.com\/wp-content\/uploads\/2021\/01\/El-Cangrejo.jpeg"},{"@type":"BreadcrumbList","@id":"https:\/\/spanishpanama.com\/es\/panamas-best-street\/panamas-best-neighborhood\/#breadcrumb","itemListElement":[{"@type":"ListItem","position":1,"name":"Home","item":"https:\/\/spanishpanama.com\/es\/"},{"@type":"ListItem","position":2,"name":"LA MEJOR CALLE DE PANAM\u00c1","item":"https:\/\/spanishpanama.com\/es\/panamas-best-street\/"},{"@type":"ListItem","position":3,"name":"EL MEJOR VECINDARIO DE PANAM\u00c1"}]},{"@type":"WebSite","@id":"https:\/\/spanishpanama.com\/#website","url":"https:\/\/spanishpanama.com\/","name":"Spanish Classes In Panama | Learn Spanish Abroad | Spanish Language Immersion Programs","description":"Spanish language school in Panama City, Republic of Panama","potentialAction":[{"@type":"SearchAction","target":{"@type":"EntryPoint","urlTemplate":"https:\/\/spanishpanama.com\/?s={search_term_string}"},"query-input":{"@type":"PropertyValueSpecification","valueRequired":true,"valueName":"search_term_string"}}],"inLanguage":"es"}]}},"_links":{"self":[{"href":"https:\/\/spanishpanama.com\/es\/wp-json\/wp\/v2\/pages\/9418","targetHints":{"allow":["GET"]}}],"collection":[{"href":"https:\/\/spanishpanama.com\/es\/wp-json\/wp\/v2\/pages"}],"about":[{"href":"https:\/\/spanishpanama.com\/es\/wp-json\/wp\/v2\/types\/page"}],"author":[{"embeddable":true,"href":"https:\/\/spanishpanama.com\/es\/wp-json\/wp\/v2\/users\/1"}],"replies":[{"embeddable":true,"href":"https:\/\/spanishpanama.com\/es\/wp-json\/wp\/v2\/comments?post=9418"}],"version-history":[{"count":4,"href":"https:\/\/spanishpanama.com\/es\/wp-json\/wp\/v2\/pages\/9418\/revisions"}],"predecessor-version":[{"id":9757,"href":"https:\/\/spanishpanama.com\/es\/wp-json\/wp\/v2\/pages\/9418\/revisions\/9757"}],"up":[{"embeddable":true,"href":"https:\/\/spanishpanama.com\/es\/wp-json\/wp\/v2\/pages\/9416"}],"wp:attachment":[{"href":"https:\/\/spanishpanama.com\/es\/wp-json\/wp\/v2\/media?parent=9418"}],"curies":[{"name":"wp","href":"https:\/\/api.w.org\/{rel}","templated":true}]}}