{"id":9412,"date":"2021-01-19T10:36:31","date_gmt":"2021-01-19T10:36:31","guid":{"rendered":"http:\/\/spanishpanama.com\/?page_id=9412"},"modified":"2021-02-04T09:48:47","modified_gmt":"2021-02-04T09:48:47","slug":"our-programs","status":"publish","type":"page","link":"https:\/\/spanishpanama.com\/es\/our-programs\/","title":{"rendered":"PROGRAMAS DE SPANISH PANAMA"},"content":{"rendered":"<p>[vc_row full_width=&#8221;stretch_row&#8221; parallax=&#8221;content-moving&#8221; parallax_image=&#8221;5108&#8243; css=&#8221;.vc_custom_1607076669426{padding-top: 20% !important;padding-bottom: 20% !important;}&#8221;][vc_column css=&#8221;.vc_custom_1607076871417{border-top-width: 4px !important;border-right-width: 4px !important;border-bottom-width: 4px !important;border-left-width: 4px !important;padding-top: 35px !important;padding-right: 30px !important;padding-bottom: 20px !important;padding-left: 30px !important;background-color: #ffffff !important;border-left-color: #c11018 !important;border-left-style: solid !important;border-right-color: #c11018 !important;border-right-style: solid !important;border-top-color: #c11018 !important;border-top-style: solid !important;border-bottom-color: #c11018 !important;border-bottom-style: solid !important;}&#8221;][vc_column_text]<\/p>\n<h1 class=\"text-center\" style=\"text-align: center;\">PROGRAMAS DE SPANISH PANAMA<\/h1>\n<p>[\/vc_column_text][vc_column_text]<\/p>\n<p style=\"text-align: justify;\">La escuela de espa\u00f1ol Spanish Panama cuenta con numerosos programas como clases de espa\u00f1ol regulares o de inmersi\u00f3n con opciones tur\u00edsticas (recogida en el aeropuerto, recorrido de la ciudad, clases de salsa, excursiones personalizadas). Hacemos cursos \u201c1 a 1\u201d o en grupo para niveles desde principiante cero en espa\u00f1ol a espa\u00f1ol avanzado. Incluso podemos enviar profesores a su oficina para el espa\u00f1ol de negocios, o puede decidir quedarse en casa con uno de nuestros cursos de espa\u00f1ol en l\u00ednea. Tambi\u00e9n tenemos opciones de tutor\u00eda para sus hijos en la escuela.<\/p>\n<p>[\/vc_column_text][\/vc_column][\/vc_row][vc_row css=&#8221;.vc_custom_1607354897451{margin-top: 25px !important;}&#8221;][vc_column width=&#8221;1\/2&#8243;][vc_column_text]<\/p>\n<h2>NUESTRAS OPCIONES DE PROGRAMA EN ESPA\u00d1OL:<\/h2>\n<p>&#8211; Programas de espa\u00f1ol en clases grupales para visitantes y reci\u00e9n llegados a Panam\u00e1<\/p>\n<p>&#8211; Programas de espa\u00f1ol para clases privadas con clases personalizadas<\/p>\n<p>&#8211; Programas intensivos de inmersi\u00f3n en espa\u00f1ol con clases intensivas (programas de espa\u00f1ol privados o grupales y extras)<\/p>\n<p>&#8211; Espa\u00f1ol de negocios en cursos de espa\u00f1ol de negocios (clases de espa\u00f1ol para expatriados, emprendedores y empresas en Panam\u00e1)<\/p>\n<p>&#8211; Programas de vacaciones en espa\u00f1ol (vacaciones con todo incluido \/ opciones de 4 o 6 horas de clases de espa\u00f1ol en grupo o privadas al d\u00eda con eco-tours y extras)<\/p>\n<p>&#8211; Alojamiento en hoteles de Panam\u00e1, Bed and Breakfast (B&amp;B), hostales en la ciudad de Panam\u00e1 y casas de familia Spanish Panama<\/p>\n<p>Otras clases de idiomas (Clases de ingl\u00e9s): clases de ingl\u00e9s en Spanish Panama tambi\u00e9n ofrece cursos de ingl\u00e9s para paname\u00f1os y extranjeros que no hablan ingl\u00e9s en Panam\u00e1.<\/p>\n<p>&nbsp;<\/p>\n<p><a href=\"http:\/\/www.cursosdeinglespanama.com.pa\" target=\"_blank\" rel=\"noopener noreferrer\">www.cursosdeinglespanama.com.pa<\/a><\/p>\n<p>Reg\u00edstrese usando nuestro <a href=\"http:\/\/spanishpanama.com\/es\/enroll\/\" target=\"_blank\" rel=\"noopener noreferrer\"><i>FORMULARIO DE INSCRIPCI\u00d3N<\/i><\/a><i>.\u00a0<\/i><\/p>\n<p>Tel\u00e9fonos: (# 507) 6590-2007, (# 507) 213-3121<\/p>\n<p>Correo electr\u00f3nico: \u00a0<a href=\"mailto:info@spanishpanama.com\" target=\"_blank\" rel=\"noopener noreferrer\">info@spanishpanama.com<\/a>[\/vc_column_text][\/vc_column][vc_column width=&#8221;1\/2&#8243;][vc_column_text]<\/p>\n<div id=\"attachment_5184\" style=\"width: 1110px\" class=\"wp-caption aligncenter\"><img decoding=\"async\" aria-describedby=\"caption-attachment-5184\" class=\"wp-image-5184 size-full\" src=\"http:\/\/spanishpanama.com\/wp-content\/uploads\/2020\/12\/At-Spanish-Panama-school.jpg\" alt=\"\" width=\"1100\" height=\"825\" srcset=\"https:\/\/spanishpanama.com\/wp-content\/uploads\/2020\/12\/At-Spanish-Panama-school.jpg 1100w, https:\/\/spanishpanama.com\/wp-content\/uploads\/2020\/12\/At-Spanish-Panama-school-300x225.jpg 300w, https:\/\/spanishpanama.com\/wp-content\/uploads\/2020\/12\/At-Spanish-Panama-school-1024x768.jpg 1024w, https:\/\/spanishpanama.com\/wp-content\/uploads\/2020\/12\/At-Spanish-Panama-school-768x576.jpg 768w\" sizes=\"(max-width: 1100px) 100vw, 1100px\" \/><p id=\"caption-attachment-5184\" class=\"wp-caption-text\">At Spanish Panama school\u2026<\/p><\/div>\n<p>[\/vc_column_text][\/vc_column][\/vc_row][vc_row full_width=&#8221;stretch_row&#8221; css=&#8221;.vc_custom_1607353849284{margin-top: 20px !important;margin-bottom: 20px !important;padding-top: 30px !important;padding-bottom: 30px !important;background-color: #ab210a !important;}&#8221;][vc_column][vc_column_text]<\/p>\n<h3><span style=\"color: #ffffff;\">SPANISH PANAMA LANGUAGE SCHOOL TIENE MUCHOS PROGRAMAS Y OPCIONES DE ESPA\u00d1OL EN LA CIUDAD DE PANAM\u00c1, PANAM\u00c1<\/span><\/h3>\n<p><span style=\"color: #ffffff;\">En Spanish Panama, tenemos muchas opciones. \u00bfQuieres un grupo peque\u00f1o o un curso de espa\u00f1ol privado? Puede hacer un curso regular o un programa de inmersi\u00f3n (1-1 o en grupos peque\u00f1os). Contamos con cursos de espa\u00f1ol de negocios de alta calificaci\u00f3n para ejecutivos de negocios en las oficinas en la ciudad de Panam\u00e1.<\/span><\/p>\n<p><span style=\"color: #ffffff;\">Sean cuales sean tus necesidades, tenemos los programas de espa\u00f1ol mejor valorados.<\/span><\/p>\n<p><span style=\"color: #ffffff;\">Tenga en cuenta que se requiere un dep\u00f3sito inicial de $ 100.00 para todos los programas de espa\u00f1ol y un pago por adelantado del 50% antes del inicio de las clases y la otra mitad una semana antes de la mitad del programa. Spanish Panama no solicita ning\u00fan costo de inscripci\u00f3n u otros &#8220;costos ocultos&#8221;. En nuestros programas intensivos de inmersi\u00f3n en espa\u00f1ol de 4 o 6 horas diarias, incluimos recogida en el aeropuerto y traslado a tu alojamiento en el hotel, as\u00ed como clases de baile de salsa y recorrido por la ciudad.<\/span><\/p>\n<p><span style=\"color: #ffffff;\">Hay un descanso de 10 minutos incluido en cada hora de clase, un buen momento para que te relajes, tomes un caf\u00e9 de cortes\u00eda y conozcas a otros en la terraza social de la escuela. Tenemos una gran vista de la ciudad con vistas a V\u00eda Argentina, el mejor lugar para expatriados en la ciudad de Panam\u00e1.<\/span>[\/vc_column_text][\/vc_column][\/vc_row][vc_row][vc_column width=&#8221;1\/2&#8243;][vc_column_text]<\/p>\n<h2>\u00a1SOMOS LA ESCUELA DE ESPA\u00d1OL M\u00c1S PERSONALIZADA DE CENTROAM\u00c9RICA!<\/h2>\n<p>Spanish Panama Language School tiene una experiencia de aprendizaje de espa\u00f1ol perfecta, personalizada y privada, pero abierta y amigable, si eso es lo que prefiere. Nuestros maestros son una gran fuente para su educaci\u00f3n cultural en Panam\u00e1 y est\u00e1n motivados para ayudarlo a aprender espa\u00f1ol. Algunos profesores son editores de libros y otros pertenecen a profesiones como bienes ra\u00edces, turismo y derecho, as\u00ed como artes visuales y educaci\u00f3n. Incluso contamos con una experta en danza t\u00edpica paname\u00f1a y el vestido nacional de Panam\u00e1, \u00a1la Pollera!<\/p>\n<p>&nbsp;<\/p>\n<p>Para obtener m\u00e1s informaci\u00f3n sobre nuestros profesores, consulte esta p\u00e1gina: <a href=\"https:\/\/spanishpanama.com\/faqs\/\" target=\"_blank\" rel=\"noopener noreferrer\">M\u00e1s sobre nuestros profesores de espa\u00f1ol<\/a><\/p>\n<p>Saldr\u00e1 de Spanish Panama Language School con un conocimiento profundo de Panam\u00e1, las costumbres paname\u00f1as y su idioma.<\/p>\n<p><strong>Aprende espa\u00f1ol en Spanish Panama Language School mientras recorres Centro y Sudam\u00e9rica.<\/strong><\/p>\n<p>Aprender espa\u00f1ol en Spanish Panama definitivamente aumenta sus posibilidades de \u00e9xito social y financiero en Panam\u00e1 y Sudam\u00e9rica. Muchos de nuestros estudiantes aprenden espa\u00f1ol para avanzar en su carrera aqu\u00ed o en los Estados Unidos, Canad\u00e1, Europa y Asia. \u00a1Incluso los profesores de espa\u00f1ol estadounidenses vienen aqu\u00ed para mejorar sus habilidades de conversaci\u00f3n en espa\u00f1ol! Y, por supuesto, \u00a1los estudiantes nos eligen para pasar un buen rato!<\/p>\n<p>&nbsp;<\/p>\n<p><em>Reg\u00edstrese usando nuestro <\/em><a href=\"http:\/\/spanishpanama.com\/enroll\/\" target=\"_blank\" rel=\"noopener noreferrer\"><i>FORMULARIO DE INSCRIPCI\u00d3N.<\/i><\/a><i>.<\/i>[\/vc_column_text][\/vc_column][vc_column width=&#8221;1\/2&#8243;][vc_column_text]<\/p>\n<div id=\"attachment_5187\" style=\"width: 1034px\" class=\"wp-caption aligncenter\"><img decoding=\"async\" aria-describedby=\"caption-attachment-5187\" class=\"size-full wp-image-5187\" src=\"http:\/\/spanishpanama.com\/wp-content\/uploads\/2020\/12\/20140821_100710-1024x768-1.jpg\" alt=\"\" width=\"1024\" height=\"768\" srcset=\"https:\/\/spanishpanama.com\/wp-content\/uploads\/2020\/12\/20140821_100710-1024x768-1.jpg 1024w, https:\/\/spanishpanama.com\/wp-content\/uploads\/2020\/12\/20140821_100710-1024x768-1-300x225.jpg 300w, https:\/\/spanishpanama.com\/wp-content\/uploads\/2020\/12\/20140821_100710-1024x768-1-768x576.jpg 768w\" sizes=\"(max-width: 1024px) 100vw, 1024px\" \/><p id=\"caption-attachment-5187\" class=\"wp-caption-text\">Spanish Panama Language school has many personalized Spanish Programs with private or group classes.<\/p><\/div>\n<p>[\/vc_column_text][\/vc_column][\/vc_row][vc_row][vc_column width=&#8221;2\/3&#8243;][vc_row_inner][vc_column_inner width=&#8221;1\/2&#8243;][vc_column_text]<\/p>\n<div id=\"attachment_5191\" style=\"width: 1034px\" class=\"wp-caption aligncenter\"><img decoding=\"async\" aria-describedby=\"caption-attachment-5191\" class=\"size-full wp-image-5191\" src=\"http:\/\/spanishpanama.com\/wp-content\/uploads\/2020\/12\/Group-Spanish-classes-morning-afternoon-or-night..jpg\" alt=\"\" width=\"1024\" height=\"576\" srcset=\"https:\/\/spanishpanama.com\/wp-content\/uploads\/2020\/12\/Group-Spanish-classes-morning-afternoon-or-night..jpg 1024w, https:\/\/spanishpanama.com\/wp-content\/uploads\/2020\/12\/Group-Spanish-classes-morning-afternoon-or-night.-300x169.jpg 300w, https:\/\/spanishpanama.com\/wp-content\/uploads\/2020\/12\/Group-Spanish-classes-morning-afternoon-or-night.-768x432.jpg 768w\" sizes=\"(max-width: 1024px) 100vw, 1024px\" \/><p id=\"caption-attachment-5191\" class=\"wp-caption-text\">Group Spanish classes morning, afternoon, or night.<\/p><\/div>\n<p>[\/vc_column_text][\/vc_column_inner][vc_column_inner width=&#8221;1\/2&#8243;][vc_column_text]<\/p>\n<div id=\"attachment_5192\" style=\"width: 1034px\" class=\"wp-caption aligncenter\"><img decoding=\"async\" aria-describedby=\"caption-attachment-5192\" class=\"size-full wp-image-5192\" src=\"http:\/\/spanishpanama.com\/wp-content\/uploads\/2020\/12\/Professional-Personalized-Spanish-courses-Spanish-Panama-Programs.jpg\" alt=\"\" width=\"1024\" height=\"576\" srcset=\"https:\/\/spanishpanama.com\/wp-content\/uploads\/2020\/12\/Professional-Personalized-Spanish-courses-Spanish-Panama-Programs.jpg 1024w, https:\/\/spanishpanama.com\/wp-content\/uploads\/2020\/12\/Professional-Personalized-Spanish-courses-Spanish-Panama-Programs-300x169.jpg 300w, https:\/\/spanishpanama.com\/wp-content\/uploads\/2020\/12\/Professional-Personalized-Spanish-courses-Spanish-Panama-Programs-768x432.jpg 768w\" sizes=\"(max-width: 1024px) 100vw, 1024px\" \/><p id=\"caption-attachment-5192\" class=\"wp-caption-text\">Professional Personalized Spanish courses; Spanish Panama Programs www.spanishpanama.com<\/p><\/div>\n<p>[\/vc_column_text][\/vc_column_inner][\/vc_row_inner][vc_row_inner][vc_column_inner][vc_column_text css=&#8221;.vc_custom_1612432120171{padding-top: 20px !important;padding-right: 20px !important;padding-bottom: 20px !important;padding-left: 20px !important;background-color: #ab210a !important;}&#8221;]<\/p>\n<p style=\"text-align: justify;\"><span style=\"color: #ffffff;\">Programas de inmersi\u00f3n en espa\u00f1ol de Spanish Panama Language School en la Ciudad de Panam\u00e1, Panam\u00e1.<\/span><\/p>\n<p style=\"text-align: justify;\"><span style=\"color: #ffffff;\"><a style=\"color: #ffffff;\" href=\"https:\/\/spanishpanama.com\/bodu\" target=\"_blank\" rel=\"noopener noreferrer\">www.spanishpanama.com<\/a><\/span><\/p>\n<p style=\"text-align: justify;\"><span style=\"color: #ffffff;\">Tel: (# 507) 6590-2007, (# 507) 213-3121<\/span><\/p>\n<p>[\/vc_column_text][\/vc_column_inner][\/vc_row_inner][\/vc_column][vc_column width=&#8221;1\/3&#8243;][vc_column_text]<\/p>\n<div id=\"attachment_5193\" style=\"width: 728px\" class=\"wp-caption aligncenter\"><img decoding=\"async\" aria-describedby=\"caption-attachment-5193\" class=\"size-full wp-image-5193\" src=\"http:\/\/spanishpanama.com\/wp-content\/uploads\/2020\/12\/Classes-in-Panamas-most-cosmopolitan-neighborhood.-Spanish-Panama-Programs.jpg\" alt=\"\" width=\"718\" height=\"1004\" srcset=\"https:\/\/spanishpanama.com\/wp-content\/uploads\/2020\/12\/Classes-in-Panamas-most-cosmopolitan-neighborhood.-Spanish-Panama-Programs.jpg 718w, https:\/\/spanishpanama.com\/wp-content\/uploads\/2020\/12\/Classes-in-Panamas-most-cosmopolitan-neighborhood.-Spanish-Panama-Programs-215x300.jpg 215w\" sizes=\"(max-width: 718px) 100vw, 718px\" \/><p id=\"caption-attachment-5193\" class=\"wp-caption-text\">Private or Group Spanish Classes in Panama\u2019s most cosmopolitan neighborhood, Via Argentina. Spanish Panama Programs<\/p><\/div>\n<p>[\/vc_column_text][\/vc_column][\/vc_row]<\/p>\n","protected":false},"excerpt":{"rendered":"<p>[vc_row full_width=&rdquo;stretch_row&rdquo; parallax=&rdquo;content-moving&rdquo; parallax_image=&rdquo;5108&Prime; css=&rdquo;.vc_custom_1607076669426{padding-top: 20% !important;padding-bottom: 20% !important;}&rdquo;][vc_column css=&rdquo;.vc_custom_1607076871417{border-top-width: 4px !important;border-right-width: 4px !important;border-bottom-width: 4px !important;border-left-width: 4px !important;padding-top: 35px !important;padding-right: 30px !important;padding-bottom: 20px !important;padding-left: 30px !important;background-color: #ffffff !important;border-left-color: #c11018 !important;border-left-style: solid !important;border-right-color: #c11018 !important;border-right-style: solid !important;border-top-color: #c11018 !important;border-top-style: solid !important;border-bottom-color: #c11018 !important;border-bottom-style: solid !important;}&rdquo;][vc_column_text] PROGRAMAS DE SPANISH PANAMA [\/vc_column_text][vc_column_text] La escuela de espa&ntilde;ol Spanish Panama&hellip;<\/p>\n","protected":false},"author":1,"featured_media":0,"parent":0,"menu_order":0,"comment_status":"closed","ping_status":"closed","template":"","meta":[],"class_list":["post-9412","page","type-page","status-publish","hentry","description-off"],"yoast_head":"<!-- This site is optimized with the Yoast SEO plugin v27.3 - https:\/\/yoast.com\/product\/yoast-seo-wordpress\/ -->\n<title>PROGRAMAS DE SPANISH PANAMA - Spanish Classes In Panama | Learn Spanish Abroad | Spanish Language Immersion Programs<\/title>\n<meta name=\"robots\" content=\"index, follow, max-snippet:-1, max-image-preview:large, max-video-preview:-1\" \/>\n<link rel=\"canonical\" href=\"https:\/\/spanishpanama.com\/es\/our-programs\/\" \/>\n<meta property=\"og:locale\" content=\"es_ES\" \/>\n<meta property=\"og:type\" content=\"article\" \/>\n<meta property=\"og:title\" content=\"PROGRAMAS DE SPANISH PANAMA - Spanish Classes In Panama | Learn Spanish Abroad | Spanish Language Immersion Programs\" \/>\n<meta property=\"og:description\" content=\"[vc_row full_width=&rdquo;stretch_row&rdquo; parallax=&rdquo;content-moving&rdquo; parallax_image=&rdquo;5108&Prime; css=&rdquo;.vc_custom_1607076669426{padding-top: 20% !important;padding-bottom: 20% !important;}&rdquo;][vc_column css=&rdquo;.vc_custom_1607076871417{border-top-width: 4px !important;border-right-width: 4px !important;border-bottom-width: 4px !important;border-left-width: 4px !important;padding-top: 35px !important;padding-right: 30px !important;padding-bottom: 20px !important;padding-left: 30px !important;background-color: #ffffff !important;border-left-color: #c11018 !important;border-left-style: solid !important;border-right-color: #c11018 !important;border-right-style: solid !important;border-top-color: #c11018 !important;border-top-style: solid !important;border-bottom-color: #c11018 !important;border-bottom-style: solid !important;}&rdquo;][vc_column_text] PROGRAMAS DE SPANISH PANAMA [\/vc_column_text][vc_column_text] La escuela de espa&ntilde;ol Spanish Panama&hellip;\" \/>\n<meta property=\"og:url\" content=\"https:\/\/spanishpanama.com\/es\/our-programs\/\" \/>\n<meta property=\"og:site_name\" content=\"Spanish Classes In Panama | Learn Spanish Abroad | Spanish Language Immersion Programs\" \/>\n<meta property=\"article:modified_time\" content=\"2021-02-04T09:48:47+00:00\" \/>\n<meta property=\"og:image\" content=\"http:\/\/spanishpanama.com\/wp-content\/uploads\/2020\/12\/At-Spanish-Panama-school.jpg\" \/>\n<meta name=\"twitter:card\" content=\"summary_large_image\" \/>\n<meta name=\"twitter:label1\" content=\"Tiempo de lectura\" \/>\n\t<meta name=\"twitter:data1\" content=\"5 minutos\" \/>\n<!-- \/ Yoast SEO plugin. -->","yoast_head_json":{"title":"PROGRAMAS DE SPANISH PANAMA - Spanish Classes In Panama | Learn Spanish Abroad | Spanish Language Immersion Programs","robots":{"index":"index","follow":"follow","max-snippet":"max-snippet:-1","max-image-preview":"max-image-preview:large","max-video-preview":"max-video-preview:-1"},"canonical":"https:\/\/spanishpanama.com\/es\/our-programs\/","og_locale":"es_ES","og_type":"article","og_title":"PROGRAMAS DE SPANISH PANAMA - Spanish Classes In Panama | Learn Spanish Abroad | Spanish Language Immersion Programs","og_description":"[vc_row full_width=&rdquo;stretch_row&rdquo; parallax=&rdquo;content-moving&rdquo; parallax_image=&rdquo;5108&Prime; css=&rdquo;.vc_custom_1607076669426{padding-top: 20% !important;padding-bottom: 20% !important;}&rdquo;][vc_column css=&rdquo;.vc_custom_1607076871417{border-top-width: 4px !important;border-right-width: 4px !important;border-bottom-width: 4px !important;border-left-width: 4px !important;padding-top: 35px !important;padding-right: 30px !important;padding-bottom: 20px !important;padding-left: 30px !important;background-color: #ffffff !important;border-left-color: #c11018 !important;border-left-style: solid !important;border-right-color: #c11018 !important;border-right-style: solid !important;border-top-color: #c11018 !important;border-top-style: solid !important;border-bottom-color: #c11018 !important;border-bottom-style: solid !important;}&rdquo;][vc_column_text] PROGRAMAS DE SPANISH PANAMA [\/vc_column_text][vc_column_text] La escuela de espa&ntilde;ol Spanish Panama&hellip;","og_url":"https:\/\/spanishpanama.com\/es\/our-programs\/","og_site_name":"Spanish Classes In Panama | Learn Spanish Abroad | Spanish Language Immersion Programs","article_modified_time":"2021-02-04T09:48:47+00:00","og_image":[{"url":"http:\/\/spanishpanama.com\/wp-content\/uploads\/2020\/12\/At-Spanish-Panama-school.jpg","type":"","width":"","height":""}],"twitter_card":"summary_large_image","twitter_misc":{"Tiempo de lectura":"5 minutos"},"schema":{"@context":"https:\/\/schema.org","@graph":[{"@type":"WebPage","@id":"https:\/\/spanishpanama.com\/es\/our-programs\/","url":"https:\/\/spanishpanama.com\/es\/our-programs\/","name":"PROGRAMAS DE SPANISH PANAMA - Spanish Classes In Panama | Learn Spanish Abroad | Spanish Language Immersion Programs","isPartOf":{"@id":"https:\/\/spanishpanama.com\/#website"},"primaryImageOfPage":{"@id":"https:\/\/spanishpanama.com\/es\/our-programs\/#primaryimage"},"image":{"@id":"https:\/\/spanishpanama.com\/es\/our-programs\/#primaryimage"},"thumbnailUrl":"http:\/\/spanishpanama.com\/wp-content\/uploads\/2020\/12\/At-Spanish-Panama-school.jpg","datePublished":"2021-01-19T10:36:31+00:00","dateModified":"2021-02-04T09:48:47+00:00","breadcrumb":{"@id":"https:\/\/spanishpanama.com\/es\/our-programs\/#breadcrumb"},"inLanguage":"es","potentialAction":[{"@type":"ReadAction","target":["https:\/\/spanishpanama.com\/es\/our-programs\/"]}]},{"@type":"ImageObject","inLanguage":"es","@id":"https:\/\/spanishpanama.com\/es\/our-programs\/#primaryimage","url":"http:\/\/spanishpanama.com\/wp-content\/uploads\/2020\/12\/At-Spanish-Panama-school.jpg","contentUrl":"http:\/\/spanishpanama.com\/wp-content\/uploads\/2020\/12\/At-Spanish-Panama-school.jpg"},{"@type":"BreadcrumbList","@id":"https:\/\/spanishpanama.com\/es\/our-programs\/#breadcrumb","itemListElement":[{"@type":"ListItem","position":1,"name":"Home","item":"https:\/\/spanishpanama.com\/es\/"},{"@type":"ListItem","position":2,"name":"PROGRAMAS DE SPANISH PANAMA"}]},{"@type":"WebSite","@id":"https:\/\/spanishpanama.com\/#website","url":"https:\/\/spanishpanama.com\/","name":"Spanish Classes In Panama | Learn Spanish Abroad | Spanish Language Immersion Programs","description":"Spanish language school in Panama City, Republic of Panama","potentialAction":[{"@type":"SearchAction","target":{"@type":"EntryPoint","urlTemplate":"https:\/\/spanishpanama.com\/?s={search_term_string}"},"query-input":{"@type":"PropertyValueSpecification","valueRequired":true,"valueName":"search_term_string"}}],"inLanguage":"es"}]}},"_links":{"self":[{"href":"https:\/\/spanishpanama.com\/es\/wp-json\/wp\/v2\/pages\/9412","targetHints":{"allow":["GET"]}}],"collection":[{"href":"https:\/\/spanishpanama.com\/es\/wp-json\/wp\/v2\/pages"}],"about":[{"href":"https:\/\/spanishpanama.com\/es\/wp-json\/wp\/v2\/types\/page"}],"author":[{"embeddable":true,"href":"https:\/\/spanishpanama.com\/es\/wp-json\/wp\/v2\/users\/1"}],"replies":[{"embeddable":true,"href":"https:\/\/spanishpanama.com\/es\/wp-json\/wp\/v2\/comments?post=9412"}],"version-history":[{"count":4,"href":"https:\/\/spanishpanama.com\/es\/wp-json\/wp\/v2\/pages\/9412\/revisions"}],"predecessor-version":[{"id":9851,"href":"https:\/\/spanishpanama.com\/es\/wp-json\/wp\/v2\/pages\/9412\/revisions\/9851"}],"wp:attachment":[{"href":"https:\/\/spanishpanama.com\/es\/wp-json\/wp\/v2\/media?parent=9412"}],"curies":[{"name":"wp","href":"https:\/\/api.w.org\/{rel}","templated":true}]}}