{"id":9280,"date":"2021-01-19T10:31:56","date_gmt":"2021-01-19T10:31:56","guid":{"rendered":"http:\/\/spanishpanama.com\/?page_id=9280"},"modified":"2023-05-07T11:00:22","modified_gmt":"2023-05-07T11:00:22","slug":"learn-spanish","status":"publish","type":"page","link":"https:\/\/spanishpanama.com\/es\/learn-spanish\/","title":{"rendered":"APRENDA ESPA\u00d1OL"},"content":{"rendered":"<p>[vc_row full_width=&#8221;stretch_row&#8221; parallax=&#8221;content-moving&#8221; parallax_image=&#8221;5108&#8243; css=&#8221;.vc_custom_1607076669426{padding-top: 20% !important;padding-bottom: 20% !important;}&#8221;][vc_column css=&#8221;.vc_custom_1607076871417{border-top-width: 4px !important;border-right-width: 4px !important;border-bottom-width: 4px !important;border-left-width: 4px !important;padding-top: 35px !important;padding-right: 30px !important;padding-bottom: 20px !important;padding-left: 30px !important;background-color: #ffffff !important;border-left-color: #c11018 !important;border-left-style: solid !important;border-right-color: #c11018 !important;border-right-style: solid !important;border-top-color: #c11018 !important;border-top-style: solid !important;border-bottom-color: #c11018 !important;border-bottom-style: solid !important;}&#8221;][vc_column_text]<\/p>\n<h1 class=\"text-center\" style=\"text-align: center;\">APRENDER ESPA\u00d1OL EN PANAM\u00c1<\/h1>\n<p>[\/vc_column_text][vc_column_text]Spanish Panama Language School es el mejor lugar para aprender espa\u00f1ol en Panam\u00e1. Tenemos cientos de testimonios de estudiantes felices de todo el mundo que han venido a estudiar espa\u00f1ol con nosotros a la ciudad de Panam\u00e1.<\/p>\n<p>La Escuela de Idiomas de Espa\u00f1ol en Panam\u00e1 tiene un historial probado, operando durante 20 a\u00f1os en el coraz\u00f3n de la Ciudad de Panam\u00e1, ofreciendo una amplia gama de cursos para estudiantes de todos los niveles. Ofrecemos lecciones de espa\u00f1ol tanto para clases privadas como grupales, desde principiantes hasta los estudiantes m\u00e1s avanzados. Tambi\u00e9n organizamos recogida en el aeropuerto, excursiones privadas opcionales personalizadas, clases de baile de salsa y asesoramiento sobre alojamiento para ayudarlo a aprovechar al m\u00e1ximo su estad\u00eda en Panam\u00e1.[\/vc_column_text][\/vc_column][\/vc_row][vc_row css=&#8221;.vc_custom_1606819914025{padding-top: 30px !important;padding-bottom: 30px !important;}&#8221;][vc_column]<div id=\"ultimate-heading-566769d00e65e767f\" class=\"uvc-heading ult-adjust-bottom-margin ultimate-heading-566769d00e65e767f uvc-2728 accent-border-color\" data-hspacer=\"line_only\"  data-halign=\"center\" style=\"text-align:center\"><div class=\"uvc-main-heading ult-responsive\"  data-ultimate-target='.uvc-heading.ultimate-heading-566769d00e65e767f h2'  data-responsive-json-new='{\"font-size\":\"desktop:40px;\",\"line-height\":\"desktop:50px;\"}' ><h2 style=\"--font-weight:theme;margin-bottom:15px;\">Spanish Panama as featured in<\/h2><\/div><div class=\"uvc-heading-spacer line_only\" style=\"margin-bottom:60px;height:4px;\"><span class=\"uvc-headings-line\" style=\"border-style:solid;border-bottom-width:4px;border-color:;width:100px;\"><\/span><\/div><\/div>[vc_row_inner][vc_column_inner]<div id=\"ult-carousel-116406707069d00e65e7b00\" class=\"ult-carousel-wrapper   ult_horizontal\" data-gutter=\"15\" data-rtl=\"false\" ><div class=\"ult-carousel-207458033269d00e65e7746 \" >[vc_column_text]<img decoding=\"async\" class=\"aligncenter size-full wp-image-2627\" src=\"http:\/\/spanishpanama.com\/wp-content\/uploads\/2020\/12\/hp-spanish-panama.png\" alt=\"\" width=\"200\" height=\"42\" \/>[\/vc_column_text][vc_column_text]<img decoding=\"async\" class=\"aligncenter size-full wp-image-2629\" src=\"http:\/\/spanishpanama.com\/wp-content\/uploads\/2020\/12\/frommers2.png\" alt=\"\" width=\"150\" height=\"44\" \/>[\/vc_column_text][vc_column_text]<img decoding=\"async\" class=\"aligncenter size-full wp-image-5119\" src=\"http:\/\/spanishpanama.com\/wp-content\/uploads\/2020\/12\/laestrella.jpg\" alt=\"\" width=\"189\" height=\"70\" \/>[\/vc_column_text][vc_column_text]<img decoding=\"async\" class=\"aligncenter size-full wp-image-2628\" src=\"http:\/\/spanishpanama.com\/wp-content\/uploads\/2020\/12\/rough-guides2.png\" alt=\"\" width=\"150\" height=\"44\" \/>[\/vc_column_text][vc_column_text]<img decoding=\"async\" class=\"aligncenter size-full wp-image-5120\" src=\"http:\/\/spanishpanama.com\/wp-content\/uploads\/2020\/12\/newsroom-panama1.jpg\" alt=\"\" width=\"172\" height=\"70\" \/>[\/vc_column_text][vc_column_text]<img decoding=\"async\" class=\"aligncenter size-full wp-image-2632\" src=\"http:\/\/spanishpanama.com\/wp-content\/uploads\/2020\/12\/letsgo2.png\" alt=\"\" width=\"150\" height=\"44\" \/>[\/vc_column_text][vc_column_text]<img decoding=\"async\" class=\"aligncenter size-full wp-image-5121\" src=\"http:\/\/spanishpanama.com\/wp-content\/uploads\/2020\/12\/panamanews.jpg\" alt=\"\" width=\"212\" height=\"70\" \/>[\/vc_column_text][vc_column_text]<img decoding=\"async\" class=\"aligncenter size-full wp-image-2630\" src=\"http:\/\/spanishpanama.com\/wp-content\/uploads\/2020\/12\/lonely-planet2.png\" alt=\"\" width=\"150\" height=\"44\" \/>[\/vc_column_text][vc_column_text]<img decoding=\"async\" class=\"aligncenter size-full wp-image-2631\" src=\"http:\/\/spanishpanama.com\/wp-content\/uploads\/2020\/12\/moon2.png\" alt=\"\" width=\"150\" height=\"44\" \/>[\/vc_column_text][vc_column_text]<img decoding=\"async\" class=\"aligncenter size-full wp-image-2633\" src=\"http:\/\/spanishpanama.com\/wp-content\/uploads\/2020\/12\/tripadv-recomends.png\" alt=\"\" width=\"150\" height=\"44\" \/>[\/vc_column_text]<\/div><\/div>\t\t\t<script type=\"text\/javascript\">\n\t\t\t\tjQuery(document).ready(function ($) {\n\t\t\t\t\tif( typeof jQuery('.ult-carousel-207458033269d00e65e7746').slick == \"function\"){\n\t\t\t\t\t\t$('.ult-carousel-207458033269d00e65e7746').slick({dots: false,autoplaySpeed: 5000,speed: 300,infinite: false,arrows: true,nextArrow: '<button type=\"button\" role=\"button\" aria-label=\"Next\" style=\"color:#333333; font-size:20px;\" class=\"slick-next default\"><i class=\"ultsl-arrow-right4\"><\/i><\/button>',prevArrow: '<button type=\"button\" role=\"button\" aria-label=\"Previous\" style=\"color:#333333; font-size:20px;\" class=\"slick-prev default\"><i class=\"ultsl-arrow-left4\"><\/i><\/button>',slidesToScroll:6,slidesToShow:6,swipe: true,draggable: true,touchMove: true,pauseOnHover: true,pauseOnFocus: false,responsive: [\n\t\t\t\t\t\t\t{\n\t\t\t\t\t\t\t  breakpoint: 1026,\n\t\t\t\t\t\t\t  settings: {\n\t\t\t\t\t\t\t\tslidesToShow: 6,\n\t\t\t\t\t\t\t\tslidesToScroll: 6,  \n\t\t\t\t\t\t\t  }\n\t\t\t\t\t\t\t},\n\t\t\t\t\t\t\t{\n\t\t\t\t\t\t\t  breakpoint: 1025,\n\t\t\t\t\t\t\t  settings: {\n\t\t\t\t\t\t\t\tslidesToShow: 6,\n\t\t\t\t\t\t\t\tslidesToScroll: 6\n\t\t\t\t\t\t\t  }\n\t\t\t\t\t\t\t},\n\t\t\t\t\t\t\t{\n\t\t\t\t\t\t\t  breakpoint: 760,\n\t\t\t\t\t\t\t  settings: {\n\t\t\t\t\t\t\t\tslidesToShow: 2,\n\t\t\t\t\t\t\t\tslidesToScroll: 2\n\t\t\t\t\t\t\t  }\n\t\t\t\t\t\t\t}\n\t\t\t\t\t\t],pauseOnDotsHover: true,customPaging: function(slider, i) {\n                   return '<i type=\"button\" style= \"color:#333333;\" class=\"ultsl-record\" data-role=\"none\"><\/i>';\n                },});\n\t\t\t\t\t}\n\t\t\t\t});\n\t\t\t<\/script>\n\t\t\t[\/vc_column_inner][\/vc_row_inner][\/vc_column][\/vc_row][vc_row full_width=&#8221;stretch_row&#8221; css=&#8221;.vc_custom_1607353849284{margin-top: 20px !important;margin-bottom: 20px !important;padding-top: 30px !important;padding-bottom: 30px !important;background-color: #ab210a !important;}&#8221;][vc_column width=&#8221;1\/6&#8243;][\/vc_column][vc_column width=&#8221;2\/3&#8243; css=&#8221;.vc_custom_1607353982044{padding-top: 25px !important;padding-right: 25px !important;padding-left: 25px !important;}&#8221;][vc_column_text]<\/p>\n<p style=\"text-align: justify;\"><span style=\"color: #ffffff;\"><em>Spanish Panama is wonderful!! The teachers are absolutely AWESOME in every way! They are not only fabulous teachers, but also very friendly and engaging. The administrators are very organized and very personable. The school building is very nice, clean, and has numerous separate classrooms. I spent 6 hours each day for the past 2 weeks at Spanish Panama. I learned so much\u2026.never a wasted moment\u2026. I can\u2019t wait to do it again!!! Thank you Spanish Panama!!! See you again soon\u2026<\/em><\/span><\/p>\n<p>[\/vc_column_text][vc_column_text]<\/p>\n<p class=\"iw-so-testimonial-name iw-text-center\" style=\"text-align: right;\"><span style=\"color: #ffffff;\"><em>&#8211; Dr Tamika<\/em><\/span><\/p>\n<p style=\"text-align: right;\"><span style=\"color: #ffffff;\"><em>London<\/em><\/span><\/p>\n<p>[\/vc_column_text][vc_column_text]<\/p>\n<h3 style=\"text-align: center;\"><span style=\"color: #ffffff;\"><a style=\"color: #ffffff;\" href=\"http:\/\/spanishpanama.com\/reviews\/\" target=\"_blank\" rel=\"nofollow noopener noreferrer\" shape=\"rect\"><span lang=\"EN-US\">20-years School Reviews<\/span><\/a><\/span><\/h3>\n<p>[\/vc_column_text][\/vc_column][vc_column width=&#8221;1\/6&#8243;][\/vc_column][\/vc_row][vc_row][vc_column width=&#8221;1\/3&#8243;][vc_column_text]<a class=\"dt-pswp-item\" href=\"http:\/\/spanishpanama.com\/wp-content\/uploads\/2020\/12\/WhatsApp-Image-2020-12-27-at-06.51.09.jpeg\" data-dt-img-description=\"\" data-large_image_width=\"1280\" data-large_image_height=\"622\"><img decoding=\"async\" class=\"aligncenter size-full wp-image-8517\" src=\"http:\/\/spanishpanama.com\/wp-content\/uploads\/2020\/12\/WhatsApp-Image-2020-12-27-at-06.51.09.jpeg\" alt=\"\" width=\"1280\" height=\"622\" srcset=\"https:\/\/spanishpanama.com\/wp-content\/uploads\/2020\/12\/WhatsApp-Image-2020-12-27-at-06.51.09.jpeg 1280w, https:\/\/spanishpanama.com\/wp-content\/uploads\/2020\/12\/WhatsApp-Image-2020-12-27-at-06.51.09-300x146.jpeg 300w, https:\/\/spanishpanama.com\/wp-content\/uploads\/2020\/12\/WhatsApp-Image-2020-12-27-at-06.51.09-1024x498.jpeg 1024w, https:\/\/spanishpanama.com\/wp-content\/uploads\/2020\/12\/WhatsApp-Image-2020-12-27-at-06.51.09-768x373.jpeg 768w\" sizes=\"(max-width: 1280px) 100vw, 1280px\" \/><\/a>[\/vc_column_text][\/vc_column][vc_column width=&#8221;1\/3&#8243;][vc_column_text]<a class=\"dt-pswp-item\" href=\"http:\/\/spanishpanama.com\/wp-content\/uploads\/2020\/12\/WhatsApp-Image-2020-12-27-at-06.51.08.jpeg\" data-dt-img-description=\"\" data-large_image_width=\"1280\" data-large_image_height=\"622\"><img decoding=\"async\" class=\"aligncenter size-full wp-image-8516\" src=\"http:\/\/spanishpanama.com\/wp-content\/uploads\/2020\/12\/WhatsApp-Image-2020-12-27-at-06.51.08.jpeg\" alt=\"\" width=\"1280\" height=\"622\" srcset=\"https:\/\/spanishpanama.com\/wp-content\/uploads\/2020\/12\/WhatsApp-Image-2020-12-27-at-06.51.08.jpeg 1280w, https:\/\/spanishpanama.com\/wp-content\/uploads\/2020\/12\/WhatsApp-Image-2020-12-27-at-06.51.08-300x146.jpeg 300w, https:\/\/spanishpanama.com\/wp-content\/uploads\/2020\/12\/WhatsApp-Image-2020-12-27-at-06.51.08-1024x498.jpeg 1024w, https:\/\/spanishpanama.com\/wp-content\/uploads\/2020\/12\/WhatsApp-Image-2020-12-27-at-06.51.08-768x373.jpeg 768w\" sizes=\"(max-width: 1280px) 100vw, 1280px\" \/><\/a>[\/vc_column_text][\/vc_column][vc_column width=&#8221;1\/3&#8243;][vc_column_text]<a class=\"dt-pswp-item\" href=\"http:\/\/spanishpanama.com\/wp-content\/uploads\/2020\/12\/WhatsApp-Image-2020-12-27-at-06.51.09-1.jpeg\" data-dt-img-description=\"\" data-large_image_width=\"1280\" data-large_image_height=\"622\"><img decoding=\"async\" class=\"aligncenter size-full wp-image-8515\" src=\"http:\/\/spanishpanama.com\/wp-content\/uploads\/2020\/12\/WhatsApp-Image-2020-12-27-at-06.51.09-1.jpeg\" alt=\"\" width=\"1280\" height=\"622\" srcset=\"https:\/\/spanishpanama.com\/wp-content\/uploads\/2020\/12\/WhatsApp-Image-2020-12-27-at-06.51.09-1.jpeg 1280w, https:\/\/spanishpanama.com\/wp-content\/uploads\/2020\/12\/WhatsApp-Image-2020-12-27-at-06.51.09-1-300x146.jpeg 300w, https:\/\/spanishpanama.com\/wp-content\/uploads\/2020\/12\/WhatsApp-Image-2020-12-27-at-06.51.09-1-1024x498.jpeg 1024w, https:\/\/spanishpanama.com\/wp-content\/uploads\/2020\/12\/WhatsApp-Image-2020-12-27-at-06.51.09-1-768x373.jpeg 768w\" sizes=\"(max-width: 1280px) 100vw, 1280px\" \/><\/a>[\/vc_column_text][\/vc_column][\/vc_row][vc_row][vc_column]<div id=\"ultimate-heading-196469d00e65e7d34\" class=\"uvc-heading ult-adjust-bottom-margin ultimate-heading-196469d00e65e7d34 uvc-4589 accent-border-color\" data-hspacer=\"line_only\"  data-halign=\"center\" style=\"text-align:center\"><div class=\"uvc-main-heading ult-responsive\"  data-ultimate-target='.uvc-heading.ultimate-heading-196469d00e65e7d34 h2'  data-responsive-json-new='{\"font-size\":\"desktop:40px;\",\"line-height\":\"desktop:50px;\"}' ><h2 style=\"--font-weight:theme;margin-bottom:15px;\">From Our Spanish Panama Blog<\/h2><\/div><div class=\"uvc-heading-spacer line_only\" style=\"margin-bottom:60px;height:4px;\"><span class=\"uvc-headings-line\" style=\"border-style:solid;border-bottom-width:4px;border-color:;width:100px;\"><\/span><\/div><\/div>[vc_basic_grid post_type=&#8221;post&#8221; max_items=&#8221;4&#8243; element_width=&#8221;3&#8243; grid_id=&#8221;vc_gid:1611560825155-227425ab-c670-0&#8243; taxonomies=&#8221;43&#8243;][\/vc_column][\/vc_row]<\/p>\n","protected":false},"excerpt":{"rendered":"<p>[vc_row full_width=&rdquo;stretch_row&rdquo; parallax=&rdquo;content-moving&rdquo; parallax_image=&rdquo;5108&Prime; css=&rdquo;.vc_custom_1607076669426{padding-top: 20% !important;padding-bottom: 20% !important;}&rdquo;][vc_column css=&rdquo;.vc_custom_1607076871417{border-top-width: 4px !important;border-right-width: 4px !important;border-bottom-width: 4px !important;border-left-width: 4px !important;padding-top: 35px !important;padding-right: 30px !important;padding-bottom: 20px !important;padding-left: 30px !important;background-color: #ffffff !important;border-left-color: #c11018 !important;border-left-style: solid !important;border-right-color: #c11018 !important;border-right-style: solid !important;border-top-color: #c11018 !important;border-top-style: solid !important;border-bottom-color: #c11018 !important;border-bottom-style: solid !important;}&rdquo;][vc_column_text] APRENDER ESPA&Ntilde;OL EN PANAM&Aacute; [\/vc_column_text][vc_column_text]Spanish Panama Language School es el mejor&hellip;<\/p>\n","protected":false},"author":1,"featured_media":0,"parent":0,"menu_order":0,"comment_status":"closed","ping_status":"closed","template":"","meta":[],"class_list":["post-9280","page","type-page","status-publish","hentry","description-off"],"yoast_head":"<!-- This site is optimized with the Yoast SEO plugin v27.3 - https:\/\/yoast.com\/product\/yoast-seo-wordpress\/ -->\n<title>Aprende espa\u00f1ol en Panam\u00e1 | Clases Personalizadas | Espa\u00f1ol Panam\u00e1 Idioma<\/title>\n<meta name=\"description\" content=\"Descubre por qu\u00e9 Panam\u00e1 es el lugar perfecto para aprender espa\u00f1ol con Spanish Panama Language School. Con 20 a\u00f1os de experiencia, nuestras clases personalizadas ofrecen un enfoque flexible y efectivo para el aprendizaje de idiomas para estudiantes de todos los niveles.\" \/>\n<meta name=\"robots\" content=\"index, follow, max-snippet:-1, max-image-preview:large, max-video-preview:-1\" \/>\n<link rel=\"canonical\" href=\"https:\/\/spanishpanama.com\/es\/learn-spanish\/\" \/>\n<meta property=\"og:locale\" content=\"es_ES\" \/>\n<meta property=\"og:type\" content=\"article\" \/>\n<meta property=\"og:title\" content=\"Aprende espa\u00f1ol en Panam\u00e1 | Clases Personalizadas | Espa\u00f1ol Panam\u00e1 Idioma\" \/>\n<meta property=\"og:description\" content=\"Descubre por qu\u00e9 Panam\u00e1 es el lugar perfecto para aprender espa\u00f1ol con Spanish Panama Language School. Con 20 a\u00f1os de experiencia, nuestras clases personalizadas ofrecen un enfoque flexible y efectivo para el aprendizaje de idiomas para estudiantes de todos los niveles.\" \/>\n<meta property=\"og:url\" content=\"https:\/\/spanishpanama.com\/es\/learn-spanish\/\" \/>\n<meta property=\"og:site_name\" content=\"Spanish Classes In Panama | Learn Spanish Abroad | Spanish Language Immersion Programs\" \/>\n<meta property=\"article:modified_time\" content=\"2023-05-07T11:00:22+00:00\" \/>\n<meta property=\"og:image\" content=\"http:\/\/spanishpanama.com\/wp-content\/uploads\/2020\/12\/hp-spanish-panama.png\" \/>\n<meta name=\"twitter:card\" content=\"summary_large_image\" \/>\n<meta name=\"twitter:label1\" content=\"Tiempo de lectura\" \/>\n\t<meta name=\"twitter:data1\" content=\"5 minutos\" \/>\n<!-- \/ Yoast SEO plugin. -->","yoast_head_json":{"title":"Aprende espa\u00f1ol en Panam\u00e1 | Clases Personalizadas | Espa\u00f1ol Panam\u00e1 Idioma","description":"Descubre por qu\u00e9 Panam\u00e1 es el lugar perfecto para aprender espa\u00f1ol con Spanish Panama Language School. Con 20 a\u00f1os de experiencia, nuestras clases personalizadas ofrecen un enfoque flexible y efectivo para el aprendizaje de idiomas para estudiantes de todos los niveles.","robots":{"index":"index","follow":"follow","max-snippet":"max-snippet:-1","max-image-preview":"max-image-preview:large","max-video-preview":"max-video-preview:-1"},"canonical":"https:\/\/spanishpanama.com\/es\/learn-spanish\/","og_locale":"es_ES","og_type":"article","og_title":"Aprende espa\u00f1ol en Panam\u00e1 | Clases Personalizadas | Espa\u00f1ol Panam\u00e1 Idioma","og_description":"Descubre por qu\u00e9 Panam\u00e1 es el lugar perfecto para aprender espa\u00f1ol con Spanish Panama Language School. Con 20 a\u00f1os de experiencia, nuestras clases personalizadas ofrecen un enfoque flexible y efectivo para el aprendizaje de idiomas para estudiantes de todos los niveles.","og_url":"https:\/\/spanishpanama.com\/es\/learn-spanish\/","og_site_name":"Spanish Classes In Panama | Learn Spanish Abroad | Spanish Language Immersion Programs","article_modified_time":"2023-05-07T11:00:22+00:00","og_image":[{"url":"http:\/\/spanishpanama.com\/wp-content\/uploads\/2020\/12\/hp-spanish-panama.png","type":"","width":"","height":""}],"twitter_card":"summary_large_image","twitter_misc":{"Tiempo de lectura":"5 minutos"},"schema":{"@context":"https:\/\/schema.org","@graph":[{"@type":"WebPage","@id":"https:\/\/spanishpanama.com\/es\/learn-spanish\/","url":"https:\/\/spanishpanama.com\/es\/learn-spanish\/","name":"Aprende espa\u00f1ol en Panam\u00e1 | Clases Personalizadas | Espa\u00f1ol Panam\u00e1 Idioma","isPartOf":{"@id":"https:\/\/spanishpanama.com\/#website"},"primaryImageOfPage":{"@id":"https:\/\/spanishpanama.com\/es\/learn-spanish\/#primaryimage"},"image":{"@id":"https:\/\/spanishpanama.com\/es\/learn-spanish\/#primaryimage"},"thumbnailUrl":"http:\/\/spanishpanama.com\/wp-content\/uploads\/2020\/12\/hp-spanish-panama.png","datePublished":"2021-01-19T10:31:56+00:00","dateModified":"2023-05-07T11:00:22+00:00","description":"Descubre por qu\u00e9 Panam\u00e1 es el lugar perfecto para aprender espa\u00f1ol con Spanish Panama Language School. Con 20 a\u00f1os de experiencia, nuestras clases personalizadas ofrecen un enfoque flexible y efectivo para el aprendizaje de idiomas para estudiantes de todos los niveles.","breadcrumb":{"@id":"https:\/\/spanishpanama.com\/es\/learn-spanish\/#breadcrumb"},"inLanguage":"es","potentialAction":[{"@type":"ReadAction","target":["https:\/\/spanishpanama.com\/es\/learn-spanish\/"]}]},{"@type":"ImageObject","inLanguage":"es","@id":"https:\/\/spanishpanama.com\/es\/learn-spanish\/#primaryimage","url":"http:\/\/spanishpanama.com\/wp-content\/uploads\/2020\/12\/hp-spanish-panama.png","contentUrl":"http:\/\/spanishpanama.com\/wp-content\/uploads\/2020\/12\/hp-spanish-panama.png"},{"@type":"BreadcrumbList","@id":"https:\/\/spanishpanama.com\/es\/learn-spanish\/#breadcrumb","itemListElement":[{"@type":"ListItem","position":1,"name":"Home","item":"https:\/\/spanishpanama.com\/es\/"},{"@type":"ListItem","position":2,"name":"APRENDA ESPA\u00d1OL"}]},{"@type":"WebSite","@id":"https:\/\/spanishpanama.com\/#website","url":"https:\/\/spanishpanama.com\/","name":"Spanish Classes In Panama | Learn Spanish Abroad | Spanish Language Immersion Programs","description":"Spanish language school in Panama City, Republic of Panama","potentialAction":[{"@type":"SearchAction","target":{"@type":"EntryPoint","urlTemplate":"https:\/\/spanishpanama.com\/?s={search_term_string}"},"query-input":{"@type":"PropertyValueSpecification","valueRequired":true,"valueName":"search_term_string"}}],"inLanguage":"es"}]}},"_links":{"self":[{"href":"https:\/\/spanishpanama.com\/es\/wp-json\/wp\/v2\/pages\/9280","targetHints":{"allow":["GET"]}}],"collection":[{"href":"https:\/\/spanishpanama.com\/es\/wp-json\/wp\/v2\/pages"}],"about":[{"href":"https:\/\/spanishpanama.com\/es\/wp-json\/wp\/v2\/types\/page"}],"author":[{"embeddable":true,"href":"https:\/\/spanishpanama.com\/es\/wp-json\/wp\/v2\/users\/1"}],"replies":[{"embeddable":true,"href":"https:\/\/spanishpanama.com\/es\/wp-json\/wp\/v2\/comments?post=9280"}],"version-history":[{"count":3,"href":"https:\/\/spanishpanama.com\/es\/wp-json\/wp\/v2\/pages\/9280\/revisions"}],"predecessor-version":[{"id":9649,"href":"https:\/\/spanishpanama.com\/es\/wp-json\/wp\/v2\/pages\/9280\/revisions\/9649"}],"wp:attachment":[{"href":"https:\/\/spanishpanama.com\/es\/wp-json\/wp\/v2\/media?parent=9280"}],"curies":[{"name":"wp","href":"https:\/\/api.w.org\/{rel}","templated":true}]}}