{"id":9185,"date":"2021-01-19T10:05:47","date_gmt":"2021-01-19T10:05:47","guid":{"rendered":"http:\/\/spanishpanama.com\/?page_id=9185"},"modified":"2023-05-07T11:19:02","modified_gmt":"2023-05-07T11:19:02","slug":"enroll","status":"publish","type":"page","link":"https:\/\/spanishpanama.com\/es\/enroll\/","title":{"rendered":"Inscribirse"},"content":{"rendered":"<p>[vc_row full_width=&#8221;stretch_row&#8221; parallax=&#8221;content-moving&#8221; parallax_image=&#8221;5108&#8243; css=&#8221;.vc_custom_1607076669426{padding-top: 20% !important;padding-bottom: 20% !important;}&#8221;][vc_column css=&#8221;.vc_custom_1607076871417{border-top-width: 4px !important;border-right-width: 4px !important;border-bottom-width: 4px !important;border-left-width: 4px !important;padding-top: 35px !important;padding-right: 30px !important;padding-bottom: 20px !important;padding-left: 30px !important;background-color: #ffffff !important;border-left-color: #c11018 !important;border-left-style: solid !important;border-right-color: #c11018 !important;border-right-style: solid !important;border-top-color: #c11018 !important;border-top-style: solid !important;border-bottom-color: #c11018 !important;border-bottom-style: solid !important;}&#8221;][vc_column_text]<\/p>\n<h1 class=\"text-center\" style=\"text-align: center;\">INSCRIBIRSE<\/h1>\n<p>[\/vc_column_text][\/vc_column][\/vc_row][vc_row css=&#8221;.vc_custom_1470926290410{margin-top: 30px !important;margin-bottom: 80px !important;}&#8221;][vc_column width=&#8221;1\/6&#8243; css=&#8221;.vc_custom_1470924975090{padding-left: 30px !important;}&#8221;][vc_row_inner][vc_column_inner][\/vc_column_inner][\/vc_row_inner][\/vc_column][vc_column width=&#8221;2\/3&#8243; css=&#8221;.vc_custom_1607858371847{padding-top: 20px !important;padding-right: 20px !important;padding-bottom: 20px !important;padding-left: 20px !important;background-color: #e8e5e5 !important;}&#8221;][vc_column_text]<\/p>\n<h2 class=\"title\">FORMULARIO DE INSCRIPCI\u00d3N<\/h2>\n<p>[\/vc_column_text]\n<div class=\"wpcf7 no-js\" id=\"wpcf7-f9859-o1\" lang=\"en-US\" dir=\"ltr\" data-wpcf7-id=\"9859\">\n<div class=\"screen-reader-response\"><p role=\"status\" aria-live=\"polite\" aria-atomic=\"true\"><\/p> <ul><\/ul><\/div>\n<form action=\"\/es\/wp-json\/wp\/v2\/pages\/9185#wpcf7-f9859-o1\" method=\"post\" class=\"wpcf7-form init\" aria-label=\"Contact form\" novalidate=\"novalidate\" data-status=\"init\">\n<fieldset class=\"hidden-fields-container\"><input type=\"hidden\" name=\"_wpcf7\" value=\"9859\" \/><input type=\"hidden\" name=\"_wpcf7_version\" value=\"6.1.5\" \/><input type=\"hidden\" name=\"_wpcf7_locale\" value=\"en_US\" \/><input type=\"hidden\" name=\"_wpcf7_unit_tag\" value=\"wpcf7-f9859-o1\" \/><input type=\"hidden\" name=\"_wpcf7_container_post\" value=\"0\" \/><input type=\"hidden\" name=\"_wpcf7_posted_data_hash\" value=\"\" \/><input type=\"hidden\" name=\"_wpcf7_recaptcha_response\" value=\"\" \/>\n<\/fieldset>\n<p><span class=\"wpcf7-form-control-wrap\" data-name=\"radio-967\"><span class=\"wpcf7-form-control wpcf7-radio\"><span class=\"wpcf7-list-item first\"><label><input type=\"radio\" name=\"radio-967\" value=\"Quiero aprender \/ mejorar el ingl\u00e9s\" checked=\"checked\" \/><span class=\"wpcf7-list-item-label\">Quiero aprender \/ mejorar el ingl\u00e9s<\/span><\/label><\/span><span class=\"wpcf7-list-item last\"><label><input type=\"radio\" name=\"radio-967\" value=\"Quiero aprender \/ mejorar el espa\u00f1ol\" \/><span class=\"wpcf7-list-item-label\">Quiero aprender \/ mejorar el espa\u00f1ol<\/span><\/label><\/span><\/span><\/span>\n<\/p>\n<p><span class=\"wpcf7-form-control-wrap\" data-name=\"your-name\"><input size=\"40\" maxlength=\"400\" class=\"wpcf7-form-control wpcf7-text wpcf7-validates-as-required\" aria-required=\"true\" aria-invalid=\"false\" placeholder=\"Nombre: *\" value=\"\" type=\"text\" name=\"your-name\" \/><\/span>\n<\/p>\n<p><span class=\"wpcf7-form-control-wrap\" data-name=\"your-email\"><input size=\"40\" maxlength=\"400\" class=\"wpcf7-form-control wpcf7-email wpcf7-validates-as-required wpcf7-text wpcf7-validates-as-email\" aria-required=\"true\" aria-invalid=\"false\" placeholder=\"Correo electr\u00f3nico: *\" value=\"\" type=\"email\" name=\"your-email\" \/><\/span>\n<\/p>\n<p><span class=\"wpcf7-form-control-wrap\" data-name=\"address\"><input size=\"40\" maxlength=\"400\" class=\"wpcf7-form-control wpcf7-text\" aria-invalid=\"false\" placeholder=\"Direcci\u00f3n:\" value=\"\" type=\"text\" name=\"address\" \/><\/span>\n<\/p>\n<p><span class=\"wpcf7-form-control-wrap\" data-name=\"country\"><input size=\"40\" maxlength=\"400\" class=\"wpcf7-form-control wpcf7-text\" aria-invalid=\"false\" placeholder=\"Pa\u00eds:\" value=\"\" type=\"text\" name=\"country\" \/><\/span>\n<\/p>\n<p><span class=\"wpcf7-form-control-wrap\" data-name=\"your-phone\"><input size=\"40\" maxlength=\"400\" class=\"wpcf7-form-control wpcf7-text wpcf7-validates-as-required\" aria-required=\"true\" aria-invalid=\"false\" placeholder=\"Celular (o tel\u00e9fono de la oficina \/ casa): *\" value=\"\" type=\"text\" name=\"your-phone\" \/><\/span>\n<\/p>\n<p><span class=\"wpcf7-form-control-wrap\" data-name=\"ocupation\"><input size=\"40\" maxlength=\"400\" class=\"wpcf7-form-control wpcf7-text\" aria-invalid=\"false\" placeholder=\"Ocupaci\u00f3n:\" value=\"\" type=\"text\" name=\"ocupation\" \/><\/span>\n<\/p>\n<p><span class=\"wpcf7-form-control-wrap\" data-name=\"hours\"><input size=\"40\" maxlength=\"400\" class=\"wpcf7-form-control wpcf7-text\" aria-invalid=\"false\" placeholder=\"N\u00famero aproximado de horas o semanas de clases:\" value=\"\" type=\"text\" name=\"hours\" \/><\/span>\n<\/p>\n<p><span class=\"wpcf7-form-control-wrap\" data-name=\"startingdate\"><input size=\"40\" maxlength=\"400\" class=\"wpcf7-form-control wpcf7-text\" aria-invalid=\"false\" placeholder=\"Fecha de inicioe:\" value=\"\" type=\"text\" name=\"startingdate\" \/><\/span>\n<\/p>\n<p><span class=\"wpcf7-form-control-wrap\" data-name=\"level\"><input size=\"40\" maxlength=\"400\" class=\"wpcf7-form-control wpcf7-text\" aria-invalid=\"false\" placeholder=\"\u00bfCu\u00e1l es tu nivel en el idioma ?:\" value=\"\" type=\"text\" name=\"level\" \/><\/span>\n<\/p>\n<h3>QUIERO CLASES\n<\/h3>\n<p><span class=\"wpcf7-form-control-wrap\" data-name=\"whatclass\"><span class=\"wpcf7-form-control wpcf7-radio\"><span class=\"wpcf7-list-item first\"><input type=\"radio\" name=\"whatclass\" value=\"Lecciones en l\u00ednea\" \/><span class=\"wpcf7-list-item-label\">Lecciones en l\u00ednea<\/span><\/span><span class=\"wpcf7-list-item\"><input type=\"radio\" name=\"whatclass\" value=\"En nuestra escuela en Panam\u00e1 (V\u00eda Argentina)\" \/><span class=\"wpcf7-list-item-label\">En nuestra escuela en Panam\u00e1 (V\u00eda Argentina)<\/span><\/span><span class=\"wpcf7-list-item last\"><input type=\"radio\" name=\"whatclass\" value=\"En su oficina o residencia en Panam\u00e1\" \/><span class=\"wpcf7-list-item-label\">En su oficina o residencia en Panam\u00e1<\/span><\/span><\/span><\/span>\n<\/p>\n<p>\u00bfRepresentas a un grupo de personas que quieren clases de idiomas?<br \/>\n\u00bfTiene alguna solicitud de aprendizaje especial o est\u00e1 interesado en otros servicios?<br \/>\n<span class=\"wpcf7-form-control-wrap\" data-name=\"moreinfo\"><textarea cols=\"40\" rows=\"10\" maxlength=\"2000\" class=\"wpcf7-form-control wpcf7-textarea\" aria-invalid=\"false\" placeholder=\"M\u00e1s informaci\u00f3n :\" name=\"moreinfo\"><\/textarea><\/span><br \/>\n<\/p>\n<p><input class=\"wpcf7-form-control wpcf7-submit has-spinner\" type=\"submit\" value=\"ENVIAR\" \/>\n<\/p><div class=\"wpcf7-response-output\" aria-hidden=\"true\"><\/div>\n<\/form>\n<\/div>\n[\/vc_column][vc_column width=&#8221;1\/6&#8243;][\/vc_column][\/vc_row]<\/p>\n","protected":false},"excerpt":{"rendered":"<p>[vc_row full_width=&rdquo;stretch_row&rdquo; parallax=&rdquo;content-moving&rdquo; parallax_image=&rdquo;5108&Prime; css=&rdquo;.vc_custom_1607076669426{padding-top: 20% !important;padding-bottom: 20% !important;}&rdquo;][vc_column css=&rdquo;.vc_custom_1607076871417{border-top-width: 4px !important;border-right-width: 4px !important;border-bottom-width: 4px !important;border-left-width: 4px !important;padding-top: 35px !important;padding-right: 30px !important;padding-bottom: 20px !important;padding-left: 30px !important;background-color: #ffffff !important;border-left-color: #c11018 !important;border-left-style: solid !important;border-right-color: #c11018 !important;border-right-style: solid !important;border-top-color: #c11018 !important;border-top-style: solid !important;border-bottom-color: #c11018 !important;border-bottom-style: solid !important;}&rdquo;][vc_column_text] INSCRIBIRSE [\/vc_column_text][\/vc_column][\/vc_row][vc_row css=&rdquo;.vc_custom_1470926290410{margin-top: 30px !important;margin-bottom: 80px !important;}&rdquo;][vc_column width=&rdquo;1\/6&Prime; css=&rdquo;.vc_custom_1470924975090{padding-left: 30px !important;}&rdquo;][vc_row_inner][vc_column_inner][\/vc_column_inner][\/vc_row_inner][\/vc_column][vc_column&hellip;<\/p>\n","protected":false},"author":1,"featured_media":0,"parent":0,"menu_order":0,"comment_status":"closed","ping_status":"closed","template":"","meta":[],"class_list":["post-9185","page","type-page","status-publish","hentry","description-off"],"yoast_head":"<!-- This site is optimized with the Yoast SEO plugin v27.4 - https:\/\/yoast.com\/product\/yoast-seo-wordpress\/ -->\n<title>Inscr\u00edbete ahora en Spanish Panama Language School | Clases de espa\u00f1ol e ingl\u00e9s<\/title>\n<meta name=\"description\" content=\"\u00bfListo para dar el siguiente paso para aprender espa\u00f1ol o ingl\u00e9s? Complete nuestro sencillo formulario de inscripci\u00f3n y elija entre una variedad de clases que incluyen opciones grupales, privadas y en l\u00ednea. \u00danase a los miles de estudiantes satisfechos que han aprendido con \u00e9xito un nuevo idioma con Spanish Panama Language School. \u00a1Inscr\u00edbete hoy!\" \/>\n<meta name=\"robots\" content=\"index, follow, max-snippet:-1, max-image-preview:large, max-video-preview:-1\" \/>\n<link rel=\"canonical\" href=\"https:\/\/spanishpanama.com\/es\/enroll\/\" \/>\n<meta property=\"og:locale\" content=\"es_ES\" \/>\n<meta property=\"og:type\" content=\"article\" \/>\n<meta property=\"og:title\" content=\"Inscr\u00edbete ahora en Spanish Panama Language School | Clases de espa\u00f1ol e ingl\u00e9s\" \/>\n<meta property=\"og:description\" content=\"\u00bfListo para dar el siguiente paso para aprender espa\u00f1ol o ingl\u00e9s? Complete nuestro sencillo formulario de inscripci\u00f3n y elija entre una variedad de clases que incluyen opciones grupales, privadas y en l\u00ednea. \u00danase a los miles de estudiantes satisfechos que han aprendido con \u00e9xito un nuevo idioma con Spanish Panama Language School. \u00a1Inscr\u00edbete hoy!\" \/>\n<meta property=\"og:url\" content=\"https:\/\/spanishpanama.com\/es\/enroll\/\" \/>\n<meta property=\"og:site_name\" content=\"Spanish Classes In Panama | Learn Spanish Abroad | Spanish Language Immersion Programs\" \/>\n<meta property=\"article:modified_time\" content=\"2023-05-07T11:19:02+00:00\" \/>\n<meta name=\"twitter:card\" content=\"summary_large_image\" \/>\n<meta name=\"twitter:label1\" content=\"Tiempo de lectura\" \/>\n\t<meta name=\"twitter:data1\" content=\"1 minuto\" \/>\n<!-- \/ Yoast SEO plugin. -->","yoast_head_json":{"title":"Inscr\u00edbete ahora en Spanish Panama Language School | Clases de espa\u00f1ol e ingl\u00e9s","description":"\u00bfListo para dar el siguiente paso para aprender espa\u00f1ol o ingl\u00e9s? Complete nuestro sencillo formulario de inscripci\u00f3n y elija entre una variedad de clases que incluyen opciones grupales, privadas y en l\u00ednea. \u00danase a los miles de estudiantes satisfechos que han aprendido con \u00e9xito un nuevo idioma con Spanish Panama Language School. \u00a1Inscr\u00edbete hoy!","robots":{"index":"index","follow":"follow","max-snippet":"max-snippet:-1","max-image-preview":"max-image-preview:large","max-video-preview":"max-video-preview:-1"},"canonical":"https:\/\/spanishpanama.com\/es\/enroll\/","og_locale":"es_ES","og_type":"article","og_title":"Inscr\u00edbete ahora en Spanish Panama Language School | Clases de espa\u00f1ol e ingl\u00e9s","og_description":"\u00bfListo para dar el siguiente paso para aprender espa\u00f1ol o ingl\u00e9s? Complete nuestro sencillo formulario de inscripci\u00f3n y elija entre una variedad de clases que incluyen opciones grupales, privadas y en l\u00ednea. \u00danase a los miles de estudiantes satisfechos que han aprendido con \u00e9xito un nuevo idioma con Spanish Panama Language School. \u00a1Inscr\u00edbete hoy!","og_url":"https:\/\/spanishpanama.com\/es\/enroll\/","og_site_name":"Spanish Classes In Panama | Learn Spanish Abroad | Spanish Language Immersion Programs","article_modified_time":"2023-05-07T11:19:02+00:00","twitter_card":"summary_large_image","twitter_misc":{"Tiempo de lectura":"1 minuto"},"schema":{"@context":"https:\/\/schema.org","@graph":[{"@type":"WebPage","@id":"https:\/\/spanishpanama.com\/es\/enroll\/","url":"https:\/\/spanishpanama.com\/es\/enroll\/","name":"Inscr\u00edbete ahora en Spanish Panama Language School | Clases de espa\u00f1ol e ingl\u00e9s","isPartOf":{"@id":"https:\/\/spanishpanama.com\/#website"},"datePublished":"2021-01-19T10:05:47+00:00","dateModified":"2023-05-07T11:19:02+00:00","description":"\u00bfListo para dar el siguiente paso para aprender espa\u00f1ol o ingl\u00e9s? Complete nuestro sencillo formulario de inscripci\u00f3n y elija entre una variedad de clases que incluyen opciones grupales, privadas y en l\u00ednea. \u00danase a los miles de estudiantes satisfechos que han aprendido con \u00e9xito un nuevo idioma con Spanish Panama Language School. \u00a1Inscr\u00edbete hoy!","breadcrumb":{"@id":"https:\/\/spanishpanama.com\/es\/enroll\/#breadcrumb"},"inLanguage":"es","potentialAction":[{"@type":"ReadAction","target":["https:\/\/spanishpanama.com\/es\/enroll\/"]}]},{"@type":"BreadcrumbList","@id":"https:\/\/spanishpanama.com\/es\/enroll\/#breadcrumb","itemListElement":[{"@type":"ListItem","position":1,"name":"Home","item":"https:\/\/spanishpanama.com\/es\/"},{"@type":"ListItem","position":2,"name":"Inscribirse"}]},{"@type":"WebSite","@id":"https:\/\/spanishpanama.com\/#website","url":"https:\/\/spanishpanama.com\/","name":"Spanish Classes In Panama | Learn Spanish Abroad | Spanish Language Immersion Programs","description":"Spanish language school in Panama City, Republic of Panama","potentialAction":[{"@type":"SearchAction","target":{"@type":"EntryPoint","urlTemplate":"https:\/\/spanishpanama.com\/?s={search_term_string}"},"query-input":{"@type":"PropertyValueSpecification","valueRequired":true,"valueName":"search_term_string"}}],"inLanguage":"es"}]}},"_links":{"self":[{"href":"https:\/\/spanishpanama.com\/es\/wp-json\/wp\/v2\/pages\/9185","targetHints":{"allow":["GET"]}}],"collection":[{"href":"https:\/\/spanishpanama.com\/es\/wp-json\/wp\/v2\/pages"}],"about":[{"href":"https:\/\/spanishpanama.com\/es\/wp-json\/wp\/v2\/types\/page"}],"author":[{"embeddable":true,"href":"https:\/\/spanishpanama.com\/es\/wp-json\/wp\/v2\/users\/1"}],"replies":[{"embeddable":true,"href":"https:\/\/spanishpanama.com\/es\/wp-json\/wp\/v2\/comments?post=9185"}],"version-history":[{"count":4,"href":"https:\/\/spanishpanama.com\/es\/wp-json\/wp\/v2\/pages\/9185\/revisions"}],"predecessor-version":[{"id":9862,"href":"https:\/\/spanishpanama.com\/es\/wp-json\/wp\/v2\/pages\/9185\/revisions\/9862"}],"wp:attachment":[{"href":"https:\/\/spanishpanama.com\/es\/wp-json\/wp\/v2\/media?parent=9185"}],"curies":[{"name":"wp","href":"https:\/\/api.w.org\/{rel}","templated":true}]}}