{"id":9006,"date":"2021-01-19T09:49:33","date_gmt":"2021-01-19T09:49:33","guid":{"rendered":"http:\/\/spanishpanama.com\/?page_id=9006"},"modified":"2023-05-07T10:38:25","modified_gmt":"2023-05-07T10:38:25","slug":"classrooms","status":"publish","type":"page","link":"https:\/\/spanishpanama.com\/es\/classrooms\/","title":{"rendered":"SALONES DE CLASES"},"content":{"rendered":"<p>[vc_row full_width=&#8221;stretch_row&#8221; parallax=&#8221;content-moving&#8221; parallax_image=&#8221;5108&#8243; css=&#8221;.vc_custom_1607076669426{padding-top: 20% !important;padding-bottom: 20% !important;}&#8221;][vc_column css=&#8221;.vc_custom_1607076871417{border-top-width: 4px !important;border-right-width: 4px !important;border-bottom-width: 4px !important;border-left-width: 4px !important;padding-top: 35px !important;padding-right: 30px !important;padding-bottom: 20px !important;padding-left: 30px !important;background-color: #ffffff !important;border-left-color: #c11018 !important;border-left-style: solid !important;border-right-color: #c11018 !important;border-right-style: solid !important;border-top-color: #c11018 !important;border-top-style: solid !important;border-bottom-color: #c11018 !important;border-bottom-style: solid !important;}&#8221;][vc_column_text]<\/p>\n<h1 class=\"text-center\" style=\"text-align: center;\"><span lang=\"EN-US\">SALONES DE CLASES<\/span><\/h1>\n<p>[\/vc_column_text][\/vc_column][\/vc_row][vc_row content_placement=&#8221;middle&#8221; css=&#8221;.vc_custom_1609240284378{margin-top: 25px !important;margin-bottom: 25px !important;}&#8221;][vc_column][vc_column_text]El interior de Spanish Panama fue especialmente reconstruido y dise\u00f1ado por el Director con el \u00fanico prop\u00f3sito de ser una escuela de espa\u00f1ol, dando magn\u00edficas vistas desde los salones de clases. Esta es la \u00fanica escuela de espa\u00f1ol con un \u00e1rea social-terraza en Panam\u00e1, \u00e1reas de estudio privadas y c\u00f3modas para elegir, pero con opciones abiertas para socializar con otros estudiantes si as\u00ed lo desea.<\/p>\n<p>Los salones de clase tienen aire acondicionado, pero tambi\u00e9n tienen ventiladores de piso para uso opcional a pedido de los estudiantes ya que sabemos que Panam\u00e1 es tropical y muchos estudiantes est\u00e1n acostumbrados a los pa\u00edses m\u00e1s fr\u00edos del norte.<\/p>\n<p>Los salones de clases son luminosos con pizarrones blancos y luminosos con vistas circundantes desde las grandes ventanas a lo largo de los estudiantes que se encuentran en la mayor\u00eda de los salones de clases. Hay hermosas vistas de la V\u00eda Argentina recientemente renovada.<\/p>\n<p>Se pueden comprar algunos de los libros favoritos de la escuela.<\/p>\n<p>El tama\u00f1o de la proporci\u00f3n de estudiantes por maestro en la clase en Spanish Panama es generalmente peque\u00f1o, con b\u00e1sicamente no m\u00e1s de 4 estudiantes y debe estar en el mismo nivel de espa\u00f1ol. Consideramos que los tama\u00f1os de clase m\u00e1s peque\u00f1os permiten una atenci\u00f3n m\u00e1s personalizada para cada estudiante y m\u00e1s tiempo maestro-estudiante.<\/p>\n<p>Tenemos salones de clases m\u00e1s grandes para clases grupales m\u00e1s grandes si lo solicitan compa\u00f1eros de trabajo en una corporaci\u00f3n comercial o un grupo de amigos.[\/vc_column_text][vc_column_text]<a class=\"dt-pswp-item\" href=\"http:\/\/spanishpanama.com\/wp-content\/uploads\/2020\/12\/Spanish-language-school.jpeg\" data-dt-img-description=\"\" data-large_image_width=\"1280\" data-large_image_height=\"622\"><img decoding=\"async\" class=\"aligncenter size-full wp-image-8508\" src=\"http:\/\/spanishpanama.com\/wp-content\/uploads\/2020\/12\/Spanish-language-school.jpeg\" alt=\"\" width=\"1280\" height=\"622\" srcset=\"https:\/\/spanishpanama.com\/wp-content\/uploads\/2020\/12\/Spanish-language-school.jpeg 1280w, https:\/\/spanishpanama.com\/wp-content\/uploads\/2020\/12\/Spanish-language-school-300x146.jpeg 300w, https:\/\/spanishpanama.com\/wp-content\/uploads\/2020\/12\/Spanish-language-school-1024x498.jpeg 1024w, https:\/\/spanishpanama.com\/wp-content\/uploads\/2020\/12\/Spanish-language-school-768x373.jpeg 768w\" sizes=\"(max-width: 1280px) 100vw, 1280px\" \/><\/a>[\/vc_column_text][\/vc_column][\/vc_row][vc_row content_placement=&#8221;middle&#8221; css=&#8221;.vc_custom_1609240325264{margin-top: 25px !important;}&#8221;][vc_column][vc_column_text]Cada sal\u00f3n de clases tiene un nombre que refleja lo mejor de la tradici\u00f3n, la cultura y la historia de Panam\u00e1. Los maestros y estudiantes a menudo terminan seleccionando su propio sal\u00f3n favorito para sus clases y estamos seguros de que cumpliremos si es posible. Una de nuestras maestras tiene su propia p\u00e1gina de Wikipedia Panam\u00e1 y puedes encontrar a esta autora paname\u00f1a en el gran sal\u00f3n de clases ciudad o, como est\u00e1 marcado en la entrada del sal\u00f3n de clases \u201cSal\u00f3n Ciudad de Panam\u00e1&#8221; en espa\u00f1ol. La profesora Danae utiliza las im\u00e1genes y las personas de la vida cultural de la calle que se pueden ver desde los grandes ventanales del Sal\u00f3n Ciudad como herramientas esenciales en su propio estilo de ense\u00f1anza.<\/p>\n<p>A la gente le encanta el gran espacio social y el \u00e1rea de la terraza con balc\u00f3n con vistas a la calle y el caf\u00e9 y t\u00e9 de cortes\u00eda. Es el lugar perfecto para charlar, practicar espa\u00f1ol y conocer a otros estudiantes en un nivel social privado o m\u00e1s abierto.<\/p>\n<p>Desde los silenciosos salones a\u00fan puede ver y conocer f\u00e1cilmente a otros profesores y estudiantes si as\u00ed lo desea.<\/p>\n<p>Hay una secci\u00f3n del \u00e1rea social donde hablar espa\u00f1ol es obligatorio, pero sin presiones. Se debe hablar espa\u00f1ol y esto motiva a los estudiantes un poco m\u00e1s a usar el idioma como objetivo en un ambiente c\u00f3modo.[\/vc_column_text][vc_column_text]<a class=\"dt-pswp-item\" href=\"http:\/\/spanishpanama.com\/wp-content\/uploads\/2020\/12\/Classrooms-Spanish-Panama.jpeg\" data-dt-img-description=\"\" data-large_image_width=\"1280\" data-large_image_height=\"622\"><img decoding=\"async\" class=\"aligncenter size-full wp-image-8509\" src=\"http:\/\/spanishpanama.com\/wp-content\/uploads\/2020\/12\/Classrooms-Spanish-Panama.jpeg\" alt=\"Classrooms Spanish Panama\" width=\"1280\" height=\"622\" srcset=\"https:\/\/spanishpanama.com\/wp-content\/uploads\/2020\/12\/Classrooms-Spanish-Panama.jpeg 1280w, https:\/\/spanishpanama.com\/wp-content\/uploads\/2020\/12\/Classrooms-Spanish-Panama-300x146.jpeg 300w, https:\/\/spanishpanama.com\/wp-content\/uploads\/2020\/12\/Classrooms-Spanish-Panama-1024x498.jpeg 1024w, https:\/\/spanishpanama.com\/wp-content\/uploads\/2020\/12\/Classrooms-Spanish-Panama-768x373.jpeg 768w\" sizes=\"(max-width: 1280px) 100vw, 1280px\" \/><\/a>[\/vc_column_text][\/vc_column][\/vc_row][vc_row][vc_column width=&#8221;1\/2&#8243;][vc_column_text]<a class=\"dt-pswp-item\" href=\"http:\/\/spanishpanama.com\/wp-content\/uploads\/2021\/01\/jaime-group-1.jpg\" data-dt-img-description=\"\" data-large_image_width=\"1280\" data-large_image_height=\"622\"><img decoding=\"async\" class=\"aligncenter size-full wp-image-8710\" src=\"http:\/\/spanishpanama.com\/wp-content\/uploads\/2021\/01\/jaime-group-1.jpg\" alt=\"\" width=\"1280\" height=\"622\" srcset=\"https:\/\/spanishpanama.com\/wp-content\/uploads\/2021\/01\/jaime-group-1.jpg 1280w, https:\/\/spanishpanama.com\/wp-content\/uploads\/2021\/01\/jaime-group-1-300x146.jpg 300w, https:\/\/spanishpanama.com\/wp-content\/uploads\/2021\/01\/jaime-group-1-1024x498.jpg 1024w, https:\/\/spanishpanama.com\/wp-content\/uploads\/2021\/01\/jaime-group-1-768x373.jpg 768w\" sizes=\"(max-width: 1280px) 100vw, 1280px\" \/><\/a>[\/vc_column_text][\/vc_column][vc_column width=&#8221;1\/2&#8243;][vc_column_text]<a class=\"dt-pswp-item\" href=\"http:\/\/spanishpanama.com\/wp-content\/uploads\/2021\/01\/class-balcony.jpg\" data-dt-img-description=\"\" data-large_image_width=\"800\" data-large_image_height=\"389\"><img decoding=\"async\" class=\"aligncenter size-full wp-image-8740\" src=\"http:\/\/spanishpanama.com\/wp-content\/uploads\/2021\/01\/class-balcony.jpg\" alt=\"\" width=\"800\" height=\"389\" srcset=\"https:\/\/spanishpanama.com\/wp-content\/uploads\/2021\/01\/class-balcony.jpg 800w, https:\/\/spanishpanama.com\/wp-content\/uploads\/2021\/01\/class-balcony-300x146.jpg 300w, https:\/\/spanishpanama.com\/wp-content\/uploads\/2021\/01\/class-balcony-768x373.jpg 768w\" sizes=\"(max-width: 800px) 100vw, 800px\" \/><\/a>[\/vc_column_text][\/vc_column][\/vc_row][vc_row][vc_column][\/vc_column][\/vc_row][vc_row][vc_column][vc_column_text]<a class=\"dt-pswp-item\" href=\"http:\/\/spanishpanama.com\/wp-content\/uploads\/2021\/01\/balcony-3-students-scaled.jpg\" data-dt-img-description=\"Spanish Panama Language School balcony area friendly and relaxing for language students\" data-large_image_width=\"2560\" data-large_image_height=\"1244\"><img decoding=\"async\" class=\"aligncenter wp-image-8936 size-full\" src=\"http:\/\/spanishpanama.com\/wp-content\/uploads\/2021\/01\/balcony-3-students-scaled.jpg\" alt=\"\" width=\"2560\" height=\"1244\" srcset=\"https:\/\/spanishpanama.com\/wp-content\/uploads\/2021\/01\/balcony-3-students-scaled.jpg 2560w, https:\/\/spanishpanama.com\/wp-content\/uploads\/2021\/01\/balcony-3-students-300x146.jpg 300w, https:\/\/spanishpanama.com\/wp-content\/uploads\/2021\/01\/balcony-3-students-1024x498.jpg 1024w, https:\/\/spanishpanama.com\/wp-content\/uploads\/2021\/01\/balcony-3-students-768x373.jpg 768w, https:\/\/spanishpanama.com\/wp-content\/uploads\/2021\/01\/balcony-3-students-1536x747.jpg 1536w, https:\/\/spanishpanama.com\/wp-content\/uploads\/2021\/01\/balcony-3-students-2048x996.jpg 2048w\" sizes=\"(max-width: 2560px) 100vw, 2560px\" \/><\/a><\/p>\n<p>&nbsp;<\/p>\n<p>&nbsp;<\/p>\n<p>[\/vc_column_text][\/vc_column][\/vc_row]<\/p>\n","protected":false},"excerpt":{"rendered":"<p>[vc_row full_width=&rdquo;stretch_row&rdquo; parallax=&rdquo;content-moving&rdquo; parallax_image=&rdquo;5108&Prime; css=&rdquo;.vc_custom_1607076669426{padding-top: 20% !important;padding-bottom: 20% !important;}&rdquo;][vc_column css=&rdquo;.vc_custom_1607076871417{border-top-width: 4px !important;border-right-width: 4px !important;border-bottom-width: 4px !important;border-left-width: 4px !important;padding-top: 35px !important;padding-right: 30px !important;padding-bottom: 20px !important;padding-left: 30px !important;background-color: #ffffff !important;border-left-color: #c11018 !important;border-left-style: solid !important;border-right-color: #c11018 !important;border-right-style: solid !important;border-top-color: #c11018 !important;border-top-style: solid !important;border-bottom-color: #c11018 !important;border-bottom-style: solid !important;}&rdquo;][vc_column_text] SALONES DE CLASES [\/vc_column_text][\/vc_column][\/vc_row][vc_row content_placement=&rdquo;middle&rdquo; css=&rdquo;.vc_custom_1609240284378{margin-top: 25px !important;margin-bottom: 25px !important;}&rdquo;][vc_column][vc_column_text]El interior&hellip;<\/p>\n","protected":false},"author":1,"featured_media":0,"parent":0,"menu_order":0,"comment_status":"closed","ping_status":"closed","template":"","meta":[],"class_list":["post-9006","page","type-page","status-publish","hentry","description-off"],"yoast_head":"<!-- This site is optimized with the Yoast SEO plugin v27.4 - https:\/\/yoast.com\/product\/yoast-seo-wordpress\/ -->\n<title>Aprende espa\u00f1ol en nuestras hermosas aulas en la ciudad de Panam\u00e1 | Spanish Panama<\/title>\n<meta name=\"description\" content=\"En Spanish Panama, nuestras aulas ofrecen el entorno perfecto para aprender espa\u00f1ol. Disfrute de impresionantes vistas de la vida paname\u00f1a en V\u00eda Argentina y Cabeza Einstein mientras mejora sus habilidades ling\u00fc\u00edsticas con nuestros profesores experimentados.\" \/>\n<meta name=\"robots\" content=\"index, follow, max-snippet:-1, max-image-preview:large, max-video-preview:-1\" \/>\n<link rel=\"canonical\" href=\"https:\/\/spanishpanama.com\/es\/classrooms\/\" \/>\n<meta property=\"og:locale\" content=\"es_ES\" \/>\n<meta property=\"og:type\" content=\"article\" \/>\n<meta property=\"og:title\" content=\"Aprende espa\u00f1ol en nuestras hermosas aulas en la ciudad de Panam\u00e1 | Spanish Panama\" \/>\n<meta property=\"og:description\" content=\"En Spanish Panama, nuestras aulas ofrecen el entorno perfecto para aprender espa\u00f1ol. Disfrute de impresionantes vistas de la vida paname\u00f1a en V\u00eda Argentina y Cabeza Einstein mientras mejora sus habilidades ling\u00fc\u00edsticas con nuestros profesores experimentados.\" \/>\n<meta property=\"og:url\" content=\"https:\/\/spanishpanama.com\/es\/classrooms\/\" \/>\n<meta property=\"og:site_name\" content=\"Spanish Classes In Panama | Learn Spanish Abroad | Spanish Language Immersion Programs\" \/>\n<meta property=\"article:modified_time\" content=\"2023-05-07T10:38:25+00:00\" \/>\n<meta property=\"og:image\" content=\"http:\/\/spanishpanama.com\/wp-content\/uploads\/2020\/12\/Spanish-language-school.jpeg\" \/>\n<meta name=\"twitter:card\" content=\"summary_large_image\" \/>\n<meta name=\"twitter:label1\" content=\"Tiempo de lectura\" \/>\n\t<meta name=\"twitter:data1\" content=\"4 minutos\" \/>\n<!-- \/ Yoast SEO plugin. -->","yoast_head_json":{"title":"Aprende espa\u00f1ol en nuestras hermosas aulas en la ciudad de Panam\u00e1 | Spanish Panama","description":"En Spanish Panama, nuestras aulas ofrecen el entorno perfecto para aprender espa\u00f1ol. Disfrute de impresionantes vistas de la vida paname\u00f1a en V\u00eda Argentina y Cabeza Einstein mientras mejora sus habilidades ling\u00fc\u00edsticas con nuestros profesores experimentados.","robots":{"index":"index","follow":"follow","max-snippet":"max-snippet:-1","max-image-preview":"max-image-preview:large","max-video-preview":"max-video-preview:-1"},"canonical":"https:\/\/spanishpanama.com\/es\/classrooms\/","og_locale":"es_ES","og_type":"article","og_title":"Aprende espa\u00f1ol en nuestras hermosas aulas en la ciudad de Panam\u00e1 | Spanish Panama","og_description":"En Spanish Panama, nuestras aulas ofrecen el entorno perfecto para aprender espa\u00f1ol. Disfrute de impresionantes vistas de la vida paname\u00f1a en V\u00eda Argentina y Cabeza Einstein mientras mejora sus habilidades ling\u00fc\u00edsticas con nuestros profesores experimentados.","og_url":"https:\/\/spanishpanama.com\/es\/classrooms\/","og_site_name":"Spanish Classes In Panama | Learn Spanish Abroad | Spanish Language Immersion Programs","article_modified_time":"2023-05-07T10:38:25+00:00","og_image":[{"url":"http:\/\/spanishpanama.com\/wp-content\/uploads\/2020\/12\/Spanish-language-school.jpeg","type":"","width":"","height":""}],"twitter_card":"summary_large_image","twitter_misc":{"Tiempo de lectura":"4 minutos"},"schema":{"@context":"https:\/\/schema.org","@graph":[{"@type":"WebPage","@id":"https:\/\/spanishpanama.com\/es\/classrooms\/","url":"https:\/\/spanishpanama.com\/es\/classrooms\/","name":"Aprende espa\u00f1ol en nuestras hermosas aulas en la ciudad de Panam\u00e1 | Spanish Panama","isPartOf":{"@id":"https:\/\/spanishpanama.com\/#website"},"primaryImageOfPage":{"@id":"https:\/\/spanishpanama.com\/es\/classrooms\/#primaryimage"},"image":{"@id":"https:\/\/spanishpanama.com\/es\/classrooms\/#primaryimage"},"thumbnailUrl":"http:\/\/spanishpanama.com\/wp-content\/uploads\/2020\/12\/Spanish-language-school.jpeg","datePublished":"2021-01-19T09:49:33+00:00","dateModified":"2023-05-07T10:38:25+00:00","description":"En Spanish Panama, nuestras aulas ofrecen el entorno perfecto para aprender espa\u00f1ol. Disfrute de impresionantes vistas de la vida paname\u00f1a en V\u00eda Argentina y Cabeza Einstein mientras mejora sus habilidades ling\u00fc\u00edsticas con nuestros profesores experimentados.","breadcrumb":{"@id":"https:\/\/spanishpanama.com\/es\/classrooms\/#breadcrumb"},"inLanguage":"es","potentialAction":[{"@type":"ReadAction","target":["https:\/\/spanishpanama.com\/es\/classrooms\/"]}]},{"@type":"ImageObject","inLanguage":"es","@id":"https:\/\/spanishpanama.com\/es\/classrooms\/#primaryimage","url":"http:\/\/spanishpanama.com\/wp-content\/uploads\/2020\/12\/Spanish-language-school.jpeg","contentUrl":"http:\/\/spanishpanama.com\/wp-content\/uploads\/2020\/12\/Spanish-language-school.jpeg"},{"@type":"BreadcrumbList","@id":"https:\/\/spanishpanama.com\/es\/classrooms\/#breadcrumb","itemListElement":[{"@type":"ListItem","position":1,"name":"Home","item":"https:\/\/spanishpanama.com\/es\/"},{"@type":"ListItem","position":2,"name":"SALONES DE CLASES"}]},{"@type":"WebSite","@id":"https:\/\/spanishpanama.com\/#website","url":"https:\/\/spanishpanama.com\/","name":"Spanish Classes In Panama | Learn Spanish Abroad | Spanish Language Immersion Programs","description":"Spanish language school in Panama City, Republic of Panama","potentialAction":[{"@type":"SearchAction","target":{"@type":"EntryPoint","urlTemplate":"https:\/\/spanishpanama.com\/?s={search_term_string}"},"query-input":{"@type":"PropertyValueSpecification","valueRequired":true,"valueName":"search_term_string"}}],"inLanguage":"es"}]}},"_links":{"self":[{"href":"https:\/\/spanishpanama.com\/es\/wp-json\/wp\/v2\/pages\/9006","targetHints":{"allow":["GET"]}}],"collection":[{"href":"https:\/\/spanishpanama.com\/es\/wp-json\/wp\/v2\/pages"}],"about":[{"href":"https:\/\/spanishpanama.com\/es\/wp-json\/wp\/v2\/types\/page"}],"author":[{"embeddable":true,"href":"https:\/\/spanishpanama.com\/es\/wp-json\/wp\/v2\/users\/1"}],"replies":[{"embeddable":true,"href":"https:\/\/spanishpanama.com\/es\/wp-json\/wp\/v2\/comments?post=9006"}],"version-history":[{"count":3,"href":"https:\/\/spanishpanama.com\/es\/wp-json\/wp\/v2\/pages\/9006\/revisions"}],"predecessor-version":[{"id":9623,"href":"https:\/\/spanishpanama.com\/es\/wp-json\/wp\/v2\/pages\/9006\/revisions\/9623"}],"wp:attachment":[{"href":"https:\/\/spanishpanama.com\/es\/wp-json\/wp\/v2\/media?parent=9006"}],"curies":[{"name":"wp","href":"https:\/\/api.w.org\/{rel}","templated":true}]}}