{"id":9005,"date":"2021-01-19T09:49:17","date_gmt":"2021-01-19T09:49:17","guid":{"rendered":"http:\/\/spanishpanama.com\/?page_id=9005"},"modified":"2021-01-19T09:49:18","modified_gmt":"2021-01-19T09:49:18","slug":"business-spanish","status":"publish","type":"page","link":"https:\/\/spanishpanama.com\/es\/business-spanish\/","title":{"rendered":"BUSINESS SPANISH"},"content":{"rendered":"<p>[vc_row full_width=&#8221;stretch_row&#8221; parallax=&#8221;content-moving&#8221; parallax_image=&#8221;5108&#8243; css=&#8221;.vc_custom_1607076669426{padding-top: 20% !important;padding-bottom: 20% !important;}&#8221;][vc_column css=&#8221;.vc_custom_1607076871417{border-top-width: 4px !important;border-right-width: 4px !important;border-bottom-width: 4px !important;border-left-width: 4px !important;padding-top: 35px !important;padding-right: 30px !important;padding-bottom: 20px !important;padding-left: 30px !important;background-color: #ffffff !important;border-left-color: #c11018 !important;border-left-style: solid !important;border-right-color: #c11018 !important;border-right-style: solid !important;border-top-color: #c11018 !important;border-top-style: solid !important;border-bottom-color: #c11018 !important;border-bottom-style: solid !important;}&#8221;][vc_column_text]<\/p>\n<h1 class=\"text-center\" style=\"text-align: center;\">Spanish Panama Executive Spanish Courses<\/h1>\n<p>[\/vc_column_text][vc_column_text]<\/p>\n<p style=\"text-align: justify;\">Spanish Panama Executive Spanish Classes are for those who need to learn Spanish for business or employment needs in Panama<\/p>\n<p style=\"text-align: justify;\">Spanish Panama\u2019s team of 16 highly trained and experienced Spanish teachers are ready to be sent to your business office to teach Spanish classes.<\/p>\n<p style=\"text-align: justify;\"><span lang=\"EN-GB\">\u00a0<\/span><\/p>\n<p>[\/vc_column_text][\/vc_column][\/vc_row][vc_row css=&#8221;.vc_custom_1607425055148{margin-top: 20px !important;margin-bottom: 20px !important;}&#8221;][vc_column width=&#8221;1\/3&#8243;][vc_column_text]NOTE: Spanish Panama also sends qualified English teachers to teach English at companies throughout Panama City!<\/p>\n<p>Spanish Panama Executive Spanish students register using our\u00a0<a href=\"http:\/\/spanishpanama.com\/enroll\/\" target=\"_self\" rel=\"noopener noreferrer\">ENROLLMENT FORM<\/a>\u00a0 or email directly: <a href=\"mailto:info@spanishpanama.com\" target=\"_blank\" rel=\"noopener noreferrer\">info@spanishpanama.com<\/a> Tel: (#507) 213-3121<\/p>\n<p><span class=\"highlight\">This Spanish Panama Executive Spanish program is specially tailored for companies in Panama that have employees that need to improve their Spanish efficiency. Or the employers and usiness executives in Panama may be working in a Spanish speaking office and need to learn Spanish quickly, or need some help with Spanish translations when dealing with bankers, lawyers, and other businesses in Panama and abroad.\u00a0<\/span><\/p>\n<p><span class=\"highlight\">Spanish Panama Executive Spanish classes can be taken at our school on Via Argentina, El Cangrejo, at your office, or even in your hotel or home in Panama City, Panama.<\/span>[\/vc_column_text][\/vc_column][vc_column width=&#8221;1\/3&#8243;][vc_column_text]<\/p>\n<div id=\"attachment_5272\" style=\"width: 310px\" class=\"wp-caption aligncenter\"><img decoding=\"async\" aria-describedby=\"caption-attachment-5272\" class=\"size-full wp-image-9128\" src=\"http:\/\/spanishpanama.com\/wp-content\/uploads\/2020\/12\/business-spanish.jpg\" alt=\"\" width=\"300\" height=\"400\" srcset=\"https:\/\/spanishpanama.com\/wp-content\/uploads\/2020\/12\/business-spanish.jpg 300w, https:\/\/spanishpanama.com\/wp-content\/uploads\/2020\/12\/business-spanish-225x300.jpg 225w\" sizes=\"(max-width: 300px) 100vw, 300px\" \/><p id=\"caption-attachment-5272\" class=\"wp-caption-text\">Spanish Panama Executive Spanish classes in Panama City www.spanishpanama.com Tel: 213-3121<\/p><\/div>\n<p>[\/vc_column_text][\/vc_column][vc_column width=&#8221;1\/3&#8243;][vc_column_text]<\/p>\n<div id=\"attachment_5273\" style=\"width: 1026px\" class=\"wp-caption aligncenter\"><img decoding=\"async\" aria-describedby=\"caption-attachment-5273\" class=\"size-full wp-image-9130\" src=\"http:\/\/spanishpanama.com\/wp-content\/uploads\/2020\/12\/oie_DGNsWXliBNZ1.jpg\" alt=\"\" width=\"1016\" height=\"762\" srcset=\"https:\/\/spanishpanama.com\/wp-content\/uploads\/2020\/12\/oie_DGNsWXliBNZ1.jpg 1016w, https:\/\/spanishpanama.com\/wp-content\/uploads\/2020\/12\/oie_DGNsWXliBNZ1-300x225.jpg 300w, https:\/\/spanishpanama.com\/wp-content\/uploads\/2020\/12\/oie_DGNsWXliBNZ1-768x576.jpg 768w\" sizes=\"(max-width: 1016px) 100vw, 1016px\" \/><p id=\"caption-attachment-5273\" class=\"wp-caption-text\">Spanish Panama Executive Spanish classes in Panama City . This is in Punta Pacifica near Trump Towers. Spanish teachers and English teachers are available to arrive at business offices. www.spanishpanama.com<\/p><\/div>\n<p>[\/vc_column_text][\/vc_column][\/vc_row][vc_row full_width=&#8221;stretch_row&#8221; css=&#8221;.vc_custom_1607353849284{margin-top: 20px !important;margin-bottom: 20px !important;padding-top: 30px !important;padding-bottom: 30px !important;background-color: #ab210a !important;}&#8221;][vc_column width=&#8221;1\/6&#8243;][\/vc_column][vc_column width=&#8221;2\/3&#8243; css=&#8221;.vc_custom_1607353982044{padding-top: 25px !important;padding-right: 25px !important;padding-left: 25px !important;}&#8221;][vc_column_text]<\/p>\n<p style=\"text-align: justify;\"><span class=\"highlight\" style=\"color: #ffffff;\">The most popular Business Spanish course is the 50 hour Flexible Course but you can also choose a program of 10 hours and up, with flexible scheduling to suit your needs.<\/span><\/p>\n<p>[\/vc_column_text][\/vc_column][vc_column width=&#8221;1\/6&#8243;][\/vc_column][\/vc_row][vc_row css=&#8221;.vc_custom_1607519451107{margin-top: 25px !important;margin-bottom: 25px !important;}&#8221;][vc_column width=&#8221;1\/2&#8243;][vc_column_text]<span class=\"highlight\">Our instructors are highly qualified and experienced, and are ready and willing to help you reach your learning goals.\u00a0 They have assisted many professionals across Panama City, including those in the real estate, banking, shipping, Panama Canal expansion, and trading professions as well as business entrepeneurs and those working for established corporations in Panama.<\/span>[\/vc_column_text][vc_column_text]<\/p>\n<h3>We also have a SpanishPanama Executive English program :<\/h3>\n<p><span class=\"highlight\">Spanish Panama Executive English and Spanish courses: Our English and Spanish teacher professionals are qualified to teach all levels, beginner to advanced, English or Spanish, and to corporate heads as well as secretarial positions.<\/span><\/p>\n<p><span class=\"highlight\">\u00a0<\/span>[\/vc_column_text][\/vc_column][vc_column width=&#8221;1\/2&#8243;][vc_column_text]<\/p>\n<div id=\"attachment_5276\" style=\"width: 1034px\" class=\"wp-caption aligncenter\"><img decoding=\"async\" aria-describedby=\"caption-attachment-5276\" class=\"wp-image-9132 size-full\" src=\"http:\/\/spanishpanama.com\/wp-content\/uploads\/2020\/12\/DSC01130-1024x768-1.jpg\" alt=\"\" width=\"1024\" height=\"768\" srcset=\"https:\/\/spanishpanama.com\/wp-content\/uploads\/2020\/12\/DSC01130-1024x768-1.jpg 1024w, https:\/\/spanishpanama.com\/wp-content\/uploads\/2020\/12\/DSC01130-1024x768-1-300x225.jpg 300w, https:\/\/spanishpanama.com\/wp-content\/uploads\/2020\/12\/DSC01130-1024x768-1-768x576.jpg 768w\" sizes=\"(max-width: 1024px) 100vw, 1024px\" \/><p id=\"caption-attachment-5276\" class=\"wp-caption-text\">Spanish Panama Executive Spanish classes or English classes at our school on V\u00eda Argentina or at your business office<\/p><\/div>\n<p>[\/vc_column_text][\/vc_column][\/vc_row][vc_row css=&#8221;.vc_custom_1607519451107{margin-top: 25px !important;margin-bottom: 25px !important;}&#8221;][vc_column][vc_column_text]Spanish Panama Executive Spanish classes in Panama City. Spanish Panama teaches both English classes and Spanish classes at business offices or at the school location on V\u00eda Argentina. www.cursosdeinglespanama.com.pa cursos de ingl\u00e9s en Panam\u00e1 <a href=\"https:\/\/spanishpanama.com\/bodu\" target=\"_blank\" rel=\"noopener noreferrer\">www.spanishpanama.com<\/a> Spanish courses in Panama[\/vc_column_text][\/vc_column][\/vc_row][vc_row full_width=&#8221;stretch_row&#8221; css=&#8221;.vc_custom_1607353849284{margin-top: 20px !important;margin-bottom: 20px !important;padding-top: 30px !important;padding-bottom: 30px !important;background-color: #ab210a !important;}&#8221;][vc_column][vc_column_text]<span style=\"color: #ffffff;\">Please register using our <a style=\"color: #ffffff;\" href=\"http:\/\/spanishpanama.com\/enroll\/\" target=\"_blank\" rel=\"noopener noreferrer\">ENROLLMENT FORM<\/a><\/span><\/p>\n<p><span style=\"color: #ffffff;\">admin@spanishpanama.com Telephone: \u00a0(+507) 213-3121<\/span><\/p>\n<p><span style=\"color: #ffffff;\">M\u00e1s informaci\u00f3n en espa\u00f1ol:\u00a0<a style=\"color: #ffffff;\" href=\"https:\/\/spanishpanama.com\/bodu\/activities\/aprenda-espanol-en-la-ciudad-de-panama\/\" target=\"_blank\" rel=\"noopener noreferrer\">https:\/\/spanishpanama.com\/aprenda-espanol-en-la-ciudad-de-panama\/<\/a><\/span><\/p>\n<p><span style=\"color: #ffffff;\">SpanishPanama y\u00a0clases de ingl\u00e9s en su oficina: \u00a0 <a style=\"color: #ffffff;\" href=\"http:\/\/cursosdeinglespanama.com.pa\/cursos-para-ejecutivos-de-negocios\/\" target=\"_blank\" rel=\"noopener noreferrer\">http:\/\/cursosdeinglespanama.com.pa\/cursos-para-ejecutivos-de-negocios\/<\/a>\u00a0 \u00a0 \u00a0 <a style=\"color: #ffffff;\" href=\"http:\/\/www.cursosdeinglespanama.com.pa\">www.cursosdeinglespanama.com.pa<\/a><\/span><\/p>\n<p><span style=\"color: #ffffff;\">If you have a free weekend while doing your SpanishPanama \u201cExecutive Spanish\u201d program you may want to try our:<\/span><\/p>\n<p><span style=\"color: #ffffff;\">Spanish Panama Gamboa rainforest option<\/span><\/p>\n<p><span style=\"color: #ffffff;\">For some cultural activities on a weekend that you are here add an extra $120.00 for two days inlcuding a room somewhat like this in our Gamboa rainforest town a few blocks from the Panama Canal and railway. See here for more info <a style=\"color: #ffffff;\" href=\"https:\/\/spanishpanama.com\/bodu\/activities\/cultural-activities\/\" target=\"_blank\" rel=\"noopener noreferrer\">https:\/\/spanishpanama.com\/cultural-activities\/<\/a><\/span><br \/>\n<span style=\"color: #ffffff;\">You may also ask about accommodation options that we may have in Panama City as well as Gamboa<\/span><\/p>\n<p style=\"text-align: justify;\"><span class=\"highlight\" style=\"color: #ffffff;\">\u00a0<\/span><\/p>\n<p>[\/vc_column_text][\/vc_column][\/vc_row][vc_row css=&#8221;.vc_custom_1606819914025{padding-top: 30px !important;padding-bottom: 30px !important;}&#8221;][vc_column]<div id=\"ultimate-heading-797369e732d82540f\" class=\"uvc-heading ult-adjust-bottom-margin ultimate-heading-797369e732d82540f uvc-4935 accent-border-color\" data-hspacer=\"line_only\"  data-halign=\"center\" style=\"text-align:center\"><div class=\"uvc-main-heading ult-responsive\"  data-ultimate-target='.uvc-heading.ultimate-heading-797369e732d82540f h2'  data-responsive-json-new='{\"font-size\":\"desktop:40px;\",\"line-height\":\"desktop:50px;\"}' ><h2 style=\"--font-weight:theme;margin-bottom:15px;\">Some of our past professional and Corporate clients:<\/h2><\/div><div class=\"uvc-heading-spacer line_only\" style=\"margin-bottom:60px;height:4px;\"><span class=\"uvc-headings-line\" style=\"border-style:solid;border-bottom-width:4px;border-color:;width:100px;\"><\/span><\/div><\/div>[vc_row_inner][vc_column_inner]<div id=\"ult-carousel-38078166369e732d825624\" class=\"ult-carousel-wrapper   ult_horizontal\" data-gutter=\"15\" data-rtl=\"false\" ><div class=\"ult-carousel-115826924269e732d8254ba \" >[vc_column_text]<img decoding=\"async\" class=\"aligncenter size-full wp-image-5143\" src=\"http:\/\/spanishpanama.com\/wp-content\/uploads\/2020\/12\/heineken.jpg\" alt=\"\" width=\"300\" height=\"100\" \/>[\/vc_column_text][vc_column_text]<img decoding=\"async\" class=\"aligncenter size-full wp-image-5144\" src=\"http:\/\/spanishpanama.com\/wp-content\/uploads\/2020\/12\/daewoo.jpg\" alt=\"\" width=\"300\" height=\"100\" \/>[\/vc_column_text][vc_column_text]<img decoding=\"async\" class=\"aligncenter size-full wp-image-5145\" src=\"http:\/\/spanishpanama.com\/wp-content\/uploads\/2020\/12\/hino.jpg\" alt=\"\" width=\"300\" height=\"100\" \/>[\/vc_column_text][vc_column_text]<img decoding=\"async\" class=\"aligncenter size-full wp-image-5146\" src=\"http:\/\/spanishpanama.com\/wp-content\/uploads\/2020\/12\/stri.jpg\" alt=\"\" width=\"300\" height=\"100\" \/>[\/vc_column_text][vc_column_text]<img decoding=\"async\" class=\"aligncenter size-full wp-image-5147\" src=\"http:\/\/spanishpanama.com\/wp-content\/uploads\/2020\/12\/redcross.jpg\" alt=\"\" width=\"300\" height=\"100\" \/>[\/vc_column_text][vc_column_text]<img decoding=\"async\" class=\"aligncenter size-full wp-image-5148\" src=\"http:\/\/spanishpanama.com\/wp-content\/uploads\/2020\/12\/dell.jpg\" alt=\"\" width=\"300\" height=\"100\" \/>[\/vc_column_text][vc_column_text]<img decoding=\"async\" class=\"aligncenter size-full wp-image-5149\" src=\"http:\/\/spanishpanama.com\/wp-content\/uploads\/2020\/12\/copa.jpg\" alt=\"\" width=\"300\" height=\"100\" \/>[\/vc_column_text][vc_column_text]<img decoding=\"async\" class=\"aligncenter size-full wp-image-5150\" src=\"http:\/\/spanishpanama.com\/wp-content\/uploads\/2020\/12\/tommy-h.jpg\" alt=\"\" width=\"300\" height=\"100\" \/>[\/vc_column_text][vc_column_text]<img decoding=\"async\" class=\"aligncenter size-full wp-image-5151\" src=\"http:\/\/spanishpanama.com\/wp-content\/uploads\/2020\/12\/bosch.jpg\" alt=\"\" width=\"300\" height=\"100\" \/>[\/vc_column_text][vc_column_text]<img decoding=\"async\" class=\"aligncenter size-full wp-image-5152\" src=\"http:\/\/spanishpanama.com\/wp-content\/uploads\/2020\/12\/huwaei.jpg\" alt=\"\" width=\"300\" height=\"100\" \/>[\/vc_column_text][vc_column_text]<img decoding=\"async\" class=\"aligncenter size-full wp-image-5153\" src=\"http:\/\/spanishpanama.com\/wp-content\/uploads\/2020\/12\/MAERSK-SHIPPING.jpg\" alt=\"\" width=\"300\" height=\"100\" \/>[\/vc_column_text][vc_column_text]<img decoding=\"async\" class=\"aligncenter size-full wp-image-5154\" src=\"http:\/\/spanishpanama.com\/wp-content\/uploads\/2020\/12\/towerbank.jpg\" alt=\"\" width=\"300\" height=\"100\" \/>[\/vc_column_text][vc_column_text]<img decoding=\"async\" class=\"aligncenter size-full wp-image-5155\" src=\"http:\/\/spanishpanama.com\/wp-content\/uploads\/2020\/12\/scotiabank.jpg\" alt=\"\" width=\"300\" height=\"100\" \/>[\/vc_column_text][vc_column_text]<img decoding=\"async\" class=\"aligncenter size-full wp-image-5156\" src=\"http:\/\/spanishpanama.com\/wp-content\/uploads\/2020\/12\/e-japan.jpg\" alt=\"\" width=\"300\" height=\"100\" \/>[\/vc_column_text]<\/div><\/div>\t\t\t<script type=\"text\/javascript\">\n\t\t\t\tjQuery(document).ready(function ($) {\n\t\t\t\t\tif( typeof jQuery('.ult-carousel-115826924269e732d8254ba').slick == \"function\"){\n\t\t\t\t\t\t$('.ult-carousel-115826924269e732d8254ba').slick({dots: false,autoplaySpeed: 5000,speed: 300,infinite: false,arrows: true,nextArrow: '<button type=\"button\" role=\"button\" aria-label=\"Next\" style=\"color:#333333; font-size:20px;\" class=\"slick-next default\"><i class=\"ultsl-arrow-right4\"><\/i><\/button>',prevArrow: '<button type=\"button\" role=\"button\" aria-label=\"Previous\" style=\"color:#333333; font-size:20px;\" class=\"slick-prev default\"><i class=\"ultsl-arrow-left4\"><\/i><\/button>',slidesToScroll:6,slidesToShow:6,swipe: true,draggable: true,touchMove: true,pauseOnHover: true,pauseOnFocus: false,responsive: [\n\t\t\t\t\t\t\t{\n\t\t\t\t\t\t\t  breakpoint: 1026,\n\t\t\t\t\t\t\t  settings: {\n\t\t\t\t\t\t\t\tslidesToShow: 6,\n\t\t\t\t\t\t\t\tslidesToScroll: 6,  \n\t\t\t\t\t\t\t  }\n\t\t\t\t\t\t\t},\n\t\t\t\t\t\t\t{\n\t\t\t\t\t\t\t  breakpoint: 1025,\n\t\t\t\t\t\t\t  settings: {\n\t\t\t\t\t\t\t\tslidesToShow: 6,\n\t\t\t\t\t\t\t\tslidesToScroll: 6\n\t\t\t\t\t\t\t  }\n\t\t\t\t\t\t\t},\n\t\t\t\t\t\t\t{\n\t\t\t\t\t\t\t  breakpoint: 760,\n\t\t\t\t\t\t\t  settings: {\n\t\t\t\t\t\t\t\tslidesToShow: 2,\n\t\t\t\t\t\t\t\tslidesToScroll: 2\n\t\t\t\t\t\t\t  }\n\t\t\t\t\t\t\t}\n\t\t\t\t\t\t],pauseOnDotsHover: true,customPaging: function(slider, i) {\n                   return '<i type=\"button\" style= \"color:#333333;\" class=\"ultsl-record\" data-role=\"none\"><\/i>';\n                },});\n\t\t\t\t\t}\n\t\t\t\t});\n\t\t\t<\/script>\n\t\t\t[\/vc_column_inner][\/vc_row_inner][\/vc_column][\/vc_row]<\/p>\n","protected":false},"excerpt":{"rendered":"<p>[vc_row full_width=&rdquo;stretch_row&rdquo; parallax=&rdquo;content-moving&rdquo; parallax_image=&rdquo;5108&Prime; css=&rdquo;.vc_custom_1607076669426{padding-top: 20% !important;padding-bottom: 20% !important;}&rdquo;][vc_column css=&rdquo;.vc_custom_1607076871417{border-top-width: 4px !important;border-right-width: 4px !important;border-bottom-width: 4px !important;border-left-width: 4px !important;padding-top: 35px !important;padding-right: 30px !important;padding-bottom: 20px !important;padding-left: 30px !important;background-color: #ffffff !important;border-left-color: #c11018 !important;border-left-style: solid !important;border-right-color: #c11018 !important;border-right-style: solid !important;border-top-color: #c11018 !important;border-top-style: solid !important;border-bottom-color: #c11018 !important;border-bottom-style: solid !important;}&rdquo;][vc_column_text] Spanish Panama Executive Spanish Courses [\/vc_column_text][vc_column_text] Spanish Panama Executive Spanish Classes&hellip;<\/p>\n","protected":false},"author":1,"featured_media":0,"parent":0,"menu_order":0,"comment_status":"closed","ping_status":"closed","template":"","meta":[],"class_list":["post-9005","page","type-page","status-publish","hentry","description-off"],"yoast_head":"<!-- This site is optimized with the Yoast SEO plugin v27.4 - https:\/\/yoast.com\/product\/yoast-seo-wordpress\/ -->\n<title>BUSINESS SPANISH - Spanish Classes In Panama | Learn Spanish Abroad | Spanish Language Immersion Programs<\/title>\n<meta name=\"robots\" content=\"index, follow, max-snippet:-1, max-image-preview:large, max-video-preview:-1\" \/>\n<link rel=\"canonical\" href=\"https:\/\/spanishpanama.com\/es\/business-spanish\/\" \/>\n<meta property=\"og:locale\" content=\"es_ES\" \/>\n<meta property=\"og:type\" content=\"article\" \/>\n<meta property=\"og:title\" content=\"BUSINESS SPANISH - Spanish Classes In Panama | Learn Spanish Abroad | Spanish Language Immersion Programs\" \/>\n<meta property=\"og:description\" content=\"[vc_row full_width=&rdquo;stretch_row&rdquo; parallax=&rdquo;content-moving&rdquo; parallax_image=&rdquo;5108&Prime; css=&rdquo;.vc_custom_1607076669426{padding-top: 20% !important;padding-bottom: 20% !important;}&rdquo;][vc_column css=&rdquo;.vc_custom_1607076871417{border-top-width: 4px !important;border-right-width: 4px !important;border-bottom-width: 4px !important;border-left-width: 4px !important;padding-top: 35px !important;padding-right: 30px !important;padding-bottom: 20px !important;padding-left: 30px !important;background-color: #ffffff !important;border-left-color: #c11018 !important;border-left-style: solid !important;border-right-color: #c11018 !important;border-right-style: solid !important;border-top-color: #c11018 !important;border-top-style: solid !important;border-bottom-color: #c11018 !important;border-bottom-style: solid !important;}&rdquo;][vc_column_text] Spanish Panama Executive Spanish Courses [\/vc_column_text][vc_column_text] Spanish Panama Executive Spanish Classes&hellip;\" \/>\n<meta property=\"og:url\" content=\"https:\/\/spanishpanama.com\/es\/business-spanish\/\" \/>\n<meta property=\"og:site_name\" content=\"Spanish Classes In Panama | Learn Spanish Abroad | Spanish Language Immersion Programs\" \/>\n<meta property=\"article:modified_time\" content=\"2021-01-19T09:49:18+00:00\" \/>\n<meta property=\"og:image\" content=\"http:\/\/spanishpanama.com\/wp-content\/uploads\/2020\/12\/business-spanish.jpg\" \/>\n<meta name=\"twitter:card\" content=\"summary_large_image\" \/>\n<meta name=\"twitter:label1\" content=\"Tiempo de lectura\" \/>\n\t<meta name=\"twitter:data1\" content=\"5 minutos\" \/>\n<!-- \/ Yoast SEO plugin. -->","yoast_head_json":{"title":"BUSINESS SPANISH - Spanish Classes In Panama | Learn Spanish Abroad | Spanish Language Immersion Programs","robots":{"index":"index","follow":"follow","max-snippet":"max-snippet:-1","max-image-preview":"max-image-preview:large","max-video-preview":"max-video-preview:-1"},"canonical":"https:\/\/spanishpanama.com\/es\/business-spanish\/","og_locale":"es_ES","og_type":"article","og_title":"BUSINESS SPANISH - Spanish Classes In Panama | Learn Spanish Abroad | Spanish Language Immersion Programs","og_description":"[vc_row full_width=&rdquo;stretch_row&rdquo; parallax=&rdquo;content-moving&rdquo; parallax_image=&rdquo;5108&Prime; css=&rdquo;.vc_custom_1607076669426{padding-top: 20% !important;padding-bottom: 20% !important;}&rdquo;][vc_column css=&rdquo;.vc_custom_1607076871417{border-top-width: 4px !important;border-right-width: 4px !important;border-bottom-width: 4px !important;border-left-width: 4px !important;padding-top: 35px !important;padding-right: 30px !important;padding-bottom: 20px !important;padding-left: 30px !important;background-color: #ffffff !important;border-left-color: #c11018 !important;border-left-style: solid !important;border-right-color: #c11018 !important;border-right-style: solid !important;border-top-color: #c11018 !important;border-top-style: solid !important;border-bottom-color: #c11018 !important;border-bottom-style: solid !important;}&rdquo;][vc_column_text] Spanish Panama Executive Spanish Courses [\/vc_column_text][vc_column_text] Spanish Panama Executive Spanish Classes&hellip;","og_url":"https:\/\/spanishpanama.com\/es\/business-spanish\/","og_site_name":"Spanish Classes In Panama | Learn Spanish Abroad | Spanish Language Immersion Programs","article_modified_time":"2021-01-19T09:49:18+00:00","og_image":[{"url":"http:\/\/spanishpanama.com\/wp-content\/uploads\/2020\/12\/business-spanish.jpg","type":"","width":"","height":""}],"twitter_card":"summary_large_image","twitter_misc":{"Tiempo de lectura":"5 minutos"},"schema":{"@context":"https:\/\/schema.org","@graph":[{"@type":"WebPage","@id":"https:\/\/spanishpanama.com\/es\/business-spanish\/","url":"https:\/\/spanishpanama.com\/es\/business-spanish\/","name":"BUSINESS SPANISH - Spanish Classes In Panama | Learn Spanish Abroad | Spanish Language Immersion Programs","isPartOf":{"@id":"https:\/\/spanishpanama.com\/#website"},"primaryImageOfPage":{"@id":"https:\/\/spanishpanama.com\/es\/business-spanish\/#primaryimage"},"image":{"@id":"https:\/\/spanishpanama.com\/es\/business-spanish\/#primaryimage"},"thumbnailUrl":"http:\/\/spanishpanama.com\/wp-content\/uploads\/2020\/12\/business-spanish.jpg","datePublished":"2021-01-19T09:49:17+00:00","dateModified":"2021-01-19T09:49:18+00:00","breadcrumb":{"@id":"https:\/\/spanishpanama.com\/es\/business-spanish\/#breadcrumb"},"inLanguage":"es","potentialAction":[{"@type":"ReadAction","target":["https:\/\/spanishpanama.com\/es\/business-spanish\/"]}]},{"@type":"ImageObject","inLanguage":"es","@id":"https:\/\/spanishpanama.com\/es\/business-spanish\/#primaryimage","url":"http:\/\/spanishpanama.com\/wp-content\/uploads\/2020\/12\/business-spanish.jpg","contentUrl":"http:\/\/spanishpanama.com\/wp-content\/uploads\/2020\/12\/business-spanish.jpg"},{"@type":"BreadcrumbList","@id":"https:\/\/spanishpanama.com\/es\/business-spanish\/#breadcrumb","itemListElement":[{"@type":"ListItem","position":1,"name":"Home","item":"https:\/\/spanishpanama.com\/es\/"},{"@type":"ListItem","position":2,"name":"BUSINESS SPANISH"}]},{"@type":"WebSite","@id":"https:\/\/spanishpanama.com\/#website","url":"https:\/\/spanishpanama.com\/","name":"Spanish Classes In Panama | Learn Spanish Abroad | Spanish Language Immersion Programs","description":"Spanish language school in Panama City, Republic of Panama","potentialAction":[{"@type":"SearchAction","target":{"@type":"EntryPoint","urlTemplate":"https:\/\/spanishpanama.com\/?s={search_term_string}"},"query-input":{"@type":"PropertyValueSpecification","valueRequired":true,"valueName":"search_term_string"}}],"inLanguage":"es"}]}},"_links":{"self":[{"href":"https:\/\/spanishpanama.com\/es\/wp-json\/wp\/v2\/pages\/9005","targetHints":{"allow":["GET"]}}],"collection":[{"href":"https:\/\/spanishpanama.com\/es\/wp-json\/wp\/v2\/pages"}],"about":[{"href":"https:\/\/spanishpanama.com\/es\/wp-json\/wp\/v2\/types\/page"}],"author":[{"embeddable":true,"href":"https:\/\/spanishpanama.com\/es\/wp-json\/wp\/v2\/users\/1"}],"replies":[{"embeddable":true,"href":"https:\/\/spanishpanama.com\/es\/wp-json\/wp\/v2\/comments?post=9005"}],"version-history":[{"count":1,"href":"https:\/\/spanishpanama.com\/es\/wp-json\/wp\/v2\/pages\/9005\/revisions"}],"predecessor-version":[{"id":9178,"href":"https:\/\/spanishpanama.com\/es\/wp-json\/wp\/v2\/pages\/9005\/revisions\/9178"}],"wp:attachment":[{"href":"https:\/\/spanishpanama.com\/es\/wp-json\/wp\/v2\/media?parent=9005"}],"curies":[{"name":"wp","href":"https:\/\/api.w.org\/{rel}","templated":true}]}}