{"id":9000,"date":"2021-01-19T09:47:57","date_gmt":"2021-01-19T09:47:57","guid":{"rendered":"http:\/\/spanishpanama.com\/?page_id=9000"},"modified":"2023-05-07T10:50:45","modified_gmt":"2023-05-07T10:50:45","slug":"accommodations-pty","status":"publish","type":"page","link":"https:\/\/spanishpanama.com\/es\/accommodations-pty\/","title":{"rendered":"ALOJAMIENTOS SPANISH PANAMA PTY"},"content":{"rendered":"<p>[vc_row full_width=&#8221;stretch_row&#8221; parallax=&#8221;content-moving&#8221; parallax_image=&#8221;5108&#8243; css=&#8221;.vc_custom_1607076669426{padding-top: 20% !important;padding-bottom: 20% !important;}&#8221;][vc_column css=&#8221;.vc_custom_1607076871417{border-top-width: 4px !important;border-right-width: 4px !important;border-bottom-width: 4px !important;border-left-width: 4px !important;padding-top: 35px !important;padding-right: 30px !important;padding-bottom: 20px !important;padding-left: 30px !important;background-color: #ffffff !important;border-left-color: #c11018 !important;border-left-style: solid !important;border-right-color: #c11018 !important;border-right-style: solid !important;border-top-color: #c11018 !important;border-top-style: solid !important;border-bottom-color: #c11018 !important;border-bottom-style: solid !important;}&#8221;][vc_column_text]<\/p>\n<h1 class=\"text-center\" style=\"text-align: center;\">ALOJAMIENTOS SPANISH PANAMA PTY<\/h1>\n<p>[\/vc_column_text][vc_column_text]Spanish Panama Language School tiene asociaciones con exclusivos hoteles y hostales en la ciudad de Panam\u00e1, Panam\u00e1. De hecho, esto es un desaf\u00edo, ya que hay cambios frecuentes en el personal, la administraci\u00f3n e incluso la propiedad de los hoteles y apartahoteles en Panam\u00e1.[\/vc_column_text][\/vc_column][\/vc_row][vc_row css=&#8221;.vc_custom_1607605172342{margin-top: 25px !important;margin-bottom: 25px !important;}&#8221;][vc_column][vc_row_inner content_placement=&#8221;middle&#8221;][vc_column_inner width=&#8221;1\/2&#8243;][vc_column_text]<a class=\"dt-pswp-item\" href=\"https:\/\/spanishpanama.com\/wp-content\/uploads\/2023\/05\/WhatsApp-Image-2023-05-06-at-23.21.333.jpeg\" data-dt-img-description=\"\" data-large_image_width=\"1024\" data-large_image_height=\"768\"><img decoding=\"async\" class=\"aligncenter size-full wp-image-10174\" src=\"https:\/\/spanishpanama.com\/wp-content\/uploads\/2023\/05\/WhatsApp-Image-2023-05-06-at-23.21.333.jpeg\" alt=\"\" width=\"1024\" height=\"768\" srcset=\"https:\/\/spanishpanama.com\/wp-content\/uploads\/2023\/05\/WhatsApp-Image-2023-05-06-at-23.21.333.jpeg 1024w, https:\/\/spanishpanama.com\/wp-content\/uploads\/2023\/05\/WhatsApp-Image-2023-05-06-at-23.21.333-300x225.jpeg 300w, https:\/\/spanishpanama.com\/wp-content\/uploads\/2023\/05\/WhatsApp-Image-2023-05-06-at-23.21.333-768x576.jpeg 768w\" sizes=\"(max-width: 1024px) 100vw, 1024px\" \/><\/a>[\/vc_column_text][vc_column_text]<a class=\"dt-pswp-item\" href=\"https:\/\/spanishpanama.com\/wp-content\/uploads\/2023\/05\/WhatsApp-Image-2023-05-06-at-23.21.332.jpeg\" data-dt-img-description=\"\" data-large_image_width=\"1024\" data-large_image_height=\"768\"><img decoding=\"async\" class=\"aligncenter size-full wp-image-10176\" src=\"https:\/\/spanishpanama.com\/wp-content\/uploads\/2023\/05\/WhatsApp-Image-2023-05-06-at-23.21.332.jpeg\" alt=\"\" width=\"1024\" height=\"768\" srcset=\"https:\/\/spanishpanama.com\/wp-content\/uploads\/2023\/05\/WhatsApp-Image-2023-05-06-at-23.21.332.jpeg 1024w, https:\/\/spanishpanama.com\/wp-content\/uploads\/2023\/05\/WhatsApp-Image-2023-05-06-at-23.21.332-300x225.jpeg 300w, https:\/\/spanishpanama.com\/wp-content\/uploads\/2023\/05\/WhatsApp-Image-2023-05-06-at-23.21.332-768x576.jpeg 768w\" sizes=\"(max-width: 1024px) 100vw, 1024px\" \/><\/a>[\/vc_column_text][\/vc_column_inner][vc_column_inner width=&#8221;1\/2&#8243;][vc_column_text]<a class=\"dt-pswp-item\" href=\"https:\/\/spanishpanama.com\/wp-content\/uploads\/2023\/05\/WhatsApp-Image-2023-05-06-at-23.21.341.jpeg\" data-dt-img-description=\"\" data-large_image_width=\"655\" data-large_image_height=\"1024\"><img decoding=\"async\" class=\"aligncenter size-full wp-image-10168\" src=\"https:\/\/spanishpanama.com\/wp-content\/uploads\/2023\/05\/WhatsApp-Image-2023-05-06-at-23.21.341.jpeg\" alt=\"\" width=\"655\" height=\"1024\" srcset=\"https:\/\/spanishpanama.com\/wp-content\/uploads\/2023\/05\/WhatsApp-Image-2023-05-06-at-23.21.341.jpeg 655w, https:\/\/spanishpanama.com\/wp-content\/uploads\/2023\/05\/WhatsApp-Image-2023-05-06-at-23.21.341-192x300.jpeg 192w\" sizes=\"(max-width: 655px) 100vw, 655px\" \/><\/a>[\/vc_column_text][\/vc_column_inner][\/vc_row_inner][\/vc_column][\/vc_row][vc_row css=&#8221;.vc_custom_1607605178901{margin-top: 25px !important;}&#8221;][vc_column width=&#8221;1\/2&#8243;][\/vc_column][vc_column width=&#8221;1\/2&#8243;][vc_column_text]<a class=\"dt-pswp-item\" href=\"https:\/\/spanishpanama.com\/wp-content\/uploads\/2023\/05\/WhatsApp-Image-2023-05-06-at-23.21.33.jpeg\" data-dt-img-description=\"\" data-large_image_width=\"1024\" data-large_image_height=\"768\"><img decoding=\"async\" class=\"aligncenter size-full wp-image-10180\" src=\"https:\/\/spanishpanama.com\/wp-content\/uploads\/2023\/05\/WhatsApp-Image-2023-05-06-at-23.21.33.jpeg\" alt=\"\" width=\"1024\" height=\"768\" srcset=\"https:\/\/spanishpanama.com\/wp-content\/uploads\/2023\/05\/WhatsApp-Image-2023-05-06-at-23.21.33.jpeg 1024w, https:\/\/spanishpanama.com\/wp-content\/uploads\/2023\/05\/WhatsApp-Image-2023-05-06-at-23.21.33-300x225.jpeg 300w, https:\/\/spanishpanama.com\/wp-content\/uploads\/2023\/05\/WhatsApp-Image-2023-05-06-at-23.21.33-768x576.jpeg 768w\" sizes=\"(max-width: 1024px) 100vw, 1024px\" \/><\/a>[\/vc_column_text][\/vc_column][\/vc_row][vc_row full_width=&#8221;stretch_row&#8221; css=&#8221;.vc_custom_1607353849284{margin-top: 20px !important;margin-bottom: 20px !important;padding-top: 30px !important;padding-bottom: 30px !important;background-color: #ab210a !important;}&#8221;][vc_column][\/vc_column][\/vc_row][vc_row][vc_column][vc_row_inner][vc_column_inner width=&#8221;1\/3&#8243;][vc_column_text]<a class=\"dt-pswp-item\" href=\"https:\/\/spanishpanama.com\/wp-content\/uploads\/2023\/05\/WhatsApp-Image-2023-05-06-at-23.21.322.jpeg\" data-dt-img-description=\"\" data-large_image_width=\"1024\" data-large_image_height=\"768\"><img decoding=\"async\" class=\"aligncenter size-full wp-image-10182\" src=\"https:\/\/spanishpanama.com\/wp-content\/uploads\/2023\/05\/WhatsApp-Image-2023-05-06-at-23.21.322.jpeg\" alt=\"\" width=\"1024\" height=\"768\" srcset=\"https:\/\/spanishpanama.com\/wp-content\/uploads\/2023\/05\/WhatsApp-Image-2023-05-06-at-23.21.322.jpeg 1024w, https:\/\/spanishpanama.com\/wp-content\/uploads\/2023\/05\/WhatsApp-Image-2023-05-06-at-23.21.322-300x225.jpeg 300w, https:\/\/spanishpanama.com\/wp-content\/uploads\/2023\/05\/WhatsApp-Image-2023-05-06-at-23.21.322-768x576.jpeg 768w\" sizes=\"(max-width: 1024px) 100vw, 1024px\" \/><\/a>[\/vc_column_text][\/vc_column_inner][vc_column_inner width=&#8221;1\/3&#8243;][vc_column_text]<a class=\"dt-pswp-item\" href=\"https:\/\/spanishpanama.com\/wp-content\/uploads\/2023\/05\/Untitled.jpg\" data-dt-img-description=\"\" data-large_image_width=\"1024\" data-large_image_height=\"768\"><img decoding=\"async\" class=\"aligncenter size-full wp-image-10188\" src=\"https:\/\/spanishpanama.com\/wp-content\/uploads\/2023\/05\/Untitled.jpg\" alt=\"\" width=\"1024\" height=\"768\" srcset=\"https:\/\/spanishpanama.com\/wp-content\/uploads\/2023\/05\/Untitled.jpg 1024w, https:\/\/spanishpanama.com\/wp-content\/uploads\/2023\/05\/Untitled-300x225.jpg 300w, https:\/\/spanishpanama.com\/wp-content\/uploads\/2023\/05\/Untitled-768x576.jpg 768w\" sizes=\"(max-width: 1024px) 100vw, 1024px\" \/><\/a>[\/vc_column_text][\/vc_column_inner][vc_column_inner width=&#8221;1\/3&#8243;][vc_column_text]<a class=\"dt-pswp-item\" href=\"https:\/\/spanishpanama.com\/wp-content\/uploads\/2023\/05\/WhatsApp-Image-2023-05-06-at-23.21.334.jpeg\" data-dt-img-description=\"\" data-large_image_width=\"1024\" data-large_image_height=\"768\"><img decoding=\"async\" class=\"aligncenter size-full wp-image-10172\" src=\"https:\/\/spanishpanama.com\/wp-content\/uploads\/2023\/05\/WhatsApp-Image-2023-05-06-at-23.21.334.jpeg\" alt=\"\" width=\"1024\" height=\"768\" srcset=\"https:\/\/spanishpanama.com\/wp-content\/uploads\/2023\/05\/WhatsApp-Image-2023-05-06-at-23.21.334.jpeg 1024w, https:\/\/spanishpanama.com\/wp-content\/uploads\/2023\/05\/WhatsApp-Image-2023-05-06-at-23.21.334-300x225.jpeg 300w, https:\/\/spanishpanama.com\/wp-content\/uploads\/2023\/05\/WhatsApp-Image-2023-05-06-at-23.21.334-768x576.jpeg 768w\" sizes=\"(max-width: 1024px) 100vw, 1024px\" \/><\/a>[\/vc_column_text][\/vc_column_inner][\/vc_row_inner][vc_row_inner][vc_column_inner][\/vc_column_inner][\/vc_row_inner][\/vc_column][\/vc_row][vc_row][vc_column][vc_row_inner][vc_column_inner width=&#8221;1\/2&#8243;][vc_column_text]<a class=\"dt-pswp-item\" href=\"https:\/\/spanishpanama.com\/wp-content\/uploads\/2023\/05\/WhatsApp-Image-2023-05-06-at-23.21.32.jpeg\" data-dt-img-description=\"\" data-large_image_width=\"768\" data-large_image_height=\"1024\"><img decoding=\"async\" class=\"aligncenter size-full wp-image-10186\" src=\"https:\/\/spanishpanama.com\/wp-content\/uploads\/2023\/05\/WhatsApp-Image-2023-05-06-at-23.21.32.jpeg\" alt=\"\" width=\"768\" height=\"1024\" srcset=\"https:\/\/spanishpanama.com\/wp-content\/uploads\/2023\/05\/WhatsApp-Image-2023-05-06-at-23.21.32.jpeg 768w, https:\/\/spanishpanama.com\/wp-content\/uploads\/2023\/05\/WhatsApp-Image-2023-05-06-at-23.21.32-225x300.jpeg 225w\" sizes=\"(max-width: 768px) 100vw, 768px\" \/><\/a>[\/vc_column_text][\/vc_column_inner][vc_column_inner width=&#8221;1\/2&#8243;][vc_column_text]<a class=\"dt-pswp-item\" href=\"https:\/\/spanishpanama.com\/wp-content\/uploads\/2023\/05\/WhatsApp-Image-2023-05-06-at-23.21.321.jpeg\" data-dt-img-description=\"\" data-large_image_width=\"768\" data-large_image_height=\"1024\"><img decoding=\"async\" class=\"aligncenter size-full wp-image-10184\" src=\"https:\/\/spanishpanama.com\/wp-content\/uploads\/2023\/05\/WhatsApp-Image-2023-05-06-at-23.21.321.jpeg\" alt=\"\" width=\"768\" height=\"1024\" srcset=\"https:\/\/spanishpanama.com\/wp-content\/uploads\/2023\/05\/WhatsApp-Image-2023-05-06-at-23.21.321.jpeg 768w, https:\/\/spanishpanama.com\/wp-content\/uploads\/2023\/05\/WhatsApp-Image-2023-05-06-at-23.21.321-225x300.jpeg 225w\" sizes=\"(max-width: 768px) 100vw, 768px\" \/><\/a>[\/vc_column_text][\/vc_column_inner][\/vc_row_inner][vc_row_inner][vc_column_inner][\/vc_column_inner][\/vc_row_inner][\/vc_column][\/vc_row][vc_row full_width=&#8221;stretch_row&#8221; css=&#8221;.vc_custom_1607353849284{margin-top: 20px !important;margin-bottom: 20px !important;padding-top: 30px !important;padding-bottom: 30px !important;background-color: #ab210a !important;}&#8221;][vc_column][\/vc_column][\/vc_row][vc_row][vc_column][vc_row_inner][vc_column_inner width=&#8221;1\/2&#8243;][vc_column_text]<a class=\"dt-pswp-item\" href=\"https:\/\/spanishpanama.com\/wp-content\/uploads\/2023\/05\/WhatsApp-Image-2023-05-06-at-23.21.331.jpeg\" data-dt-img-description=\"\" data-large_image_width=\"1024\" data-large_image_height=\"768\"><img decoding=\"async\" class=\"aligncenter size-full wp-image-10178\" src=\"https:\/\/spanishpanama.com\/wp-content\/uploads\/2023\/05\/WhatsApp-Image-2023-05-06-at-23.21.331.jpeg\" alt=\"\" width=\"1024\" height=\"768\" srcset=\"https:\/\/spanishpanama.com\/wp-content\/uploads\/2023\/05\/WhatsApp-Image-2023-05-06-at-23.21.331.jpeg 1024w, https:\/\/spanishpanama.com\/wp-content\/uploads\/2023\/05\/WhatsApp-Image-2023-05-06-at-23.21.331-300x225.jpeg 300w, https:\/\/spanishpanama.com\/wp-content\/uploads\/2023\/05\/WhatsApp-Image-2023-05-06-at-23.21.331-768x576.jpeg 768w\" sizes=\"(max-width: 1024px) 100vw, 1024px\" \/><\/a>[\/vc_column_text][\/vc_column_inner][vc_column_inner width=&#8221;1\/2&#8243;][vc_column_text]<a class=\"dt-pswp-item\" href=\"https:\/\/spanishpanama.com\/wp-content\/uploads\/2023\/05\/WhatsApp-Image-2023-05-06-at-23.21.34.jpeg\" data-dt-img-description=\"\" data-large_image_width=\"661\" data-large_image_height=\"1024\"><img decoding=\"async\" class=\"aligncenter size-full wp-image-10170\" src=\"https:\/\/spanishpanama.com\/wp-content\/uploads\/2023\/05\/WhatsApp-Image-2023-05-06-at-23.21.34.jpeg\" alt=\"\" width=\"661\" height=\"1024\" srcset=\"https:\/\/spanishpanama.com\/wp-content\/uploads\/2023\/05\/WhatsApp-Image-2023-05-06-at-23.21.34.jpeg 661w, https:\/\/spanishpanama.com\/wp-content\/uploads\/2023\/05\/WhatsApp-Image-2023-05-06-at-23.21.34-194x300.jpeg 194w\" sizes=\"(max-width: 661px) 100vw, 661px\" \/><\/a>[\/vc_column_text][\/vc_column_inner][\/vc_row_inner][\/vc_column][\/vc_row]<\/p>\n","protected":false},"excerpt":{"rendered":"<p>[vc_row full_width=&rdquo;stretch_row&rdquo; parallax=&rdquo;content-moving&rdquo; parallax_image=&rdquo;5108&Prime; css=&rdquo;.vc_custom_1607076669426{padding-top: 20% !important;padding-bottom: 20% !important;}&rdquo;][vc_column css=&rdquo;.vc_custom_1607076871417{border-top-width: 4px !important;border-right-width: 4px !important;border-bottom-width: 4px !important;border-left-width: 4px !important;padding-top: 35px !important;padding-right: 30px !important;padding-bottom: 20px !important;padding-left: 30px !important;background-color: #ffffff !important;border-left-color: #c11018 !important;border-left-style: solid !important;border-right-color: #c11018 !important;border-right-style: solid !important;border-top-color: #c11018 !important;border-top-style: solid !important;border-bottom-color: #c11018 !important;border-bottom-style: solid !important;}&rdquo;][vc_column_text] ALOJAMIENTOS SPANISH PANAMA PTY [\/vc_column_text][vc_column_text]Spanish Panama Language School tiene asociaciones con&hellip;<\/p>\n","protected":false},"author":1,"featured_media":0,"parent":0,"menu_order":0,"comment_status":"closed","ping_status":"closed","template":"","meta":[],"class_list":["post-9000","page","type-page","status-publish","hentry","description-off"],"yoast_head":"<!-- This site is optimized with the Yoast SEO plugin v27.4 - https:\/\/yoast.com\/product\/yoast-seo-wordpress\/ -->\n<title>Convenientes y Confortables Alojamientos en la Ciudad de Panam\u00e1 | Escuela de Idiomas Spanish Panama<\/title>\n<meta name=\"description\" content=\"Sum\u00e9rgete en la cultura y el idioma de Panam\u00e1 con nuestra opci\u00f3n de alojamiento en Spanish Panama Language School. Ubicada en una ubicaci\u00f3n privilegiada en la Ciudad de Panam\u00e1, nuestra residencia ofrece a los estudiantes la oportunidad de vivir como un local mientras aprenden espa\u00f1ol.\" \/>\n<meta name=\"robots\" content=\"index, follow, max-snippet:-1, max-image-preview:large, max-video-preview:-1\" \/>\n<link rel=\"canonical\" href=\"https:\/\/spanishpanama.com\/es\/accommodations-pty\/\" \/>\n<meta property=\"og:locale\" content=\"es_ES\" \/>\n<meta property=\"og:type\" content=\"article\" \/>\n<meta property=\"og:title\" content=\"Convenientes y Confortables Alojamientos en la Ciudad de Panam\u00e1 | Escuela de Idiomas Spanish Panama\" \/>\n<meta property=\"og:description\" content=\"Sum\u00e9rgete en la cultura y el idioma de Panam\u00e1 con nuestra opci\u00f3n de alojamiento en Spanish Panama Language School. Ubicada en una ubicaci\u00f3n privilegiada en la Ciudad de Panam\u00e1, nuestra residencia ofrece a los estudiantes la oportunidad de vivir como un local mientras aprenden espa\u00f1ol.\" \/>\n<meta property=\"og:url\" content=\"https:\/\/spanishpanama.com\/es\/accommodations-pty\/\" \/>\n<meta property=\"og:site_name\" content=\"Spanish Classes In Panama | Learn Spanish Abroad | Spanish Language Immersion Programs\" \/>\n<meta property=\"article:modified_time\" content=\"2023-05-07T10:50:45+00:00\" \/>\n<meta property=\"og:image\" content=\"https:\/\/spanishpanama.com\/wp-content\/uploads\/2023\/05\/WhatsApp-Image-2023-05-06-at-23.21.333.jpeg\" \/>\n<meta name=\"twitter:card\" content=\"summary_large_image\" \/>\n<meta name=\"twitter:label1\" content=\"Tiempo de lectura\" \/>\n\t<meta name=\"twitter:data1\" content=\"12 minutos\" \/>\n<!-- \/ Yoast SEO plugin. -->","yoast_head_json":{"title":"Convenientes y Confortables Alojamientos en la Ciudad de Panam\u00e1 | Escuela de Idiomas Spanish Panama","description":"Sum\u00e9rgete en la cultura y el idioma de Panam\u00e1 con nuestra opci\u00f3n de alojamiento en Spanish Panama Language School. Ubicada en una ubicaci\u00f3n privilegiada en la Ciudad de Panam\u00e1, nuestra residencia ofrece a los estudiantes la oportunidad de vivir como un local mientras aprenden espa\u00f1ol.","robots":{"index":"index","follow":"follow","max-snippet":"max-snippet:-1","max-image-preview":"max-image-preview:large","max-video-preview":"max-video-preview:-1"},"canonical":"https:\/\/spanishpanama.com\/es\/accommodations-pty\/","og_locale":"es_ES","og_type":"article","og_title":"Convenientes y Confortables Alojamientos en la Ciudad de Panam\u00e1 | Escuela de Idiomas Spanish Panama","og_description":"Sum\u00e9rgete en la cultura y el idioma de Panam\u00e1 con nuestra opci\u00f3n de alojamiento en Spanish Panama Language School. Ubicada en una ubicaci\u00f3n privilegiada en la Ciudad de Panam\u00e1, nuestra residencia ofrece a los estudiantes la oportunidad de vivir como un local mientras aprenden espa\u00f1ol.","og_url":"https:\/\/spanishpanama.com\/es\/accommodations-pty\/","og_site_name":"Spanish Classes In Panama | Learn Spanish Abroad | Spanish Language Immersion Programs","article_modified_time":"2023-05-07T10:50:45+00:00","og_image":[{"url":"https:\/\/spanishpanama.com\/wp-content\/uploads\/2023\/05\/WhatsApp-Image-2023-05-06-at-23.21.333.jpeg","type":"","width":"","height":""}],"twitter_card":"summary_large_image","twitter_misc":{"Tiempo de lectura":"12 minutos"},"schema":{"@context":"https:\/\/schema.org","@graph":[{"@type":"WebPage","@id":"https:\/\/spanishpanama.com\/es\/accommodations-pty\/","url":"https:\/\/spanishpanama.com\/es\/accommodations-pty\/","name":"Convenientes y Confortables Alojamientos en la Ciudad de Panam\u00e1 | Escuela de Idiomas Spanish Panama","isPartOf":{"@id":"https:\/\/spanishpanama.com\/#website"},"primaryImageOfPage":{"@id":"https:\/\/spanishpanama.com\/es\/accommodations-pty\/#primaryimage"},"image":{"@id":"https:\/\/spanishpanama.com\/es\/accommodations-pty\/#primaryimage"},"thumbnailUrl":"https:\/\/spanishpanama.com\/wp-content\/uploads\/2023\/05\/WhatsApp-Image-2023-05-06-at-23.21.333.jpeg","datePublished":"2021-01-19T09:47:57+00:00","dateModified":"2023-05-07T10:50:45+00:00","description":"Sum\u00e9rgete en la cultura y el idioma de Panam\u00e1 con nuestra opci\u00f3n de alojamiento en Spanish Panama Language School. Ubicada en una ubicaci\u00f3n privilegiada en la Ciudad de Panam\u00e1, nuestra residencia ofrece a los estudiantes la oportunidad de vivir como un local mientras aprenden espa\u00f1ol.","breadcrumb":{"@id":"https:\/\/spanishpanama.com\/es\/accommodations-pty\/#breadcrumb"},"inLanguage":"es","potentialAction":[{"@type":"ReadAction","target":["https:\/\/spanishpanama.com\/es\/accommodations-pty\/"]}]},{"@type":"ImageObject","inLanguage":"es","@id":"https:\/\/spanishpanama.com\/es\/accommodations-pty\/#primaryimage","url":"https:\/\/spanishpanama.com\/wp-content\/uploads\/2023\/05\/WhatsApp-Image-2023-05-06-at-23.21.333.jpeg","contentUrl":"https:\/\/spanishpanama.com\/wp-content\/uploads\/2023\/05\/WhatsApp-Image-2023-05-06-at-23.21.333.jpeg"},{"@type":"BreadcrumbList","@id":"https:\/\/spanishpanama.com\/es\/accommodations-pty\/#breadcrumb","itemListElement":[{"@type":"ListItem","position":1,"name":"Home","item":"https:\/\/spanishpanama.com\/es\/"},{"@type":"ListItem","position":2,"name":"ALOJAMIENTOS SPANISH PANAMA PTY"}]},{"@type":"WebSite","@id":"https:\/\/spanishpanama.com\/#website","url":"https:\/\/spanishpanama.com\/","name":"Spanish Classes In Panama | Learn Spanish Abroad | Spanish Language Immersion Programs","description":"Spanish language school in Panama City, Republic of Panama","potentialAction":[{"@type":"SearchAction","target":{"@type":"EntryPoint","urlTemplate":"https:\/\/spanishpanama.com\/?s={search_term_string}"},"query-input":{"@type":"PropertyValueSpecification","valueRequired":true,"valueName":"search_term_string"}}],"inLanguage":"es"}]}},"_links":{"self":[{"href":"https:\/\/spanishpanama.com\/es\/wp-json\/wp\/v2\/pages\/9000","targetHints":{"allow":["GET"]}}],"collection":[{"href":"https:\/\/spanishpanama.com\/es\/wp-json\/wp\/v2\/pages"}],"about":[{"href":"https:\/\/spanishpanama.com\/es\/wp-json\/wp\/v2\/types\/page"}],"author":[{"embeddable":true,"href":"https:\/\/spanishpanama.com\/es\/wp-json\/wp\/v2\/users\/1"}],"replies":[{"embeddable":true,"href":"https:\/\/spanishpanama.com\/es\/wp-json\/wp\/v2\/comments?post=9000"}],"version-history":[{"count":5,"href":"https:\/\/spanishpanama.com\/es\/wp-json\/wp\/v2\/pages\/9000\/revisions"}],"predecessor-version":[{"id":10196,"href":"https:\/\/spanishpanama.com\/es\/wp-json\/wp\/v2\/pages\/9000\/revisions\/10196"}],"wp:attachment":[{"href":"https:\/\/spanishpanama.com\/es\/wp-json\/wp\/v2\/media?parent=9000"}],"curies":[{"name":"wp","href":"https:\/\/api.w.org\/{rel}","templated":true}]}}